{"id":1690,"date":"2019-06-30T23:32:54","date_gmt":"2019-06-30T21:32:54","guid":{"rendered":"https:\/\/bluepreven.es\/agesmed\/?page_id=1690"},"modified":"2019-07-20T23:09:25","modified_gmt":"2019-07-20T21:09:25","slug":"n-basicas-epis","status":"publish","type":"page","link":"https:\/\/bluepreven.es\/agesmed\/n-basicas-epis\/","title":{"rendered":"N.B\u00e1sicas EPIs"},"content":{"rendered":"<div id=\"cs-content\" class=\"cs-content\"  >\n<div class=\"e1690-1 x-section\">\n      \n<div class=\"e1690-2 x-container max width\">\n    \n<div class=\"e1690-3 x-column x-sm x-1-3\">\n    &nbsp;<\/div>\n\n<div class=\"e1690-4 x-column x-sm x-1-3\" data-fade=\"1\" data-x-element=\"column\" data-x-params=\"{&quot;fade&quot;:true}\" style=\"opacity: 0; transform: translate(0, -100px); transition-duration: 2.5s;\">\n    \n<div class=\"e1690-5 x-text button x-acc-header button-title-pages0041 x-text-headline\">\n  <div class=\"x-text-content\"><div class=\"x-text-content-text\"><h1 class=\"x-text-content-text-primary\"><p style=\"text-align: center;\"><strong>NORMAS B\u00c1SICAS<\/strong><\/p><\/h1><span class=\"x-text-content-text-subheadline\"><p style=\"text-align: center;\"><span style=\"color: #ffffff;\">Regulaci\u00f3n Vigente<\/span><\/p><\/span><\/div><\/div><\/div>\n<\/div>\n\n<div class=\"e1690-6 x-column x-sm x-1-3\">\n    &nbsp;<\/div>\n<\/div>\n    <\/div>\n\n<div class=\"e1690-7 x-section\">\n      \n<div class=\"e1690-8 x-container\">\n    \n<div class=\"e1690-9 x-column x-sm x-1-1\">\n    \n<div class=\"e1690-10 x-text\">\n  <p style=\"text-align: center;\">\n<div class=\"e cs-content x-global-block x-global-block-1860\">\n  \n<div class=\"e1860-1 x-section\">\n      \n<div class=\"e1860-2 x-container\">\n    \n<div class=\"e1860-3 x-column x-sm x-1-3\">\n    \n<div class=\"e1860-4 x-text\">\n  <p style=\"text-align: center;\"><span style=\"color: #ffffff;\">-<\/span><\/p>\n<p style=\"text-align: center;\"><strong style=\"text-align: center;\">Normativa Vigente<\/strong><\/p>\n<p style=\"text-align: center;\"><img loading=\"lazy\" decoding=\"async\" src=\"https:\/\/bluepreven.es\/agesmed\/wp-content\/uploads\/2019\/05\/9.1-300x9.jpg\" alt=\"\" width=\"300\" height=\"9\" class=\"alignnone size-medium wp-image-392\" srcset=\"https:\/\/bluepreven.es\/agesmed\/wp-content\/uploads\/2019\/05\/9.1-300x9.jpg 300w, https:\/\/bluepreven.es\/agesmed\/wp-content\/uploads\/2019\/05\/9.1-600x18.jpg 600w, https:\/\/bluepreven.es\/agesmed\/wp-content\/uploads\/2019\/05\/9.1-768x23.jpg 768w, https:\/\/bluepreven.es\/agesmed\/wp-content\/uploads\/2019\/05\/9.1-1024x31.jpg 1024w, https:\/\/bluepreven.es\/agesmed\/wp-content\/uploads\/2019\/05\/9.1.jpg 1885w\" sizes=\"auto, (max-width: 300px) 100vw, 300px\" \/><\/p>\n<p style=\"text-align: justify;\"><span>La utilizaci\u00f3n de los EPI,s. viene establecida en el<br \/>\n<\/span><a title=\"Real Decreto 773\/1997, de 30 de mayo, sobre disposiciones m\u00ednimas de seguridad y salud relativas a la utilizaci\u00f3n por los trabajadores de equipos de protecci\u00f3n individual. \" href=\"https:\/\/drive.google.com\/file\/d\/12zp3DPsaoJ9hvPGtf73Gn35kHNTUo41j\/view?usp=sharing\" target=\"_blank\" rel=\"noopener\">R.D. 773\/1997<\/a> (Directiva 89\/656\/CEE) y en el <br \/>\n<a title=\"El nuevo Reglamento (UE) 2016\/425 es el resultado de adaptar la Directiva 89\/686\/CEE al NUEVO MARCO LEGISLATIVO (NLF) establecido por la DECISI\u00d3N N\u00ba 768\/2008\/CE y el REGLAMENTO (CE) N\u00ba 765\/2008\" href=\"https:\/\/drive.google.com\/file\/d\/1RO8YWyMXpKSWwoH4L9s0J-MPDrw1GVOf\/view\" target=\"_blank\" rel=\"noopener\">Reglamento (UE) 2016\/425.<\/a><\/p>\n<p><img loading=\"lazy\" decoding=\"async\" src=\"https:\/\/bluepreven.es\/agesmed\/wp-content\/uploads\/2019\/06\/anticaida_400x328-300x246.png\" alt=\"\" width=\"300\" height=\"246\" class=\"circle_image02 border-radius-img aligncenter wp-image-1394 size-medium\" srcset=\"https:\/\/bluepreven.es\/agesmed\/wp-content\/uploads\/2019\/06\/anticaida_400x328-300x246.png 300w, https:\/\/bluepreven.es\/agesmed\/wp-content\/uploads\/2019\/06\/anticaida_400x328-30x25.png 30w, https:\/\/bluepreven.es\/agesmed\/wp-content\/uploads\/2019\/06\/anticaida_400x328.png 400w\" sizes=\"auto, (max-width: 300px) 100vw, 300px\" \/><\/p><\/div>\n<\/div>\n\n<div class=\"e1860-5 x-column x-sm x-1-3\">\n    \n<div class=\"e1860-6 x-text\">\n  <h3 style=\"text-align: center;\"><span style=\"color: #ffffff;\">-<\/span><\/h3>\n<h3 style=\"text-align: center;\"><strong>Regulaci\u00f3n de los EPI,s. - PS<\/strong><strong style=\"font-size: 16px;\"><br \/>\n<\/strong><\/h3>\n<p style=\"text-align: center;\"><img loading=\"lazy\" decoding=\"async\" src=\"https:\/\/bluepreven.es\/agesmed\/wp-content\/uploads\/2019\/05\/9.1-300x9.jpg\" alt=\"\" width=\"380\" height=\"9\" class=\"alignnone wp-image-392\" \/><\/p>\n<p style=\"text-align: justify;\">Los EPI,s. est\u00e1n regulados \u201cdoblemente\" en nuestro Ordenamiento Jur\u00eddico; por un lado,\u00a0 el RD. 773\/1997 de 30 de mayo, cuyo principal objetivo es la \"<strong>seguridad y salud en el trabajo<\/strong>\", que establece las disposiciones m\u00ednimas que garanticen la adecuada protecci\u00f3n del trabajador al utilizarlos y, por otro lado, el nuevo Reglamento (UE) 2016\/425, <span style=\"color: #ff6600;\"><strong>[[<\/strong><\/span>que sustituye al RD. 1407\/1992 (Directiva 89\/686\/CEE)<strong><span style=\"color: #ff6600;\">]]<\/span><\/strong><span style=\"font-size: 13.3333px;\">, <\/span>en relaci\u00f3n\u00a0 a la \"<strong>seguridad del producto<\/strong>\", estableciendo a su vez\u00a0 los requisitos que cumplir\u00e1n los EPI,s. desde la fase de dise\u00f1o y fabricaci\u00f3n, hasta su comercializaci\u00f3n, <span>garantizando la seguridad\u00a0 y salud de los trabajadores que los utilicen.<\/span><span><\/span><\/p>\n<p><a title=\"Nota informativa sobre las principales normas t\u00e9cnicas para\nEquipos de Protecci\u00f3n Individual (EPI) y Productos Sanitarios (PS),\nen base a la legislaci\u00f3n europea de producto (marcado CE)\n\" href=\"https:\/\/drive.google.com\/file\/d\/1aexsMdGv0yz9Xh1T71rC97Ow-7Hkk1RU\/view?usp=sharing\" target=\"_blank\" rel=\"noopener\">Listado V.4 Actualizado en Noviembre 2020 EPI - PS<\/a><\/p>\n<p style=\"text-align: center;\"><span style=\"color: #ffffff;\">-<\/span><\/p>\n<p><img loading=\"lazy\" decoding=\"async\" src=\"https:\/\/bluepreven.es\/agesmed\/wp-content\/uploads\/2019\/05\/obligacion3.1-300x155.jpg\" alt=\"\" width=\"300\" height=\"155\" class=\"alignnone size-medium wp-image-71 aligncenter\" srcset=\"https:\/\/bluepreven.es\/agesmed\/wp-content\/uploads\/2019\/05\/obligacion3.1-300x155.jpg 300w, https:\/\/bluepreven.es\/agesmed\/wp-content\/uploads\/2019\/05\/obligacion3.1-600x309.jpg 600w, https:\/\/bluepreven.es\/agesmed\/wp-content\/uploads\/2019\/05\/obligacion3.1.jpg 699w\" sizes=\"auto, (max-width: 300px) 100vw, 300px\" \/><\/p><\/div>\n<\/div>\n\n<div class=\"e1860-7 x-column x-sm x-1-3\">\n    \n<div class=\"e1860-8 x-text\">\n  <p style=\"text-align: center;\"><span style=\"color: #ffffff;\">-<\/span><\/p>\n<p style=\"text-align: center;\"><strong style=\"text-align: center;\">Cambios Normativos<\/strong><\/p>\n<p style=\"text-align: center;\"><img loading=\"lazy\" decoding=\"async\" src=\"https:\/\/bluepreven.es\/agesmed\/wp-content\/uploads\/2019\/05\/9.1-300x9.jpg\" alt=\"\" width=\"300\" height=\"9\" class=\"alignnone size-medium wp-image-392\" srcset=\"https:\/\/bluepreven.es\/agesmed\/wp-content\/uploads\/2019\/05\/9.1-300x9.jpg 300w, https:\/\/bluepreven.es\/agesmed\/wp-content\/uploads\/2019\/05\/9.1-600x18.jpg 600w, https:\/\/bluepreven.es\/agesmed\/wp-content\/uploads\/2019\/05\/9.1-768x23.jpg 768w, https:\/\/bluepreven.es\/agesmed\/wp-content\/uploads\/2019\/05\/9.1-1024x31.jpg 1024w, https:\/\/bluepreven.es\/agesmed\/wp-content\/uploads\/2019\/05\/9.1.jpg 1885w\" sizes=\"auto, (max-width: 300px) 100vw, 300px\" \/><\/p>\n<p style=\"text-align: justify;\"><span>La Directiva 89\/686\/CEE, traspuesta al ordenamiento jur\u00eddico nacional por el <a title=\"Real Decreto 1407\/1992, de 20\/11, por el que se regulan las condiciones para la \ncomercializaci\u00f3n y libre circulaci\u00f3n intracomunitaria de los EPI\">RD. 1407\/1992, <\/a>\u00a0es sustituida por el <strong><a title=\"El Reglamento (UE) 2016\/425 es el resultado de aplicar la nueva \nlegislaci\u00f3n comunitaria (NLF) a la Directiva 89\/686\">Reglamento (UE) 2016\/425., <\/a><\/strong>en cumplimiento del <a title=\"Nuevo Marco Legislativo establecido por la DECISI\u00d3N N\u00ba 768\/2008\/CE y el REGLAMENTO (CE) N\u00ba 765\/2008\">NLF.<\/a><\/span><\/p>\n<p><img loading=\"lazy\" decoding=\"async\" src=\"https:\/\/bluepreven.es\/agesmed\/wp-content\/uploads\/2019\/05\/spa-1.png\" alt=\"\" width=\"400\" height=\"223\" class=\"circle_image02 border-radius-img aligncenter wp-image-552 size-full\" srcset=\"https:\/\/bluepreven.es\/agesmed\/wp-content\/uploads\/2019\/05\/spa-1.png 400w, https:\/\/bluepreven.es\/agesmed\/wp-content\/uploads\/2019\/05\/spa-1-300x167.png 300w\" sizes=\"auto, (max-width: 400px) 100vw, 400px\" \/><\/p><\/div>\n<\/div>\n<\/div>\n\n<div class=\"e1860-9 x-container\">\n    \n<div class=\"e1860-10 x-column x-sm x-1-1\">\n    \n<div class=\"e1860-11 x-text x-text-headline\">\n  <div class=\"x-text-content\"><div class=\"x-text-content-text\"><h1 class=\"x-text-content-text-primary\"><p style=\"text-align: justify;\"><em>*Los Reglamentos europeos a diferencia de las directivas, son de aplicaci\u00f3n directa y no precisan trasposici\u00f3n.<\/em><\/p><\/h1><\/div><\/div><\/div>\n<\/div>\n<\/div>\n    <\/div>\n<\/div>\n<\/p><\/div>\n<\/div>\n<\/div>\n    <\/div>\n<\/div>\n\n<div class=\"twitter-share\"><a href=\"https:\/\/twitter.com\/intent\/tweet?via=bluepreven\" class=\"twitter-share-button\" data-size=\"large\">Twittear<\/a><\/div>\n","protected":false},"excerpt":{"rendered":"<p>&nbsp; NORMAS B\u00c1SICASRegulaci\u00f3n Vigente &nbsp; &#8211; Normativa Vigente La utilizaci\u00f3n de los EPI,s. viene establecida en el R.D. 773\/1997 (Directiva 89\/656\/CEE) y en el Reglamento (UE) 2016\/425. &#8211; Regulaci\u00f3n de los EPI,s. &#8211; PS Los EPI,s. est\u00e1n regulados \u201cdoblemente\u00bb en nuestro Ordenamiento Jur\u00eddico; por un lado,\u00a0 el RD. 773\/1997 de 30 de mayo, cuyo principal [&hellip;]<\/p>\n","protected":false},"author":1,"featured_media":0,"parent":0,"menu_order":0,"comment_status":"closed","ping_status":"closed","template":"","meta":{"_joinchat":[],"footnotes":""},"class_list":["post-1690","page","type-page","status-publish","hentry"],"amp_enabled":true,"_links":{"self":[{"href":"https:\/\/bluepreven.es\/agesmed\/wp-json\/wp\/v2\/pages\/1690","targetHints":{"allow":["GET"]}}],"collection":[{"href":"https:\/\/bluepreven.es\/agesmed\/wp-json\/wp\/v2\/pages"}],"about":[{"href":"https:\/\/bluepreven.es\/agesmed\/wp-json\/wp\/v2\/types\/page"}],"author":[{"embeddable":true,"href":"https:\/\/bluepreven.es\/agesmed\/wp-json\/wp\/v2\/users\/1"}],"replies":[{"embeddable":true,"href":"https:\/\/bluepreven.es\/agesmed\/wp-json\/wp\/v2\/comments?post=1690"}],"version-history":[{"count":3,"href":"https:\/\/bluepreven.es\/agesmed\/wp-json\/wp\/v2\/pages\/1690\/revisions"}],"predecessor-version":[{"id":1861,"href":"https:\/\/bluepreven.es\/agesmed\/wp-json\/wp\/v2\/pages\/1690\/revisions\/1861"}],"wp:attachment":[{"href":"https:\/\/bluepreven.es\/agesmed\/wp-json\/wp\/v2\/media?parent=1690"}],"curies":[{"name":"wp","href":"https:\/\/api.w.org\/{rel}","templated":true}]}}