{"id":169,"date":"2019-05-14T15:44:13","date_gmt":"2019-05-14T13:44:13","guid":{"rendered":"http:\/\/localhost\/webs06\/bluepreven\/?page_id=169"},"modified":"2020-01-27T21:02:30","modified_gmt":"2020-01-27T20:02:30","slug":"politica-de-cookies","status":"publish","type":"page","link":"https:\/\/bluepreven.es\/agesmed\/politica-de-cookies\/","title":{"rendered":"Politica de Cookies"},"content":{"rendered":"<p style=\"text-align: center;\"><span style=\"font-size: 14px; font-family: verdana, geneva, sans-serif;\"><strong>POL\u00cdTICA DE COOKIES<\/strong><\/span><\/p>\n<p style=\"text-align: center;\"><span style=\"font-size: 14px; font-family: verdana, geneva, sans-serif;\"><strong>UTILIZACI\u00d3N DE COOKIES EN BLUEPREVEN.ES<br \/>\n<\/strong><\/span><\/p>\n<p style=\"text-align: justify;\"><span style=\"font-size: 14px; font-family: verdana, geneva, sans-serif;\">En cumplimiento de la Ley 34\/2002 de 11 de julio, de Servicios de la Sociedad de la Informaci\u00f3n y Comercio Electr\u00f3nico, le informamos de la utilizaci\u00f3n de cookies en las p\u00e1ginas web y aplicaciones de Antonio Moya Dolera, con NIF.: 21.485.721-H, domicilio en C\/ Diana, 5. CP. 03016 &#8211; Alicante, Espa\u00f1a, Tfno.: +34 722 716 700 y correo-e: info@bluepreven.es, tambi\u00e9n denominado como \u00abPRESTADOR\u00bb <\/span><span style=\"font-size: 14px; font-family: verdana, geneva, sans-serif;\">, o \u00abBLUEPREVEN\u00bb,<\/span><span style=\"font-size: 14px; font-family: verdana, geneva, sans-serif;\"> con el fin de facilitar el acceso y mejorar la experiencia a los usuarios, recordar la navegaci\u00f3n efectuada y zonas privadas del sitio web, datos de registro, nombre de usuario y\/o contrase\u00f1a, las preferencias y configuraciones de visualizaci\u00f3n, otra informaci\u00f3n de su inter\u00e9s, etc.<\/span><\/p>\n<p style=\"text-align: justify;\"><span style=\"font-size: 14px; font-family: verdana, geneva, sans-serif;\"><strong>\u00bfQU\u00c9 SON LAS COOKIES?<br \/>\n<\/strong><\/span><br \/>\n<span style=\"font-size: 14px; font-family: verdana, geneva, sans-serif;\">Una cookie es un fichero que se descarga en su ordenador o el dispositivo que utilice (Smartphone, tableta, televisi\u00f3n conectada, etc.) al acceder a determinadas p\u00e1ginas web o aplicaciones. Las cookies permiten, entre otras cosas, recopilar informaci\u00f3n estad\u00edstica, facilitar ciertas funcionalidades t\u00e9cnicas, almacenar y recuperar informaci\u00f3n sobre los h\u00e1bitos de navegaci\u00f3n o preferencias de un usuario o de su equipo y, dependiendo de la informaci\u00f3n que contengan y de la forma en que utilice su equipo, pueden utilizarse para reconocer al usuario.<\/span><\/p>\n<p style=\"text-align: justify;\"><span style=\"font-size: 14px; font-family: verdana, geneva, sans-serif;\">Una cookie se almacena en un ordenador con el fin de identificar al navegador mientras interacciona con nuestras p\u00e1ginas web o aplicaciones. Un sitio web puede establecer una cookie en el navegador si las preferencias de \u00e9ste lo permiten. Un navegador s\u00f3lo permite que un sitio web acceda a las cookies que \u00e9ste establece, no a las que establecen otros sitios Web. En las webs y aplicaciones de\u00a0BLUEPREVEN se utilizan cookies de terceros, que permiten recoger datos an\u00f3nimos estad\u00edsticos sobre las visitas recibidas con el fin de realizar un seguimiento de las campa\u00f1as publicitarias que pudieran estar vigentes en el momento de la visita.<\/span><\/p>\n<p style=\"text-align: justify;\"><span style=\"font-size: 14px; font-family: verdana, geneva, sans-serif;\"><strong>\u00bfPOR QU\u00c9 LAS COOKIES SON IMPORTANTES?<br \/>\n<\/strong><\/span><br \/>\n<span style=\"font-size: 14px; font-family: verdana, geneva, sans-serif;\">Las cookies son utilizadas por a) motivos operativos: Equilibrado y limitaci\u00f3n del tr\u00e1fico como m\u00e9todo de aseguramiento del servicio; b) por facilidad de uso: Hacer m\u00e1s f\u00e1cil y amigable la navegaci\u00f3n en las webs y aplicaciones, por ejemplo, recordar aspectos del usuario como su idioma, pa\u00eds, navegador, etc.<\/span><\/p>\n<p style=\"text-align: justify;\"><span style=\"font-size: 14px; font-family: verdana, geneva, sans-serif;\">Algunas cookies son fundamentales para que pueda utilizar ciertos servicios en las webs.<\/span><br \/>\n<span style=\"font-size: 14px; font-family: verdana, geneva, sans-serif;\">BLUEPREVEN en ning\u00fan caso realiza registro de las actividades que el usuario lleva a cabo en la red ni elabora perfiles de \u00e9ste.<\/span><\/p>\n<p style=\"text-align: justify;\"><span style=\"font-size: 14px; font-family: verdana, geneva, sans-serif;\"><strong>TIPOS DE COOKIES UTILIZADAS POR TERCEROS.-<\/strong><\/span><\/p>\n<p style=\"text-align: justify;\"><span style=\"font-size: 14px; font-family: verdana, geneva, sans-serif;\"><strong>Cookies T\u00e9cnicas:<\/strong> para ayudar a mejorar la calidad de los servicios, preferencias del usuario, anuncios presentados de especial inter\u00e9s, resultados de b\u00fasquedas, rastreo de contenidos consumidos y tendencias de usuario.<\/span><\/p>\n<p style=\"text-align: justify;\"><span style=\"font-size: 14px; font-family: verdana, geneva, sans-serif;\"><strong>Cookies de gesti\u00f3n de promociones:<\/strong> son cookies de terceros utilizadas para la provisi\u00f3n de promociones en nuestras webs y aplicaciones. Permiten recoger datos an\u00f3nimos estad\u00edsticos sobre las visitas recibidas para realizar el seguimiento de una campa\u00f1a promociona. Tambi\u00e9n pueden recoger informaci\u00f3n que incluir\u00e1 IP del usuario y proveedor de internet, normalmente para objetivos de geotargeting o medici\u00f3n de la exposici\u00f3n de ciertos anuncios dependiendo de la configuraci\u00f3n de su navegador y de su comportamiento ante la exposici\u00f3n de campa\u00f1as publicitarias en internet: el n\u00famero de impresiones de un determinado soporte publicitario, el n\u00famero de clics, visitantes a la p\u00e1gina, etc.<\/span><\/p>\n<p style=\"text-align: justify;\"><span style=\"font-size: 14px; font-family: verdana, geneva, sans-serif;\"><strong>Cookies Anal\u00edticas:<\/strong> son utilizadas para realizar el seguimiento sobre el motor de b\u00fasqueda desde el que se ha visitado la web y qu\u00e9 t\u00e9rminos de b\u00fasqueda se utilizaron para encontrarlo, calculan el tiempo pasado en la web en cada sesi\u00f3n y el n\u00famero de veces que el usuario ha visitado la p\u00e1gina. La lista de cookies utilizadas podr\u00e1 modificarse en funci\u00f3n de la incorporaci\u00f3n o exclusi\u00f3n de servicios en las webs y aplicaciones.<\/span><\/p>\n<p style=\"text-align: justify;\"><span style=\"font-size: 14px; font-family: verdana, geneva, sans-serif;\"><strong>Cookies de Registro de Usuario:<\/strong> las Cookies de registro se generan una vez que el Usuario se ha registrado o posteriormente ha abierto su sesi\u00f3n, y se utilizan para identificarle en los Servicios con los siguientes objetivos:<\/span><\/p>\n<p style=\"text-align: justify;\"><span style=\"font-size: 14px; font-family: verdana, geneva, sans-serif;\">Mantener al Usuario identificado de forma que, si cierra un Servicio, el navegador o el ordenador y en otro momento u otro d\u00eda vuelve a entrar en dicho Servicio, seguir\u00e1 identificado, facilitando as\u00ed su navegaci\u00f3n sin tener que volver a identificarse. Esta funcionalidad se puede suprimir si el Usuario pulsa la funcionalidad \u201ccerrar sesi\u00f3n\u201d, de forma que esta Cookie se elimina y la pr\u00f3xima vez que entre en el Servicio el Usuario tendr\u00e1 que iniciar sesi\u00f3n para estar identificado.<\/span><\/p>\n<p style=\"text-align: justify;\"><span style=\"font-size: 14px; font-family: verdana, geneva, sans-serif;\">Comprobar si el Usuario est\u00e1 autorizado para acceder a ciertos Servicios, por ejemplo, para participar en un concurso.<\/span><\/p>\n<p style=\"text-align: justify;\"><span style=\"font-size: 14px; font-family: verdana, geneva, sans-serif;\"><strong>TIPOS DE COOKIES SEG\u00daN VENCIMIENTO.-<\/strong><\/span><\/p>\n<p style=\"text-align: justify;\"><span style=\"font-size: 14px; font-family: verdana, geneva, sans-serif;\">Las Cookies utilizadas en<strong>\u00a0<\/strong>BLUEPREVEN pueden tener los siguientes tipos de vencimientos:<\/span><\/p>\n<p style=\"text-align: justify;\"><span style=\"font-size: 14px; font-family: verdana, geneva, sans-serif;\"><strong>De sesi\u00f3n:<\/strong> Con vencimiento una vez que el usuario sale de la sesi\u00f3n.<\/span><br \/>\n<span style=\"font-size: 14px; font-family: verdana, geneva, sans-serif;\"><strong>De Servicio:<\/strong> Relacionadas con alg\u00fan servicio personalizado dentro del site, con vencimiento inferior a veinticuatro horas (24h).<\/span><br \/>\n<span style=\"font-size: 14px; font-family: verdana, geneva, sans-serif;\"><strong>Persistentes:<\/strong> quedan permanentemente instaladas en tu navegador y son activadas cada vez que visitas el site, siempre y cuando no se desactive su uso.<\/span><\/p>\n<p style=\"text-align: justify;\"><span style=\"font-size: 14px; font-family: verdana, geneva, sans-serif;\"><strong>Configuraci\u00f3n de cookies.-<br \/>\n<\/strong><\/span><br \/>\n<span style=\"font-size: 14px; font-family: verdana, geneva, sans-serif;\">Para conocer la forma en la que configurar la gesti\u00f3n de cookies en su navegador puede consultar los siguientes links de los principales navegadores y dispositivos:<\/span><\/p>\n<p style=\"text-align: justify;\"><span style=\"font-size: 14px; font-family: verdana, geneva, sans-serif;\"><strong>Para Internet Explorer:<br \/>\n<\/strong><\/span><br \/>\n<span style=\"font-size: 14px; font-family: verdana, geneva, sans-serif;\">https:\/\/support.microsoft.com\/es-es\/help\/17442\/windows-internetexplorer-delete-manage-cookies<\/span><\/p>\n<p><span style=\"font-size: 14px; font-family: verdana, geneva, sans-serif;\"><strong>Para Chrome:<br \/>\n<\/strong><\/span><br \/>\n<span style=\"font-size: 14px; font-family: verdana, geneva, sans-serif;\">https:\/\/support.google.com\/chrome\/answer\/95647<\/span><\/p>\n<p><span style=\"font-size: 14px; font-family: verdana, geneva, sans-serif;\"><strong>Para Firefox:<br \/>\n<\/strong><\/span><br \/>\n<span style=\"font-size: 14px; font-family: verdana, geneva, sans-serif;\">https:\/\/support.mozilla.org\/es\/kb\/habilitar-y-deshabilitar-cookies-sitiosweb-rastrear-preferencias<\/span><\/p>\n<p><span style=\"font-size: 14px; font-family: verdana, geneva, sans-serif;\"><strong>Para Blackberry:<br \/>\n<\/strong><\/span><br \/>\n<span style=\"font-size: 14px; font-family: verdana, geneva, sans-serif;\">http:\/\/help.blackberry.com\/en\/blackberry-leap\/10.3.1\/help\/mwa1334238823957.html<\/span><\/p>\n<p><span style=\"font-size: 14px; font-family: verdana, geneva, sans-serif;\"><strong>Para Appel:<br \/>\n<\/strong><\/span><br \/>\n<span style=\"font-size: 14px; font-family: verdana, geneva, sans-serif;\">https:\/\/support.apple.com\/es-es\/HT201265<\/span><\/p>\n<p style=\"text-align: justify;\"><span style=\"font-size: 14px; font-family: verdana, geneva, sans-serif;\"><strong>ACEPTACI\u00d3N DE COOKIES<\/strong><\/span><br \/>\n<span style=\"font-size: 14px; font-family: verdana, geneva, sans-serif;\">Si usted contin\u00faa su navegaci\u00f3n una vez informado sobre la Pol\u00edtica de Cookies, entenderemos que acepta la utilizaci\u00f3n de las cookies por parte de la web y aplicaciones. Sin embargo, si usted lo desea, puede cambiar la configuraci\u00f3n de cookies en cualquier momento, configurando su navegador para aceptar o no las cookies que recibe, o para que el navegador le avise cuando un servidor quiera guardar una cookie.<\/span><\/p>\n<p><span style=\"font-size: 14px; font-family: verdana, geneva, sans-serif;\">Le informamos que en el caso de bloquear o no aceptar la instalaci\u00f3n de cookies, es posible que ciertos servicios no est\u00e9n disponibles sin la utilizaci\u00f3n de \u00e9stas o que no pueda acceder a determinados servicios ni tampoco aprovechar por completo todo lo que nuestras webs y aplicaciones le ofrecen.<\/span><\/p>\n<p><span style=\"font-size: 14px; font-family: verdana, geneva, sans-serif;\">Adem\u00e1s del uso de cookies propias de BLUEPREVEN permitimos a terceros establecer cookies y acceder a ellas en su ordenador. El consentimiento del uso de las cookies de estas empresas est\u00e1 ligado a la navegaci\u00f3n por este sitio<\/span><\/p>\n<p style=\"text-align: justify;\"><span style=\"font-size: 14px; font-family: verdana, geneva, sans-serif;\">BLUEPREVEN le agradece que consienta la aceptaci\u00f3n de cookies, ayudando a obtener datos m\u00e1s precisos que permiten mejorar el contenido y el dise\u00f1o de las p\u00e1ginas webs y aplicaciones en base a sus preferencias.<\/span><\/p>\n<p style=\"text-align: justify;\"><span style=\"font-size: 14px; font-family: verdana, geneva, sans-serif;\">En caso de que\u00a0BLUEPREVEN prestara alg\u00fan tipo de servicio especial en el que determine unas previsiones espec\u00edficas diferentes a \u00e9stas en lo relativo a la protecci\u00f3n de datos personales y la utilizaci\u00f3n de cookies, prevalecer\u00e1n las normas particulares indicadas para ese servicio en particular sobre las presentes.<\/span><\/p>\n<p style=\"text-align: justify;\"><span style=\"font-size: 14px; font-family: verdana, geneva, sans-serif;\">Al acceder a este sitio web o aplicaci\u00f3n por primera vez, ver\u00e1 una ventana donde se le informa de la utilizaci\u00f3n de las cookies y donde puede consultar esta <strong>\u201cPol\u00edtica de cookies\u201d<\/strong>. Si usted consiente la utilizaci\u00f3n de cookies, contin\u00faa navegando o hace clic en alg\u00fan link se entender\u00e1 que usted ha consentido nuestra pol\u00edtica de cookies y por tanto la instalaci\u00f3n de las mismas en su equipo o dispositivo.<\/span><\/p>\n<p>Si lo desea, puede leer en el siguiente enlace informaci\u00f3n gen\u00e9rica acerca de las Cookies. <a href=\"mas-informacion-sobre-las-cookies\"><span class=\"zatonis-juran14\"> Informaci\u00f3n y Enlaces<\/span><\/a><\/p>\n\n<div class=\"twitter-share\"><a href=\"https:\/\/twitter.com\/intent\/tweet?via=bluepreven\" class=\"twitter-share-button\" data-size=\"large\">Twittear<\/a><\/div>\n","protected":false},"excerpt":{"rendered":"<p>POL\u00cdTICA DE COOKIES UTILIZACI\u00d3N DE COOKIES EN BLUEPREVEN.ES En cumplimiento de la Ley 34\/2002 de 11 de julio, de Servicios de la Sociedad de la Informaci\u00f3n y Comercio Electr\u00f3nico, le informamos de la utilizaci\u00f3n de cookies en las p\u00e1ginas web y aplicaciones de Antonio Moya Dolera, con NIF.: 21.485.721-H, domicilio en C\/ Diana, 5. CP. [&hellip;]<\/p>\n","protected":false},"author":1,"featured_media":0,"parent":0,"menu_order":0,"comment_status":"closed","ping_status":"closed","template":"","meta":{"_joinchat":[],"footnotes":""},"class_list":["post-169","page","type-page","status-publish","hentry"],"amp_enabled":true,"_links":{"self":[{"href":"https:\/\/bluepreven.es\/agesmed\/wp-json\/wp\/v2\/pages\/169","targetHints":{"allow":["GET"]}}],"collection":[{"href":"https:\/\/bluepreven.es\/agesmed\/wp-json\/wp\/v2\/pages"}],"about":[{"href":"https:\/\/bluepreven.es\/agesmed\/wp-json\/wp\/v2\/types\/page"}],"author":[{"embeddable":true,"href":"https:\/\/bluepreven.es\/agesmed\/wp-json\/wp\/v2\/users\/1"}],"replies":[{"embeddable":true,"href":"https:\/\/bluepreven.es\/agesmed\/wp-json\/wp\/v2\/comments?post=169"}],"version-history":[{"count":14,"href":"https:\/\/bluepreven.es\/agesmed\/wp-json\/wp\/v2\/pages\/169\/revisions"}],"predecessor-version":[{"id":2360,"href":"https:\/\/bluepreven.es\/agesmed\/wp-json\/wp\/v2\/pages\/169\/revisions\/2360"}],"wp:attachment":[{"href":"https:\/\/bluepreven.es\/agesmed\/wp-json\/wp\/v2\/media?parent=169"}],"curies":[{"name":"wp","href":"https:\/\/api.w.org\/{rel}","templated":true}]}}