{"id":167,"date":"2019-05-14T15:43:01","date_gmt":"2019-05-14T13:43:01","guid":{"rendered":"http:\/\/localhost\/webs06\/bluepreven\/?page_id=167"},"modified":"2020-01-27T20:04:45","modified_gmt":"2020-01-27T19:04:45","slug":"politica-de-privacidad","status":"publish","type":"page","link":"https:\/\/bluepreven.es\/agesmed\/politica-de-privacidad\/","title":{"rendered":"Politica de Privacidad"},"content":{"rendered":"<p style=\"text-align: center;\"><span style=\"font-size: 14px; font-family: verdana, geneva, sans-serif; color: #808080;\"><strong>POL\u00cdTICA DE PRIVACIDAD<\/strong><\/span><\/p>\n<p style=\"text-align: justify;\"><span style=\"color: #808080;\"><span style=\"font-size: 14px; font-family: verdana, geneva, sans-serif;\">En cumplimiento del Cap\u00edtulo II de la ley 34\/2002, LSSICE, les informamos que la presente p\u00e1gina web es propiedad de Antonio Moya D\u00f3lera, en adelante tambi\u00e9n denominado como \u00abBLUEPREVEN\u00bb o \u00abPrestador\u00bb, con NIF.: 21.485.721-H<strong>\u00a0<\/strong>y domicilio fiscal en C\/ Diana, 5 &#8211; CP. 03016 de Alicante, Espa\u00f1a, tel\u00e9fono de contacto: +34 722 716 700 y correo-e: <a style=\"color: #808080;\" title=\"Correo-e\" href=\"mailto:info@bluepreven.es\" target=\"_blank\" rel=\"nofollow noopener noreferrer\">info@bluepreven.es<\/a>.<\/span><\/span><\/p>\n<p style=\"text-align: justify;\"><span style=\"font-family: verdana, geneva, sans-serif; font-size: 14px; color: #808080;\">En \u201cBLUEPREVEN\u201d tratamos la informaci\u00f3n que nos proporciona con el fin de prestarle el servicio solicitado, enviar al lugar designado sus compras y suscripciones, ya sea por correo postal o electr\u00f3nico, respectivamente, as\u00ed como la facturaci\u00f3n y contabilidad, gesti\u00f3n tributaria y fiscalidad, etc.<\/span><\/p>\n<p style=\"text-align: justify;\"><span style=\"font-family: verdana, geneva, sans-serif; font-size: 14px; color: #808080;\">Es necesario que nos preste su consentimiento \u00a0para que podamos gestionar sus datos de car\u00e1cter personal.<\/span><\/p>\n<p style=\"text-align: justify;\"><span style=\"font-family: verdana, geneva, sans-serif; font-size: 14px; color: #808080;\">Los datos proporcionados se conservar\u00e1n durante toda la relaci\u00f3n comercial, o el tiempo legalmente establecido, no siendo cedidos a \u00a0terceros, salvo en los casos en que exista una obligaci\u00f3n legal. Tiene derecho a obtener informaci\u00f3n veraz acerca del tratamiento que realizamos sobre los datos personales y ejercitar, en su caso, sus derechos de acceso, rectificaci\u00f3n, supresi\u00f3n, portabilidad, oposici\u00f3n y limitaci\u00f3n ante Antonio Moya D\u00f3lera, con domicilio en C\/ Diana, 5. C.P. 03016 Alicante o en la direcci\u00f3n de correo electr\u00f3nico info@blueproeven.es, adjuntando copia de su DNI o documento equivalente.\u00a0 Asimismo, y especialmente si considera que no ha obtenido satisfacci\u00f3n plena en el ejercicio de sus derechos, podr\u00e1 presentar una reclamaci\u00f3n ante la autoridad nacional de control dirigi\u00e9ndose a estos efectos a la Agencia Espa\u00f1ola de Protecci\u00f3n de Datos, C\/ Jorge Juan, 6 \u2013 28001 Madrid.<\/span><\/p>\n<p><span style=\"color: #808080;\"><strong style=\"font-size: 16px; text-align: justify;\"><span style=\"font-size: 14px; font-family: verdana, geneva, sans-serif;\">ACEPTACI\u00d3N Y CONSENTIMIENTO.-<\/span><\/strong><\/span><\/p>\n<p style=\"text-align: justify;\"><span style=\"color: #808080;\"><span style=\"font-size: 14px; font-family: verdana, geneva, sans-serif;\">El Usuario declara haber sido informado de las condiciones sobre protecci\u00f3n de datos de car\u00e1cter personal, aceptando y consintiendo el tratamiento automatizado de los mismos por parte de BLUEPREVEN en la forma y para las finalidades indicadas en la presente Pol\u00edtica de P<\/span><span style=\"font-size: 14px; font-family: verdana, geneva, sans-serif;\">rivacidad.<br \/>\n<\/span><\/span><\/p>\n<p style=\"text-align: justify;\"><span style=\"font-size: 14px; font-family: verdana, geneva, sans-serif; color: #808080;\"><strong>EXACTITUD Y VERACIDAD DE LOS DATOS.-<\/strong><br \/>\n<\/span><br \/>\n<span style=\"font-size: 14px; font-family: verdana, geneva, sans-serif; color: #808080;\">El usuario es el \u00fanico responsable de la veracidad y correcci\u00f3n de los datos que remita a BLUEPREVEN exonerando al Prestador de cualquier responsabilidad al respecto. Los usuarios garantizan y responden, en cualquier caso, de la exactitud, vigencia y autenticidad de los datos personales facilitados, y se comprometen a mantenerlos debidamente actualizados. El usuario acepta proporcionar informaci\u00f3n completa y correcta en el formulario de registro o suscripci\u00f3n.<\/span><\/p>\n<p style=\"text-align: justify;\"><span style=\"color: #808080;\"><strong><span style=\"font-size: 14px; font-family: verdana, geneva, sans-serif;\">CONTENIDO DE LA WEB Y ENLACES (LINKS).-<br \/>\n<\/span><\/strong><\/span><br \/>\n<span style=\"font-size: 14px; font-family: verdana, geneva, sans-serif; color: #808080;\">BLUEPREVEN se reserva el derecho a actualizar, modificar o eliminar la informaci\u00f3n general contenida en la web, pudiendo incluso limitar, o no permitir, el acceso a la misma.<\/span><\/p>\n<p style=\"text-align: justify;\"><span style=\"font-size: 14px; font-family: verdana, geneva, sans-serif; color: #808080;\">BLUEPREVEN no asume ning\u00fan tipo de responsabilidad por la informaci\u00f3n contenida en las Webs de terceros a las que se pueda acceder, a trav\u00e9s de \u00abenlaces\u00bb, de cualquiera de las p\u00e1ginas Web propiedad del Prestador. La presencia de \u00abenlaces\u00bb o \u00ablinks\u00bb s\u00f3lo tienen finalidad informativa y en ning\u00fan caso supone ninguna sugerencia, invitaci\u00f3n o reconocimiento sobre los mismos.<\/span><\/p>\n<p style=\"text-align: justify;\"><span style=\"color: #808080;\"><strong><span style=\"font-size: 14px; font-family: verdana, geneva, sans-serif;\">CAMBIOS EN LA PRESENTE POL\u00cdTICA DE PRIVACIDAD.-<br \/>\n<\/span><\/strong><\/span><br \/>\n<span style=\"font-size: 14px; font-family: verdana, geneva, sans-serif; color: #808080;\">BLUEPREVEN se reserva el derecho a modificar la presente pol\u00edtica para adaptarla a novedades legislativas o jurisprudenciales.<\/span><\/p>\n<p style=\"text-align: justify;\"><span style=\"color: #808080;\"><strong><span style=\"font-size: 14px; font-family: verdana, geneva, sans-serif;\">CORREOS COMERCIALES.-<br \/>\n<\/span><\/strong><\/span><br \/>\n<span style=\"font-size: 14px; font-family: verdana, geneva, sans-serif; color: #808080;\">De acuerdo con la LSSICE,\u00a0BLUEPREVEN no realiza pr\u00e1cticas de SPAM, por lo tanto, no env\u00eda correos comerciales por e-mail que no hayan sido previamente solicitados o autorizados por el Usuario. En consecuencia, en cada uno de los formularios de la P\u00e1gina Web, el Usuario tiene la posibilidad de dar su consentimiento expreso para recibir nuestro Bolet\u00edn, con independencia de la informaci\u00f3n comercial puntualmente solicitada.<\/span><\/p>\n<p style=\"text-align: center;\"><span style=\"color: #808080;\"><strong><span style=\"font-size: 14px; font-family: verdana, geneva, sans-serif;\">Programas y Aplicaciones Principales<\/span><\/strong><\/span><\/p>\n<p style=\"text-align: justify;\"><span style=\"color: #808080;\"><strong><span style=\"font-size: 14px; font-family: verdana, geneva, sans-serif;\">1. <a href=\"https:\/\/es.wordpress.org\/\">WORDPRESS<\/a><br \/>\n<\/span><\/strong><\/span><\/p>\n<p style=\"text-align: justify;\"><span style=\"color: #808080;\"><strong><span style=\"font-size: 14px; font-family: verdana, geneva, sans-serif;\">2. <a href=\"https:\/\/www.prestashop.com\/es\">PRESTASHOP<\/a><\/span><\/strong><\/span><\/p>\n<p style=\"text-align: justify;\"><span style=\"color: #808080;\"><strong><span style=\"font-size: 14px; font-family: verdana, geneva, sans-serif;\">3. <a href=\"https:\/\/www.google.com\/recaptcha\/intro\/v3.html\">RECAPTCHA v.3<\/a><br \/>\n<\/span><\/strong><\/span><\/p>\n<p style=\"text-align: justify;\"><span style=\"color: #808080;\">(Vea toda la informaci\u00f3n y sus pol\u00edticas en la web de sus respectivos desarrolladores)<\/span><\/p>\n<p style=\"text-align: justify;\"><span style=\"font-size: 14px; font-family: verdana, geneva, sans-serif; color: #808080;\"><strong>RESUMEN.-<\/strong> <\/span><\/p>\n<p style=\"text-align: justify;\"><span style=\"font-size: 14px; font-family: verdana, geneva, sans-serif; color: #808080;\">Cuando los visitantes dejan comentarios en la web, las aplicaciones analizan ciertos datos, tales como la direcci\u00f3n IP, la cadena de agentes de usuario del navegador, etc., para ayudar en la detecci\u00f3n de spam.<\/span><\/p>\n<p style=\"text-align: justify;\"><span style=\"font-size: 14px; font-family: verdana, geneva, sans-serif; color: #808080;\">Una cadena an\u00f3nima creada a partir de tu direcci\u00f3n de correo electr\u00f3nico (tambi\u00e9n llamada hash) puede ser proporcionada al servicio de <strong>Gravatar<\/strong> para ver si la est\u00e1s usando. La pol\u00edtica de privacidad del servicio <strong>Gravatar<\/strong> est\u00e1 disponible aqu\u00ed: <a style=\"color: #808080;\" title=\"Gravatar\" href=\"https:\/\/automattic.com\/privacy\/\" target=\"_blank\" rel=\"nofollow noopener noreferrer\">https:\/\/automattic.com\/privacy\/<\/a>. Despu\u00e9s de la aprobaci\u00f3n de tu comentario, la imagen de tu perfil es visible para el p\u00fablico en el contexto de su comentario.<\/span><\/p>\n<p style=\"text-align: justify;\"><span style=\"color: #808080;\"><strong><span style=\"font-size: 14px; font-family: verdana, geneva, sans-serif;\">Medios:<br \/>\n<\/span><\/strong><\/span><br \/>\n<span style=\"font-size: 14px; font-family: verdana, geneva, sans-serif; color: #808080;\">Si subes im\u00e1genes a la web deber\u00edas evitar subir im\u00e1genes con datos de ubicaci\u00f3n (GPS EXIF) incluidos. Los visitantes de la web pueden descargar y extraer cualquier dato de localizaci\u00f3n de las im\u00e1genes de la web.<\/span><\/p>\n<p style=\"text-align: justify;\"><span style=\"color: #808080;\"><strong><span style=\"font-size: 14px; font-family: verdana, geneva, sans-serif;\">Formularios de contacto:<br \/>\n<\/span><\/strong><\/span><br \/>\n<span style=\"color: #808080;\"><strong><span style=\"font-size: 14px; font-family: verdana, geneva, sans-serif;\">Cookies:<br \/>\n<\/span><\/strong><\/span><br \/>\n<span style=\"font-size: 14px; font-family: verdana, geneva, sans-serif; color: #808080;\">Si dejas un comentario en nuestro sitio puedes elegir guardar tu nombre, direcci\u00f3n de correo electr\u00f3nico y web en cookies. Esto es para tu comodidad, para que no tengas que volver a rellenar tus datos cuando dejes otro comentario. Estas cookies tendr\u00e1n una duraci\u00f3n temporal.<\/span><\/p>\n<p style=\"text-align: justify;\"><span style=\"font-size: 14px; font-family: verdana, geneva, sans-serif; color: #808080;\">Si tienes una cuenta y te conectas a este sitio web, se instalar\u00e1 una cookie temporal, en caso de que tu navegador acepta cookies. Esta cookie no contiene datos personales y se elimina al cerrar el navegador.<\/span><\/p>\n<p style=\"text-align: justify;\"><span style=\"font-size: 14px; font-family: verdana, geneva, sans-serif; color: #808080;\">Cuando inicias sesi\u00f3n, tambi\u00e9n se instalar\u00e1n varias cookies para guardar tu informaci\u00f3n de inicio de sesi\u00f3n y tus opciones de visualizaci\u00f3n de pantalla. Las cookies de inicio de sesi\u00f3n duran dos d\u00edas, y las cookies de opciones de pantalla duran un a\u00f1o. Si seleccionas \u00abRecordarme\u00bb, tu inicio de sesi\u00f3n perdurar\u00e1 durante dos semanas. Si sales de tu cuenta, las cookies de inicio de sesi\u00f3n se eliminar\u00e1n.<\/span><\/p>\n<p style=\"text-align: justify;\"><span style=\"font-size: 14px; font-family: verdana, geneva, sans-serif; color: #808080;\">Si editas o publicas un art\u00edculo se guardar\u00e1 una cookie adicional en tu navegador. Esta cookie no incluye datos personales y simplemente indica el ID del art\u00edculo que acabas de editar. Caduca despu\u00e9s de 1 d\u00eda.<\/span><\/p>\n<p style=\"text-align: justify;\"><span style=\"color: #808080;\"><strong><span style=\"font-size: 14px; font-family: verdana, geneva, sans-serif;\">Contenido incrustado de otros sitios web:<br \/>\n<\/span><\/strong><\/span><br \/>\n<span style=\"font-size: 14px; font-family: verdana, geneva, sans-serif; color: #808080;\">Los art\u00edculos de este sitio pueden incluir contenido incrustado (por ejemplo, v\u00eddeos, im\u00e1genes, art\u00edculos, etc.). El contenido incrustado de otras web se comporta exactamente de la misma manera que si el visitante hubiera visitado la otra web.<\/span><\/p>\n<p style=\"text-align: justify;\"><span style=\"font-size: 14px; font-family: verdana, geneva, sans-serif; color: #808080;\">Estas web pueden recopilar datos sobre ti, utilizar cookies, incrustar un seguimiento adicional de terceros, y supervisar tu interacci\u00f3n con ese contenido incrustado, incluido el seguimiento de su interacci\u00f3n con el contenido incrustado si tienes una cuenta y est\u00e1s conectado a esa web.<br \/>\n<\/span><\/p>\n<p style=\"text-align: justify;\"><span style=\"font-size: 14px; font-family: verdana, geneva, sans-serif; color: #808080;\">A todos los efectos, las relaciones entre <strong>BLUEPREVEN<\/strong> con los Usuarios de sus servicios est\u00e1n sometidos a la legislaci\u00f3n y jurisdicci\u00f3n espa\u00f1ola a la que se someten expresamente las partes, siendo competentes por la resoluci\u00f3n de todos los conflictos derivados o relacionados con su uso los Juzgados y Tribunales de Alicante.<\/span><\/p>\n\n<div class=\"twitter-share\"><a href=\"https:\/\/twitter.com\/intent\/tweet?via=bluepreven\" class=\"twitter-share-button\" data-size=\"large\">Twittear<\/a><\/div>\n","protected":false},"excerpt":{"rendered":"<p>POL\u00cdTICA DE PRIVACIDAD En cumplimiento del Cap\u00edtulo II de la ley 34\/2002, LSSICE, les informamos que la presente p\u00e1gina web es propiedad de Antonio Moya D\u00f3lera, en adelante tambi\u00e9n denominado como \u00abBLUEPREVEN\u00bb o \u00abPrestador\u00bb, con NIF.: 21.485.721-H\u00a0y domicilio fiscal en C\/ Diana, 5 &#8211; CP. 03016 de Alicante, Espa\u00f1a, tel\u00e9fono de contacto: +34 722 716 [&hellip;]<\/p>\n","protected":false},"author":1,"featured_media":0,"parent":0,"menu_order":0,"comment_status":"closed","ping_status":"closed","template":"","meta":{"_joinchat":[],"footnotes":""},"class_list":["post-167","page","type-page","status-publish","hentry"],"amp_enabled":true,"_links":{"self":[{"href":"https:\/\/bluepreven.es\/agesmed\/wp-json\/wp\/v2\/pages\/167","targetHints":{"allow":["GET"]}}],"collection":[{"href":"https:\/\/bluepreven.es\/agesmed\/wp-json\/wp\/v2\/pages"}],"about":[{"href":"https:\/\/bluepreven.es\/agesmed\/wp-json\/wp\/v2\/types\/page"}],"author":[{"embeddable":true,"href":"https:\/\/bluepreven.es\/agesmed\/wp-json\/wp\/v2\/users\/1"}],"replies":[{"embeddable":true,"href":"https:\/\/bluepreven.es\/agesmed\/wp-json\/wp\/v2\/comments?post=167"}],"version-history":[{"count":5,"href":"https:\/\/bluepreven.es\/agesmed\/wp-json\/wp\/v2\/pages\/167\/revisions"}],"predecessor-version":[{"id":2357,"href":"https:\/\/bluepreven.es\/agesmed\/wp-json\/wp\/v2\/pages\/167\/revisions\/2357"}],"wp:attachment":[{"href":"https:\/\/bluepreven.es\/agesmed\/wp-json\/wp\/v2\/media?parent=167"}],"curies":[{"name":"wp","href":"https:\/\/api.w.org\/{rel}","templated":true}]}}