{"id":1667,"date":"2019-06-30T20:15:18","date_gmt":"2019-06-30T18:15:18","guid":{"rendered":"https:\/\/bluepreven.es\/agesmed\/?page_id=1667"},"modified":"2019-08-08T00:11:12","modified_gmt":"2019-08-07T22:11:12","slug":"epis","status":"publish","type":"page","link":"https:\/\/bluepreven.es\/agesmed\/epis\/","title":{"rendered":"EPIs."},"content":{"rendered":"<div id=\"cs-content\" class=\"cs-content\"  >\n<div class=\"e1667-1 x-section\">\n      \n<div class=\"e1667-2 x-container max width\">\n    \n<div class=\"e1667-3 x-column x-sm x-1-3\">\n    &nbsp;<\/div>\n\n<div class=\"e1667-4 x-column x-sm x-1-3\" data-fade=\"1\" data-x-element=\"column\" data-x-params=\"{&quot;fade&quot;:true}\" style=\"opacity: 0; transform: translate(0, -100px); transition-duration: 2.5s;\">\n    \n<div class=\"e1667-5 x-text button x-acc-header button-title-pages0041 x-text-headline\">\n  <div class=\"x-text-content\"><div class=\"x-text-content-text\"><h1 class=\"x-text-content-text-primary\"><p style=\"text-align: center;\"><strong>E.P.I,s.<\/strong><\/p><\/h1><span class=\"x-text-content-text-subheadline\"><p style=\"text-align: center;\"><span style=\"color: #ffffff;\">Criterios de Clasificaci\u00f3n<\/span><\/p><\/span><\/div><\/div><\/div>\n<\/div>\n\n<div class=\"e1667-6 x-column x-sm x-1-3\">\n    &nbsp;<\/div>\n<\/div>\n    <\/div>\n\n<div class=\"e1667-7 x-section\">\n      \n<div class=\"e1667-8 x-container marginless-columns\">\n    \n<div class=\"e1667-9 x-column x-sm x-1-1\">\n    \n<div class=\"e1667-10 x-text\">\n  <p style=\"text-align: center;\"><span style=\"color: #ffffff;\">--<\/span><\/p>\n<p style=\"text-align: center;\"><\/p><\/div>\n<\/div>\n<\/div>\n\n<div class=\"e1667-11 x-container\">\n    \n<div class=\"e1667-12 x-column x-sm x-1-1\">\n    \n<div class=\"e1667-13 x-text\">\n  <p style=\"text-align: center;\">\n<div class=\"e cs-content x-global-block x-global-block-1544\">\n  \n<div class=\"e1544-1 x-section\" id=\"#caballo_troya_peqas41\">\n      \n<div class=\"e1544-2 x-container max width\">\n    \n<div class=\"e1544-3 x-column x-sm x-1-3\">\n    &nbsp;<\/div>\n\n<div class=\"e1544-4 x-column x-sm x-1-3\">\n    \n<div class=\"e1544-5 x-text x-text-headline\">\n  <div class=\"x-text-content\"><div class=\"x-text-content-text\"><h1 class=\"x-text-content-text-primary\"><p style=\"text-align: center;\"><strong>Seg\u00fan la Zona Corporal Protegida<br \/>\nSistemas - Antica\u00eddas<\/strong><\/p><\/h1><\/div><\/div><\/div>\n<\/div>\n\n<div class=\"e1544-6 x-column x-sm x-1-3\">\n    &nbsp;<\/div>\n<\/div>\n\n<div class=\"e1544-7 x-container\">\n    \n<div class=\"e1544-8 x-column x-sm x-1-5\">\n    \n<span class=\"e1544-9 x-image\">\n  <img decoding=\"async\" src=\"https:\/\/bluepreven.es\/agesmed\/wp-content\/uploads\/2019\/06\/2088_KF.jpg\" width=\"487\" height=\"500\" alt=\"Image\" loading=\"lazy\">\n<\/span>\n<\/div>\n\n<div class=\"e1544-10 x-column x-sm x-1-5\">\n    \n<div class=\"e1544-11 x-content-area\">\n  <p><div class=\"\"><\/p>\n\n<ul class=\"font-sm\">\n \t<li style=\"margin-top: 2.5em;\">\n<p><strong><a class=\"link-inverted\" href=\"https:\/\/bluepreven.es\/agesmed\/market\/4-proteccion-de-la-cabeza\">Protecci\u00f3n de la Cabeza<\/a><\/strong><\/p>\n<\/li>\n \t<li>\n<p><strong><a class=\"link-inverted\" href=\"https:\/\/bluepreven.es\/agesmed\/market\/32-cabeza\">Cabeza<\/a><\/strong><\/p>\n<\/li>\n        <li>\n<p><strong><a class=\"link-inverted\" href=\"https:\/\/bluepreven.es\/agesmed\/market\/5-ocular\">Ocular<\/a><\/strong><\/p>\n<\/li>\n \t<li>\n<p><strong><a class=\"link-inverted\" href=\"https:\/\/bluepreven.es\/agesmed\/market\/7-auditiva\">Auditiva<\/a><\/strong><\/p>\n<\/li>\n \t<li>\n<p><strong><a class=\"link-inverted\" href=\"https:\/\/bluepreven.es\/agesmed\/market\/8-respiratoria\">Respiratoria<\/a><\/strong><\/p>\n<\/li>\n<\/ul>\n<p><\/div><\/p><\/div>\n<\/div>\n\n<div class=\"e1544-12 x-column x-sm x-1-5\">\n    \n<div class=\"e1544-13 x-content-area\">\n  <p><div class=\"\"><\/p>\n\n<ul class=\"font-sm\">\n \t<li style=\"margin-top: 2.5em;\">\n<p><strong><a class=\"link-inverted\" href=\"https:\/\/bluepreven.es\/agesmed\/market\/6-proteccion-del-cuerpo\">Protecci\u00f3n del Cuerpo<\/a><\/strong><\/p>\n<\/li>\n \t<li>\n<p><strong><a class=\"link-inverted\" href=\"https:\/\/bluepreven.es\/agesmed\/market\/3-proteccion-individual\">Brazos<\/a><\/strong><\/p>\n<\/li>\n \t<li>\n<p><strong><a class=\"link-inverted\" href=\"https:\/\/bluepreven.es\/agesmed\/market\/9-proteccion-de-las-manos\">Manos<\/a><\/strong><\/p>\n<\/li>\n \t<li>\n<p><strong><a class=\"link-inverted\" href=\"https:\/\/bluepreven.es\/agesmed\/market\/3-proteccion-individual\">Piernas<\/a><\/strong><\/p>\n<\/li>\n \t<li>\n<p><strong><a class=\"link-inverted\" href=\"https:\/\/bluepreven.es\/agesmed\/market\/10-proteccion-de-los-pies\">Pies<\/a><\/strong><\/p>\n<\/li>\n<\/ul>\n<p><\/div><\/p><\/div>\n<\/div>\n\n<div class=\"e1544-14 x-column x-sm x-1-5\">\n    \n<div class=\"e1544-15 x-content-area\">\n  <p><div class=\"\"><\/p>\n\n<ul class=\"font-sm\">\n \t<li style=\"margin-top: 2.5em;\">\n<p><strong><a class=\"link-inverted\" href=\"https:\/\/bluepreven.es\/agesmed\/market\/11-proteccion-anticaidas\">Protecci\u00f3n Antica\u00eddas<\/a><\/strong><\/p>\n<\/li>\n \t<li>\n<p><strong><a class=\"link-inverted\" title=\"Sujeci\u00f3n Corporal\" href=\"https:\/\/bluepreven.es\/agesmed\/market\/26-sujecion-del-cuerpo\">Sujeci\u00f3n<\/a><\/strong> - <strong><a title=\"Anclaje\" href=\"https:\/\/bluepreven.es\/agesmed\/market\/28-sistemas-de-anclaje\"> Anclaje <\/a><\/strong><\/p>\n<\/li>\n \t<li>\n<p><strong><a class=\"link-inverted\" title=\"Sistemas Antica\u00edda\" href=\"https:\/\/bluepreven.es\/agesmed\/market\/27-sistemas-anticaidas\">Antica\u00eddas<\/a><\/strong> - <strong><a title=\"Sistemas de Conexi\u00f3n\" href=\"https:\/\/bluepreven.es\/agesmed\/market\/29-sistemas-de-conexion\"> Conexi\u00f3n <\/a><\/strong><\/p>\n<\/li>\n \t<li>\n<p><strong><a class=\"link-inverted\" href=\"https:\/\/bluepreven.es\/agesmed\/market\/30-suspension\">Sistemas de Suspensi\u00f3n<\/a><\/strong><\/p>\n<\/li>\n \t<li>\n<p><strong><a class=\"link-inverted\" href=\"https:\/\/bluepreven.es\/agesmed\/market\/31-salvamento\">Actividad de Salvamento<\/a><\/strong><\/p>\n<\/li>\n<\/ul>\n<p><\/div><\/p><\/div>\n<\/div>\n\n<div class=\"e1544-16 x-column x-sm x-1-5\">\n    \n<span class=\"e1544-17 x-image\">\n  <img decoding=\"async\" src=\"https:\/\/bluepreven.es\/agesmed\/wp-content\/uploads\/2019\/06\/calzado_seguridad_hombre_400x328.png\" width=\"400\" height=\"328\" alt=\"Image\" loading=\"lazy\">\n<\/span>\n<\/div>\n<\/div>\n    <\/div>\n<\/div>\n<\/p><\/div>\n<\/div>\n<\/div>\n    <\/div>\n\n<div class=\"e1667-14 x-section\">\n      \n<div class=\"e1667-15 x-container max width\">\n    \n<div class=\"e1667-16 x-column x-sm x-1-1\">\n    \n<div class=\"e1667-17 x-text\">\n  <p style=\"text-align: center;\">\n<div class=\"e cs-content x-global-block x-global-block-1545\">\n  \n<div class=\"e1545-1 x-section\" id=\"#caballo_troya_peqas41\">\n      \n<div class=\"e1545-2 x-container max width\">\n    \n<div class=\"e1545-3 x-column x-sm x-1-3\">\n    &nbsp;<\/div>\n\n<div class=\"e1545-4 x-column x-sm x-1-3\">\n    \n<div class=\"e1545-5 x-text x-text-headline\">\n  <div class=\"x-text-content\"><div class=\"x-text-content-text\"><h1 class=\"x-text-content-text-primary\"><p style=\"text-align: center;\"><strong>Seg\u00fan el Sector Profesional<\/strong><\/p><\/h1><\/div><\/div><\/div>\n<\/div>\n\n<div class=\"e1545-6 x-column x-sm x-1-3\">\n    &nbsp;<\/div>\n<\/div>\n\n<div class=\"e1545-7 x-container\">\n    \n<div class=\"e1545-8 x-column x-sm x-1-5\">\n    \n<div class=\"e1545-9 x-content-area\">\n  <p><div class=\"\"><\/p>\n\n<ul class=\"font-sm\">\n \t<li>\n<p style=\"text-align: left;\"><strong><a class=\"link-inverted\" href=\"#\">Construcci\u00f3n<\/a><\/strong><\/p>\n<\/li>\n \t<li style=\"text-align: left;\">\n<p><strong><a class=\"link-inverted\" href=\"#\">Obras P\u00fablicas<\/a><\/strong><\/p>\n<\/li>\n \t<li style=\"text-align: left;\">\n<p><strong><a class=\"link-inverted\" href=\"#\">Reformas<\/a><\/strong><\/p>\n<\/li>\n \t<li style=\"text-align: left;\">\n<p><strong><a class=\"link-inverted\" href=\"#\">Aut\u00f3nomos<\/a><\/strong><\/p>\n<\/li>\n \t<li>\n<p style=\"text-align: left;\"><strong><a class=\"link-inverted\" href=\"#\">Subcontratas<\/a><\/strong><\/p>\n<\/li>\n<\/ul>\n<p style=\"text-align: left;\"><\/div><\/p><\/div>\n\n<span class=\"e1545-10 x-image\">\n  <img decoding=\"async\" src=\"https:\/\/bluepreven.es\/agesmed\/wp-content\/uploads\/2019\/07\/Deportiva-poliuretano-malla-HRO-SRC-45.jpg\" width=\"342\" height=\"261\" alt=\"Image\" loading=\"lazy\">\n<\/span>\n<\/div>\n\n<div class=\"e1545-11 x-column x-sm x-1-5\">\n    \n<div class=\"e1545-12 x-content-area\">\n  <p><div class=\"\"><\/p>\n\n<ul class=\"font-sm\">\n \t<li>\n<p style=\"text-align: left;\"><a class=\"link-inverted\" href=\"#\"><strong>Energ\u00e9tico<\/strong><\/a><\/p>\n<\/li>\n \t<li style=\"text-align: left;\">\n<p><strong><a class=\"link-inverted\" href=\"#\">Petr\u00f3leo<\/a><\/strong><\/p>\n<\/li>\n \t<li style=\"text-align: left;\">\n<p><strong><a class=\"link-inverted\" href=\"#\">Gas<\/a><\/strong><\/p>\n<\/li>\n \t<li style=\"text-align: left;\">\n<p><strong><a class=\"link-inverted\" href=\"#\">Sector E\u00f3lico<\/a><\/strong><\/p>\n<\/li>\n \t<li>\n<p style=\"text-align: left;\"><strong><a class=\"link-inverted\" href=\"#\">Alta Tensi\u00f3n<\/a><\/strong><\/p>\n<\/li>\n<\/ul>\n<p><\/div><\/p><\/div>\n\n<span class=\"e1545-13 x-image\">\n  <img decoding=\"async\" src=\"https:\/\/bluepreven.es\/agesmed\/wp-content\/uploads\/2019\/06\/Deportivas-Sport-De-Metal-Ligero.png\" width=\"347.5\" height=\"187.5\" alt=\"Image\" loading=\"lazy\">\n<\/span>\n<\/div>\n\n<div class=\"e1545-14 x-column x-sm x-1-5\">\n    \n<div class=\"e1545-15 x-content-area\">\n  <p><div class=\"\"><\/p>\n\n<ul class=\"font-sm\">\n \t<li>\n<p style=\"text-align: left;\"><strong><a class=\"link-inverted\" href=\"#\">Extractivo<\/a><\/strong><\/p>\n<\/li>\n \t<li style=\"text-align: left;\">\n<p><strong><a class=\"link-inverted\" href=\"#\">Miner\u00eda<\/a><\/strong><\/p>\n<\/li>\n \t<li style=\"text-align: left;\">\n<p><strong><a class=\"link-inverted\" href=\"#\">Pesca<\/a><\/strong><\/p>\n<\/li>\n \t<li style=\"text-align: left;\">\n<p><strong><a class=\"link-inverted\" href=\"#\">Agricultura<\/a><\/strong><\/p>\n<\/li>\n \t<li>\n<p style=\"text-align: left;\"><strong><a class=\"link-inverted\" href=\"#\">Ganader\u00eda<\/a><\/strong><\/p>\n<\/li>\n<\/ul>\n<p><\/div><\/p><\/div>\n\n<span class=\"e1545-16 x-image\">\n  <img decoding=\"async\" src=\"https:\/\/bluepreven.es\/agesmed\/wp-content\/uploads\/2019\/06\/Bota-hoheschuhe-piel-ci-hi-wr-src-negro-40.jpg\" width=\"589\" height=\"482.5\" alt=\"Image\" loading=\"lazy\">\n<\/span>\n<\/div>\n\n<div class=\"e1545-17 x-column x-sm x-1-5\">\n    \n<div class=\"e1545-18 x-content-area\">\n  <p><div class=\"\"><\/p>\n\n<ul class=\"font-sm\">\n \t<li>\n<p style=\"text-align: left;\"><strong><a class=\"link-inverted\" href=\"#\">Industrial<\/a><\/strong><\/p>\n<\/li>\n \t<li style=\"text-align: left;\">\n<p><strong><a class=\"link-inverted\" href=\"#\">Metalurgia<\/a><\/strong><\/p>\n<\/li>\n \t<li style=\"text-align: left;\">\n<p><strong><a class=\"link-inverted\" href=\"#\">Transformaci\u00f3n<\/a><\/strong><\/p>\n<\/li>\n \t<li style=\"text-align: left;\">\n<p><strong><a class=\"link-inverted\" href=\"#\">Qu\u00edmico<\/a><\/strong><\/p>\n<\/li>\n \t<li>\n<p style=\"text-align: left;\"><strong><a class=\"link-inverted\" href=\"#\">Manipuladores<\/a><\/strong><\/p>\n<\/li>\n<\/ul>\n<p><\/div><\/p><\/div>\n\n<span class=\"e1545-19 x-image\">\n  <img decoding=\"async\" src=\"https:\/\/bluepreven.es\/agesmed\/wp-content\/uploads\/2019\/06\/Delta-plus-ZAPATO-MIAMI-PLUS-S1P-SRC-FLEX_695.jpg\" width=\"695\" height=\"392\" alt=\"Image\" loading=\"lazy\">\n<\/span>\n<\/div>\n\n<div class=\"e1545-20 x-column x-sm x-1-5\">\n    \n<div class=\"e1545-21 x-content-area\">\n  <p><div class=\"\"><\/p>\n\n<ul class=\"font-sm\">\n \t<li>\n<p style=\"text-align: left;\"><strong><a class=\"link-inverted\" href=\"#\">Servicios<\/a><\/strong><\/p>\n<\/li>\n \t<li style=\"text-align: left;\">\n<p><strong><a class=\"link-inverted\" href=\"#\">Comercio<\/a><\/strong><\/p>\n<\/li>\n \t<li style=\"text-align: left;\">\n<p><strong><a class=\"link-inverted\" href=\"#\">Oficinas<\/a><\/strong><\/p>\n<\/li>\n \t<li style=\"text-align: left;\">\n<p><strong><a class=\"link-inverted\" href=\"#\">Restauraci\u00f3n<\/a><\/strong><\/p>\n<\/li>\n \t<li>\n<p style=\"text-align: left;\"><strong><a class=\"link-inverted\" href=\"#\">Log\u00edstica<\/a><\/strong><\/p>\n<\/li>\n<\/ul>\n<p><\/div><\/p><\/div>\n\n<span class=\"e1545-22 x-image\">\n  <img decoding=\"async\" src=\"https:\/\/bluepreven.es\/agesmed\/wp-content\/uploads\/2019\/06\/BASGAMMA.jpg\" width=\"395\" height=\"280\" alt=\"Image\" loading=\"lazy\">\n<\/span>\n<\/div>\n<\/div>\n    <\/div>\n<\/div>\n<\/p><\/div>\n<\/div>\n<\/div>\n    <\/div>\n\n<div class=\"e1667-18 x-section\">\n      \n<div class=\"e1667-19 x-container max width\">\n    \n<div class=\"e1667-20 x-column x-sm x-1-1\">\n    \n<div class=\"e1667-21 x-text\">\n  <p style=\"text-align: center;\">\n<div class=\"e cs-content x-global-block x-global-block-1390\">\n  \n<div class=\"e1390-1 x-section\" id=\"prot_ion_200a\">\n      \n<div class=\"e1390-2 x-container\">\n    \n<div class=\"e1390-3 x-column x-sm x-1-3\">\n    &nbsp;<\/div>\n\n<div class=\"e1390-4 x-column x-sm x-1-3\">\n    \n<div class=\"e1390-5 x-text x-text-headline\">\n  <div class=\"x-text-content\"><div class=\"x-text-content-text\"><h1 class=\"x-text-content-text-primary\"><p style=\"text-align: center;\"><strong>Seg\u00fan el Tipo de Riesgo Laboral<\/strong><\/p><\/h1><\/div><\/div><\/div>\n<\/div>\n\n<div class=\"e1390-6 x-column x-sm x-1-3\">\n    &nbsp;<\/div>\n<\/div>\n\n<div class=\"e1390-7 x-container\">\n    \n<div class=\"e1390-8 x-column x-sm x-1-5\">\n    \n<span class=\"e1390-9 x-image\">\n  <img decoding=\"async\" src=\"https:\/\/bluepreven.es\/agesmed\/wp-content\/uploads\/2019\/06\/M\u00c1SCARA-RESPIRATORIA_300x239.png\" width=\"300\" height=\"239\" alt=\"Image\" loading=\"lazy\">\n<\/span>\n<\/div>\n\n<div class=\"e1390-10 x-column x-sm x-1-5\">\n    \n<div class=\"e1390-11 x-content-area\">\n  <p><div class=\"\"><\/p>\n\n<ul class=\"font-sm\">\n \t<li>\n<p><a class=\"link-inverted\" href=\"#\"><strong>Protecci\u00f3n Biol\u00f3gica<\/strong><\/a><\/p>\n<\/li>\n \t<li>\n<p><strong><a class=\"link-inverted\" href=\"#\">Protecci\u00f3n Qu\u00edmica<\/a><\/strong><\/p>\n<\/li>\n \t<li>\n<p><strong><a class=\"link-inverted\" href=\"#\">Protecci\u00f3n Part\u00edculas<\/a><\/strong><\/p>\n<\/li>\n \t<li>\n<p><strong><a class=\"link-inverted\" href=\"#\">Protecci\u00f3n IR<\/a><\/strong><\/p>\n<\/li>\n \t<li>\n<p><strong><a class=\"link-inverted\" href=\"#\">Protecci\u00f3n UV<\/a><\/strong><\/p>\n<\/li>\n \t<li>\n<p><strong><a class=\"link-inverted\" href=\"#\">Protecci\u00f3n Antiest\u00e1tica<\/a><\/strong><\/p>\n<\/li>\n<\/ul>\n<p><\/div><\/p><\/div>\n<\/div>\n\n<div class=\"e1390-12 x-column x-sm x-1-5\">\n    \n<div class=\"e1390-13 x-content-area\">\n  <p><div class=\"\"><\/p>\n\n<ul class=\"font-sm\">\n \t<li>\n<p><strong><a class=\"link-inverted\" href=\"#\">Protecci\u00f3n Mec\u00e1nica<\/a><\/strong><\/p>\n<\/li>\n \t<li>\n<p><strong><a class=\"link-inverted\" href=\"#\">Golpes<\/a><\/strong><\/p>\n<\/li>\n \t<li>\n<p><strong><a class=\"link-inverted\" href=\"#\">Cortes<\/a><\/strong><\/p>\n<\/li>\n \t<li>\n<p><strong><a class=\"link-inverted\" href=\"#\">Aplastamiento<\/a><\/strong><\/p>\n<\/li>\n \t<li>\n<p><strong><a class=\"link-inverted\" href=\"#\">Sobreesfuerzos<\/a><\/strong><\/p>\n<\/li>\n \t<li>\n<p><strong><a class=\"link-inverted\" href=\"#\">Ca\u00eddas<\/a><\/strong><\/p>\n<\/li>\n<\/ul>\n<p><\/div><\/p><\/div>\n<\/div>\n\n<div class=\"e1390-14 x-column x-sm x-1-5\">\n    \n<div class=\"e1390-15 x-content-area\">\n  <p><div class=\"\"><\/p>\n\n<ul class=\"font-sm\">\n \t<li>\n<p><strong><a class=\"link-inverted\" href=\"#\">Protecci\u00f3n Ambiental<\/a><\/strong><\/p>\n<\/li>\n \t<li>\n<p><strong><a class=\"link-inverted\" href=\"#\">Fr\u00edgoristas<\/a><\/strong><\/p>\n<\/li>\n \t<li>\n<p><strong><a class=\"link-inverted\" href=\"#\">Trajes Ign\u00edfugos<\/a><\/strong><\/p>\n<\/li>\n \t<li>\n<p><strong><a class=\"link-inverted\" href=\"#\">Proteccion Buzos<\/a><\/strong><\/p>\n<\/li>\n \t<li>\n<p><strong><a class=\"link-inverted\" href=\"#\">Ruido y Vibraci\u00f3n<\/a><\/strong><\/p>\n<\/li>\n \t<li>\n<p><strong><a class=\"link-inverted\" href=\"#\">Alta Visibilidad<\/a><\/strong><\/p>\n<\/li>\n<\/ul>\n<p><\/div><\/p><\/div>\n<\/div>\n\n<div class=\"e1390-16 x-column x-sm x-1-5\">\n    \n<span class=\"e1390-17 x-image\">\n  <img decoding=\"async\" src=\"https:\/\/bluepreven.es\/agesmed\/wp-content\/uploads\/2019\/06\/\u00edndice.jpg\" width=\"342\" height=\"407\" alt=\"Image\" loading=\"lazy\">\n<\/span>\n<\/div>\n<\/div>\n    <\/div>\n<\/div>\n<\/p><\/div>\n<\/div>\n<\/div>\n    <\/div>\n<\/div>\n\n<div class=\"twitter-share\"><a href=\"https:\/\/twitter.com\/intent\/tweet?via=bluepreven\" class=\"twitter-share-button\" data-size=\"large\">Twittear<\/a><\/div>\n","protected":false},"excerpt":{"rendered":"<p>&nbsp; E.P.I,s.Criterios de Clasificaci\u00f3n &nbsp; &#8212; &nbsp; Seg\u00fan la Zona Corporal Protegida Sistemas &#8211; Antica\u00eddas &nbsp; Protecci\u00f3n de la Cabeza Cabeza Ocular Auditiva Respiratoria Protecci\u00f3n del Cuerpo Brazos Manos Piernas Pies Protecci\u00f3n Antica\u00eddas Sujeci\u00f3n &#8211; Anclaje Antica\u00eddas &#8211; Conexi\u00f3n Sistemas de Suspensi\u00f3n Actividad de Salvamento &nbsp; Seg\u00fan el Sector Profesional &nbsp; Construcci\u00f3n Obras P\u00fablicas Reformas [&hellip;]<\/p>\n","protected":false},"author":1,"featured_media":0,"parent":0,"menu_order":0,"comment_status":"closed","ping_status":"closed","template":"","meta":{"_joinchat":[],"footnotes":""},"class_list":["post-1667","page","type-page","status-publish","hentry"],"amp_enabled":true,"_links":{"self":[{"href":"https:\/\/bluepreven.es\/agesmed\/wp-json\/wp\/v2\/pages\/1667","targetHints":{"allow":["GET"]}}],"collection":[{"href":"https:\/\/bluepreven.es\/agesmed\/wp-json\/wp\/v2\/pages"}],"about":[{"href":"https:\/\/bluepreven.es\/agesmed\/wp-json\/wp\/v2\/types\/page"}],"author":[{"embeddable":true,"href":"https:\/\/bluepreven.es\/agesmed\/wp-json\/wp\/v2\/users\/1"}],"replies":[{"embeddable":true,"href":"https:\/\/bluepreven.es\/agesmed\/wp-json\/wp\/v2\/comments?post=1667"}],"version-history":[{"count":12,"href":"https:\/\/bluepreven.es\/agesmed\/wp-json\/wp\/v2\/pages\/1667\/revisions"}],"predecessor-version":[{"id":1911,"href":"https:\/\/bluepreven.es\/agesmed\/wp-json\/wp\/v2\/pages\/1667\/revisions\/1911"}],"wp:attachment":[{"href":"https:\/\/bluepreven.es\/agesmed\/wp-json\/wp\/v2\/media?parent=1667"}],"curies":[{"name":"wp","href":"https:\/\/api.w.org\/{rel}","templated":true}]}}