{"id":164,"date":"2019-05-14T15:41:24","date_gmt":"2019-05-14T13:41:24","guid":{"rendered":"http:\/\/localhost\/webs06\/bluepreven\/?page_id=164"},"modified":"2019-06-30T17:44:50","modified_gmt":"2019-06-30T15:44:50","slug":"transporte","status":"publish","type":"page","link":"https:\/\/bluepreven.es\/agesmed\/transporte\/","title":{"rendered":"Transporte"},"content":{"rendered":"<div id=\"cs-content\" class=\"cs-content\"  >\n<div class=\"e164-1 x-section\">\n      \n<div class=\"e164-2 x-container max width\">\n    \n<div class=\"e164-3 x-column x-sm x-1-3\">\n    &nbsp;<\/div>\n\n<div class=\"e164-4 x-column x-sm x-1-3\" data-fade=\"1\" data-x-element=\"column\" data-x-params=\"{&quot;fade&quot;:true}\" style=\"opacity: 0; transform: translate(0, -100px); transition-duration: 2.5s;\">\n    \n<div class=\"e164-5 x-text button x-acc-header button-title-pages0041 x-text-headline\">\n  <div class=\"x-text-content\"><div class=\"x-text-content-text\"><h1 class=\"x-text-content-text-primary\"><p style=\"text-align: center;\"><strong>TRANSPORTE<\/strong><\/p><\/h1><span class=\"x-text-content-text-subheadline\"><p style=\"text-align: center;\"><span style=\"color: #ffffff;\">Sector Servicios<\/span><\/p><\/span><\/div><\/div><\/div>\n<\/div>\n\n<div class=\"e164-6 x-column x-sm x-1-3\">\n    &nbsp;<\/div>\n<\/div>\n    <\/div>\n\n<div class=\"e164-7 x-section container\" id=\"section_accordions002\">\n  \n<span class=\"x-separator-top-curve-in\" style=\"top: 0px; height: 20px; color: rgb(30, 115, 190);\" aria-hidden=\"true\">\n  <svg class=\"curve-top-in\" style=\"fill: currentColor;\" xmlns=\"http:\/\/www.w3.org\/2000\/svg\" version=\"1.1\" viewBox=\"0 0 100 50\" preserveAspectRatio=\"none\"><path d=\"M0,0v50h50C22.4,50,0,0,0,0z\"\/><path d=\"M50,50h50V0C100,0,77.6,50,50,50z\"\/><\/svg><\/span>\n    \n<div class=\"e164-8 x-container item_row\" id=\"row_acorddions001\">\n    \n<div class=\"e164-9 x-column x-sm x-1-4 item_col\" id=\"column_accordion001\">\n    \n<div class=\"e164-10 x-acc item\" role=\"tablist\" id=\"accordion001\">\n  \n<div class=\"e164-11 x-acc-item\">\n  <button id=\"tab-e164-11\" class=\"x-acc-header\" role=\"tab\" type=\"button\" aria-selected=\"false\" aria-expanded=\"false\" aria-controls=\"panel-e164-11\" data-x-toggle=\"collapse\" data-x-toggleable=\"e164-11\">\n    <span class=\"x-acc-header-content\">\n      <span class=\"x-acc-header-indicator\">&#x25b8;<\/span>      <span class=\"x-acc-header-text\"><p style=\"text-align: center;\"><strong>I.N.S.H.T.<\/strong><\/p><\/span>\n    <\/span>\n  <\/button>\n  <div id=\"panel-e164-11\" role=\"tabpanel\" aria-hidden=\"true\" aria-labelledby=\"tab-e164-11\" data-x-toggleable=\"e164-11\" data-x-toggle-collapse=\"1\" class=\"x-collapsed\">\n    <div class=\"x-acc-content\">\n      <p style=\"text-align: center;\"><a href=\"https:\/\/drive.google.com\/file\/d\/1FR6fZqYSg7w45Av0WZB3NQQ7_DchVvPa\/view?usp=sharing\" target=\"_blank\" rel=\"noopener\">Guia 1<\/a><\/p>    <\/div>\n  <\/div>\n<\/div>\n<\/div>\n<\/div>\n\n<div class=\"e164-12 x-column x-sm x-1-4 item_col\" id=\"column_accordion002\">\n    \n<div class=\"e164-13 x-acc item\" role=\"tablist\" id=\"accordion001\">\n  \n<div class=\"e164-14 x-acc-item\">\n  <button id=\"tab-e164-14\" class=\"x-acc-header\" role=\"tab\" type=\"button\" aria-selected=\"false\" aria-expanded=\"false\" aria-controls=\"panel-e164-14\" data-x-toggle=\"collapse\" data-x-toggleable=\"e164-14\">\n    <span class=\"x-acc-header-content\">\n      <span class=\"x-acc-header-indicator\">&#x25b8;<\/span>      <span class=\"x-acc-header-text\"><p style=\"text-align: center;\"><strong>U.G.T.<\/strong><\/p><\/span>\n    <\/span>\n  <\/button>\n  <div id=\"panel-e164-14\" role=\"tabpanel\" aria-hidden=\"true\" aria-labelledby=\"tab-e164-14\" data-x-toggleable=\"e164-14\" data-x-toggle-collapse=\"1\" class=\"x-collapsed\">\n    <div class=\"x-acc-content\">\n      <p style=\"text-align: center;\"><a href=\"https:\/\/drive.google.com\/file\/d\/1PchW26ChwTXFAi7yaOdfUSzZrcM3YQWz\/view?usp=sharing\" target=\"_blank\" rel=\"noopener\">Gu\u00eda 2<\/a><\/p>    <\/div>\n  <\/div>\n<\/div>\n<\/div>\n<\/div>\n\n<div class=\"e164-15 x-column x-sm x-1-4 item_col\" id=\"column_accordion003\">\n    \n<div class=\"e164-16 x-acc item\" role=\"tablist\" id=\"accordion001\">\n  \n<div class=\"e164-17 x-acc-item\">\n  <button id=\"tab-e164-17\" class=\"x-acc-header\" role=\"tab\" type=\"button\" aria-selected=\"false\" aria-expanded=\"false\" aria-controls=\"panel-e164-17\" data-x-toggle=\"collapse\" data-x-toggleable=\"e164-17\">\n    <span class=\"x-acc-header-content\">\n      <span class=\"x-acc-header-indicator\">&#x25b8;<\/span>      <span class=\"x-acc-header-text\"><p style=\"text-align: center;\"><strong>C.M.<\/strong><\/p><\/span>\n    <\/span>\n  <\/button>\n  <div id=\"panel-e164-17\" role=\"tabpanel\" aria-hidden=\"true\" aria-labelledby=\"tab-e164-17\" data-x-toggleable=\"e164-17\" data-x-toggle-collapse=\"1\" class=\"x-collapsed\">\n    <div class=\"x-acc-content\">\n      <p style=\"text-align: center;\"><a href=\"https:\/\/drive.google.com\/file\/d\/1FuoU6vh5afc-XqeJazihZTNnj_5XZHV_\/view?usp=sharing\" target=\"_blank\" rel=\"noopener\">Gu\u00eda 3<\/a><\/p>    <\/div>\n  <\/div>\n<\/div>\n<\/div>\n<\/div>\n\n<div class=\"e164-18 x-column x-sm x-1-4 item_col\">\n    \n<div class=\"e164-19 x-acc item\" role=\"tablist\" id=\"x-acc-e164-19\">\n  \n<div class=\"e164-20 x-acc-item\">\n  <button id=\"tab-e164-20\" class=\"x-acc-header\" role=\"tab\" type=\"button\" aria-selected=\"false\" aria-expanded=\"false\" aria-controls=\"panel-e164-20\" data-x-toggle=\"collapse\" data-x-toggleable=\"e164-20\">\n    <span class=\"x-acc-header-content\">\n      <span class=\"x-acc-header-indicator\">&#x25b8;<\/span>      <span class=\"x-acc-header-text\"><p style=\"text-align: center;\"><strong>A.F.C.O.<\/strong><\/p><\/span>\n    <\/span>\n  <\/button>\n  <div id=\"panel-e164-20\" role=\"tabpanel\" aria-hidden=\"true\" aria-labelledby=\"tab-e164-20\" data-x-toggleable=\"e164-20\" data-x-toggle-collapse=\"1\" class=\"x-collapsed\">\n    <div class=\"x-acc-content\">\n      <p style=\"text-align: center;\"><a href=\"https:\/\/drive.google.com\/file\/d\/1exHyQpccd51HNTsXAxQFqc_L63tmZfut\/view?usp=sharing\" target=\"_blank\" rel=\"noopener\">Gu\u00eda 4<\/a><\/p>    <\/div>\n  <\/div>\n<\/div>\n<\/div>\n<\/div>\n<\/div>\n    \n<span class=\"x-separator-bottom-curve-in\" style=\"bottom: 0px; height: 20px; color: rgb(30, 115, 190);\" aria-hidden=\"true\">\n  <svg class=\"curve-bottom-in\" style=\"fill: currentColor;\" xmlns=\"http:\/\/www.w3.org\/2000\/svg\" version=\"1.1\" viewBox=\"0 0 100 50\" preserveAspectRatio=\"none\"><path d=\"M0,50V0h50C22.4,0,0,50,0,50z\"\/><path d=\"M50,0h50v50C100,50,77.6,0,50,0z\"\/><\/svg><\/span>\n<\/div>\n<\/div>\n\n<div class=\"twitter-share\"><a href=\"https:\/\/twitter.com\/intent\/tweet?via=bluepreven\" class=\"twitter-share-button\" data-size=\"large\">Twittear<\/a><\/div>\n","protected":false},"excerpt":{"rendered":"<p>&nbsp; TRANSPORTESector Servicios &nbsp; &#x25b8; I.N.S.H.T. Guia 1 &#x25b8; U.G.T. Gu\u00eda 2 &#x25b8; C.M. Gu\u00eda 3 &#x25b8; A.F.C.O. Gu\u00eda 4<\/p>\n","protected":false},"author":1,"featured_media":0,"parent":0,"menu_order":0,"comment_status":"closed","ping_status":"closed","template":"","meta":{"_joinchat":[],"footnotes":""},"class_list":["post-164","page","type-page","status-publish","hentry"],"amp_enabled":true,"_links":{"self":[{"href":"https:\/\/bluepreven.es\/agesmed\/wp-json\/wp\/v2\/pages\/164","targetHints":{"allow":["GET"]}}],"collection":[{"href":"https:\/\/bluepreven.es\/agesmed\/wp-json\/wp\/v2\/pages"}],"about":[{"href":"https:\/\/bluepreven.es\/agesmed\/wp-json\/wp\/v2\/types\/page"}],"author":[{"embeddable":true,"href":"https:\/\/bluepreven.es\/agesmed\/wp-json\/wp\/v2\/users\/1"}],"replies":[{"embeddable":true,"href":"https:\/\/bluepreven.es\/agesmed\/wp-json\/wp\/v2\/comments?post=164"}],"version-history":[{"count":2,"href":"https:\/\/bluepreven.es\/agesmed\/wp-json\/wp\/v2\/pages\/164\/revisions"}],"predecessor-version":[{"id":1603,"href":"https:\/\/bluepreven.es\/agesmed\/wp-json\/wp\/v2\/pages\/164\/revisions\/1603"}],"wp:attachment":[{"href":"https:\/\/bluepreven.es\/agesmed\/wp-json\/wp\/v2\/media?parent=164"}],"curies":[{"name":"wp","href":"https:\/\/api.w.org\/{rel}","templated":true}]}}