{"id":162,"date":"2019-05-14T15:40:23","date_gmt":"2019-05-14T13:40:23","guid":{"rendered":"http:\/\/localhost\/webs06\/bluepreven\/?page_id=162"},"modified":"2019-06-30T17:33:22","modified_gmt":"2019-06-30T15:33:22","slug":"servicios-prevencion","status":"publish","type":"page","link":"https:\/\/bluepreven.es\/agesmed\/servicios-prevencion\/","title":{"rendered":"S.P."},"content":{"rendered":"<div id=\"cs-content\" class=\"cs-content\"  >\n<div class=\"e162-1 x-section\">\n      \n<div class=\"e162-2 x-container max width\">\n    \n<div class=\"e162-3 x-column x-sm x-1-3\">\n    &nbsp;<\/div>\n\n<div class=\"e162-4 x-column x-sm x-1-3\" data-fade=\"1\" data-x-element=\"column\" data-x-params=\"{&quot;fade&quot;:true}\" style=\"opacity: 0; transform: translate(0, -100px); transition-duration: 2.5s;\">\n    \n<div class=\"e162-5 x-text button x-acc-header button-title-pages0041 x-text-headline\">\n  <div class=\"x-text-content\"><div class=\"x-text-content-text\"><h1 class=\"x-text-content-text-primary\"><p style=\"text-align: center;\"><strong>SP. - SPA.<\/strong><\/p><\/h1><span class=\"x-text-content-text-subheadline\"><p style=\"text-align: center;\"><span style=\"color: #ffffff;\">Servicios de Prevenci\u00f3n<\/span><\/p><\/span><\/div><\/div><\/div>\n<\/div>\n\n<div class=\"e162-6 x-column x-sm x-1-3\">\n    &nbsp;<\/div>\n<\/div>\n    <\/div>\n\n<div class=\"e162-7 x-section container\" id=\"section_accordions002\">\n      \n<div class=\"e162-8 x-container marginless-columns item_row\" id=\"row_acorddions001\">\n    \n<div class=\"e162-9 x-column x-sm x-1-2 item_col\" id=\"column_accordion001\">\n    \n<div class=\"e162-10 x-acc\" role=\"tablist\" id=\"x-acc-e162-10\">\n  \n<div class=\"e162-11 x-acc-item\">\n  <button id=\"tab-e162-11\" class=\"x-acc-header x-active\" role=\"tab\" type=\"button\" aria-selected=\"true\" aria-expanded=\"true\" aria-controls=\"panel-e162-11\" data-x-toggle=\"collapse\" data-x-toggleable=\"e162-11\">\n    <span class=\"x-acc-header-content\">\n      <span class=\"x-acc-header-indicator\">&#x25b8;<\/span>      <span class=\"x-acc-header-text\"><p style=\"text-align: center;\"><strong>SERVICIO DE PREVENCI\u00d3N PROPIO Y MANCOMUNADO<\/strong><\/p><\/span>\n    <\/span>\n  <\/button>\n  <div id=\"panel-e162-11\" role=\"tabpanel\" aria-hidden=\"false\" aria-labelledby=\"tab-e162-11\" data-x-toggleable=\"e162-11\" data-x-toggle-collapse=\"1\">\n    <div class=\"x-acc-content\">\n      <p style=\"text-align: justify;\"><strong>El Servicio de Prevenci\u00f3n Propio<\/strong> constituye una unidad organizativa espec\u00edfica y sus integrantes debieran dedicarse de forma exclusiva en la empresa a la prevenci\u00f3n de riesgos laborales, al menos los t\u00e9cnicos de formaci\u00f3n superior de las dos especialidades preventivas exigidas. La interdisciplinariedad de los miembros del Servicio es muy conveniente. (<a href=\"https:\/\/drive.google.com\/open?id=1-fJk4VAD366WF4kAe9S_JrpojVYDoes1\" target=\"_blank\" rel=\"noopener\">Ver el Reglamento de los Servicios de Prevenci\u00f3n \"R.S.P.\"<\/a>)<\/p>    <\/div>\n  <\/div>\n<\/div>\n<\/div>\n<\/div>\n\n<div class=\"e162-12 x-column x-sm x-1-2 item_col\" id=\"column_accordion002\">\n    \n<div class=\"e162-13 x-acc\" role=\"tablist\" id=\"x-acc-e162-13\">\n  \n<div class=\"e162-14 x-acc-item\">\n  <button id=\"tab-e162-14\" class=\"x-acc-header x-active\" role=\"tab\" type=\"button\" aria-selected=\"true\" aria-expanded=\"true\" aria-controls=\"panel-e162-14\" data-x-toggle=\"collapse\" data-x-toggleable=\"e162-14\">\n    <span class=\"x-acc-header-content\">\n      <span class=\"x-acc-header-indicator\">&#x25b8;<\/span>      <span class=\"x-acc-header-text\"><p style=\"text-align: center;\"><strong>SERVICIO DE PREVENCI\u00d3N AJENO<\/strong><\/p><\/span>\n    <\/span>\n  <\/button>\n  <div id=\"panel-e162-14\" role=\"tabpanel\" aria-hidden=\"false\" aria-labelledby=\"tab-e162-14\" data-x-toggleable=\"e162-14\" data-x-toggle-collapse=\"1\">\n    <div class=\"x-acc-content\">\n      <p style=\"text-align: justify;\"><strong>El Servicio de Prevenci\u00f3n Ajeno<\/strong> contar\u00e1 con la Acreditaci\u00f3n de la Autoridad laboral y Administraci\u00f3n sanitaria tras comprobar el cumplimiento de los requisitos reglamentarios. Contar\u00e1n con las instalaciones y recursos necesarios para la correcta realizaci\u00f3n de las actividades preventivas, considerando la ubicaci\u00f3n de los centros, carga de trabajo, etc. Los <strong>S.P.<\/strong> colaborar\u00e1n entre s\u00ed cuando sea necesario. (<a title=\"Ver el Reglamento de los Servicios de Prevenci\u00f3n R. D. 39\/1997\" href=\"https:\/\/drive.google.com\/open?id=1-fJk4VAD366WF4kAe9S_JrpojVYDoes1\" target=\"_blank\" rel=\"noopener\">\"R.S.P.\"<\/a>)<\/p>    <\/div>\n  <\/div>\n<\/div>\n<\/div>\n<\/div>\n<\/div>\n\n<div class=\"e162-15 x-container marginless-columns item_row\" id=\"row_acorddions001\">\n    \n<div class=\"e162-16 x-column x-sm x-1-1 item_col\" id=\"column_accordion001\">\n    \n<div class=\"e162-17 x-acc\" role=\"tablist\" id=\"x-acc-e162-17\">\n  \n<div class=\"e162-18 x-acc-item\">\n  <button id=\"tab-e162-18\" class=\"x-acc-header\" role=\"tab\" type=\"button\" aria-selected=\"false\" aria-expanded=\"false\" aria-controls=\"panel-e162-18\" data-x-toggle=\"collapse\" data-x-toggleable=\"e162-18\">\n    <span class=\"x-acc-header-content\">\n      <span class=\"x-acc-header-indicator\">&#x25b8;<\/span>      <span class=\"x-acc-header-text\"><p style=\"text-align: center;\"><strong>DESTACADOS<\/strong><\/p><\/span>\n    <\/span>\n  <\/button>\n  <div id=\"panel-e162-18\" role=\"tabpanel\" aria-hidden=\"true\" aria-labelledby=\"tab-e162-18\" data-x-toggleable=\"e162-18\" data-x-toggle-collapse=\"1\" class=\"x-collapsed\">\n    <div class=\"x-acc-content\">\n          <\/div>\n  <\/div>\n<\/div>\n<\/div>\n<\/div>\n<\/div>\n    <\/div>\n<\/div>\n\n<div class=\"twitter-share\"><a href=\"https:\/\/twitter.com\/intent\/tweet?via=bluepreven\" class=\"twitter-share-button\" data-size=\"large\">Twittear<\/a><\/div>\n","protected":false},"excerpt":{"rendered":"<p>&nbsp; SP. &#8211; SPA.Servicios de Prevenci\u00f3n &nbsp; &#x25b8; SERVICIO DE PREVENCI\u00d3N PROPIO Y MANCOMUNADO El Servicio de Prevenci\u00f3n Propio constituye una unidad organizativa espec\u00edfica y sus integrantes debieran dedicarse de forma exclusiva en la empresa a la prevenci\u00f3n de riesgos laborales, al menos los t\u00e9cnicos de formaci\u00f3n superior de las dos especialidades preventivas exigidas. La [&hellip;]<\/p>\n","protected":false},"author":1,"featured_media":0,"parent":0,"menu_order":0,"comment_status":"closed","ping_status":"closed","template":"","meta":{"_joinchat":[],"footnotes":""},"class_list":["post-162","page","type-page","status-publish","hentry"],"amp_enabled":true,"_links":{"self":[{"href":"https:\/\/bluepreven.es\/agesmed\/wp-json\/wp\/v2\/pages\/162","targetHints":{"allow":["GET"]}}],"collection":[{"href":"https:\/\/bluepreven.es\/agesmed\/wp-json\/wp\/v2\/pages"}],"about":[{"href":"https:\/\/bluepreven.es\/agesmed\/wp-json\/wp\/v2\/types\/page"}],"author":[{"embeddable":true,"href":"https:\/\/bluepreven.es\/agesmed\/wp-json\/wp\/v2\/users\/1"}],"replies":[{"embeddable":true,"href":"https:\/\/bluepreven.es\/agesmed\/wp-json\/wp\/v2\/comments?post=162"}],"version-history":[{"count":2,"href":"https:\/\/bluepreven.es\/agesmed\/wp-json\/wp\/v2\/pages\/162\/revisions"}],"predecessor-version":[{"id":1611,"href":"https:\/\/bluepreven.es\/agesmed\/wp-json\/wp\/v2\/pages\/162\/revisions\/1611"}],"wp:attachment":[{"href":"https:\/\/bluepreven.es\/agesmed\/wp-json\/wp\/v2\/media?parent=162"}],"curies":[{"name":"wp","href":"https:\/\/api.w.org\/{rel}","templated":true}]}}