{"id":159,"date":"2019-05-14T15:39:17","date_gmt":"2019-05-14T13:39:17","guid":{"rendered":"http:\/\/localhost\/webs06\/bluepreven\/?page_id=159"},"modified":"2020-06-02T03:44:17","modified_gmt":"2020-06-02T01:44:17","slug":"servicios","status":"publish","type":"page","link":"https:\/\/bluepreven.es\/agesmed\/servicios\/","title":{"rendered":"Servicios"},"content":{"rendered":"<div id=\"cs-content\" class=\"cs-content\"  >\n<div class=\"e159-1 x-section\">\n      \n<div class=\"e159-2 x-container max width col-title-custom-width\">\n    \n<div class=\"e159-3 x-column x-sm x-1-3 col-title-custom-width\">\n    &nbsp;<\/div>\n\n<div class=\"e159-4 x-column x-sm x-1-3\" data-fade=\"1\" data-x-element=\"column\" data-x-params=\"{&quot;fade&quot;:true}\" style=\"opacity: 0; transform: translate(0, -100px); transition-duration: 2.5s;\">\n    \n<div class=\"e159-5 x-text button x-acc-header button-title-pages0041 x-text-headline\">\n  <div class=\"x-text-content\"><div class=\"x-text-content-text\"><h1 class=\"x-text-content-text-primary\"><p style=\"text-align: center;\"><strong>SERVICIOS<\/strong><\/p><\/h1><span class=\"x-text-content-text-subheadline\"><p style=\"text-align: center;\"><span style=\"color: #ffffff;\">Complementarios<\/span><\/p><\/span><\/div><\/div><\/div>\n<\/div>\n\n<div class=\"e159-6 x-column x-sm x-1-3 col-title-custom-width\">\n    &nbsp;<\/div>\n<\/div>\n    <\/div>\n\n<div class=\"e159-7 x-section\">\n      \n<div class=\"e159-8 x-container marginless-columns row\">\n    <\/div>\n\n<div class=\"e159-9 x-container marginless-columns border-radius-img\">\n  \n  <div class=\"x-bg\" aria-hidden=\"true\" style=\"border-radius: 2.1em 2.1em 2.1em 2.1em;\">\n    <div class=\"x-bg-layer-lower-image\" style=\" background-image: url(https:\/\/bluepreven.es\/agesmed\/wp-content\/uploads\/revslider\/webproddark021\/3.jpg); background-repeat: no-repeat; background-position: center; background-size: cover;\"><\/div>      <\/div>\n  \n<div class=\"e159-10 x-column x-sm x-1-3\">\n    \n<div class=\"e159-11 x-text button x-acc-item x-text-headline\">\n  <div class=\"x-text-content\"><div class=\"x-text-content-text\"><h1 class=\"x-text-content-text-primary\"><p style=\"text-align: center;\"><a title=\"ELABORACI\u00d3N DE PLANES DE SEGURIDAD Y SALUD, ESTUDIOS ESPEC\u00cdFICOS, INVESTIGACI\u00d3N DE A.T., INFORMES PERICIALES, ATEX, ETC.\" href=\"#\"><strong>PLANES Y ESTUDIOS<\/strong><\/a><\/p><\/h1><\/div><\/div><\/div>\n<a class=\"e159-12 x-anchor x-anchor-toggle has-graphic\" tabindex=\"0\" data-x-toggle=\"1\" data-x-toggleable=\"e159-12\" data-x-toggle-overlay=\"1\" aria-controls=\"e159-12-modal\" aria-expanded=\"false\" aria-haspopup=\"true\" aria-label=\"Toggle Modal Content\"><div class=\"x-anchor-content\">\n<span class=\"x-graphic\" aria-hidden=\"true\">\n\n  \n<i class=\"x-icon x-graphic-child x-graphic-icon x-graphic-primary\" aria-hidden=\"true\" data-x-single-anim=\"x-scale-down\" data-x-icon-s=\"&#xf0c5;\"><\/i>\n\n<\/span>\n<\/div><\/a>\n<div class=\"e159-13 x-text button x-acc-item x-text-headline\">\n  <div class=\"x-text-content\"><div class=\"x-text-content-text\"><h1 class=\"x-text-content-text-primary\"><p style=\"text-align: center;\"><a title=\"ELABORACI\u00d3N DE PLANES DE AUTOPROTECCI\u00d3N, \" href=\"#\"><b>AUTOPROTECCI\u00d3N<\/b><\/a><\/p><\/h1><\/div><\/div><\/div>\n<a class=\"e159-14 x-anchor x-anchor-toggle has-graphic\" tabindex=\"0\" data-x-toggle=\"1\" data-x-toggleable=\"e159-14\" data-x-toggle-overlay=\"1\" aria-controls=\"e159-14-modal\" aria-expanded=\"false\" aria-haspopup=\"true\" aria-label=\"Toggle Modal Content\"><div class=\"x-anchor-content\">\n<span class=\"x-graphic\" aria-hidden=\"true\">\n\n  \n<i class=\"x-icon x-graphic-child x-graphic-icon x-graphic-primary\" aria-hidden=\"true\" data-x-single-anim=\"x-scale-up\" data-x-icon-s=\"&#xf2f7;\"><\/i>\n\n<\/span>\n<\/div><\/a><\/div>\n\n<div class=\"e159-15 x-column x-sm x-1-3\">\n    \n<div class=\"e159-16 x-text button x-acc-item x-text-headline\">\n  <div class=\"x-text-content\"><div class=\"x-text-content-text\"><h1 class=\"x-text-content-text-primary\"><p style=\"text-align: center;\"><span style=\"color: #ff0000;\"><strong> <a title=\"LE ASESORAMOS ACERCA DE LOS REQUISITOS LEGALES Y ORGANIZATIVOS PARA LA CORRECTA CONSTITUCI\u00d3N DEL SERVICIO DE PREVENCI\u00d3N PROPIO\" href=\"#\">SPP<\/a><\/strong><\/span><\/p><\/h1><\/div><\/div><\/div>\n<a class=\"e159-17 x-anchor x-anchor-toggle has-graphic\" tabindex=\"0\" data-x-toggle=\"1\" data-x-toggleable=\"e159-17\" data-x-toggle-overlay=\"1\" aria-controls=\"e159-17-modal\" aria-expanded=\"false\" aria-haspopup=\"true\" aria-label=\"Toggle Modal Content\"><div class=\"x-anchor-content\">\n<span class=\"x-graphic\" aria-hidden=\"true\">\n\n  \n<i class=\"x-icon x-graphic-child x-graphic-icon x-graphic-primary\" aria-hidden=\"true\" data-x-single-anim=\"x-scale-down\" data-x-icon-s=\"&#xf0f9;\"><\/i>\n\n<\/span>\n<\/div><\/a>\n<div class=\"e159-18 x-text button x-acc-item x-text-headline\">\n  <div class=\"x-text-content\"><div class=\"x-text-content-text\"><h1 class=\"x-text-content-text-primary\"><p style=\"text-align: center;\"><span style=\"color: #ff0000;\"><strong><a title=\"ACTIVIDADES FORMATIVAS TE\u00d3RICO-PR\u00c1CTICAS, SIMULACROS DE INCENDIO Y EVACUACI\u00d3N, MEDICIONES AMBIENTALES, ASISTENCIA EN OBRA, CAE, CSS, RP, ETC.\" href=\"#\">OTRAS ACTIVIDADES<\/a><\/strong><\/span><\/p><\/h1><\/div><\/div><\/div>\n<a class=\"e159-19 x-anchor x-anchor-toggle has-graphic\" tabindex=\"0\" data-x-toggle=\"1\" data-x-toggleable=\"e159-19\" data-x-toggle-overlay=\"1\" aria-controls=\"e159-19-modal\" aria-expanded=\"false\" aria-haspopup=\"true\" aria-label=\"Toggle Modal Content\"><div class=\"x-anchor-content\">\n<span class=\"x-graphic\" aria-hidden=\"true\">\n\n  \n<i class=\"x-icon x-graphic-child x-graphic-icon x-graphic-primary\" aria-hidden=\"true\" data-x-single-anim=\"x-scale-up\" data-x-icon-s=\"&#xf470;\"><\/i>\n\n<\/span>\n<\/div><\/a><\/div>\n\n<div class=\"e159-20 x-column x-sm x-1-3\">\n    \n<div class=\"e159-21 x-text button x-acc-item x-text-headline\">\n  <div class=\"x-text-content\"><div class=\"x-text-content-text\"><h1 class=\"x-text-content-text-primary\"><p style=\"text-align: center;\"><a TITLE=\"EMPRESAS CON POCOS TRABAJADORES Y DE BAJO RIESGO, EN LAS QUE EL EMPRESARIO PUEDE ASUMIR LEGALMENTE EL DESEMPE\u00d1O DE LA ACTIVIDAD PREVENTIVA\" href=\"#\"><b>AUTOGESTI\u00d3N<\/b><\/a><\/p><\/h1><\/div><\/div><\/div>\n<a class=\"e159-22 x-anchor x-anchor-toggle has-graphic\" tabindex=\"0\" data-x-toggle=\"1\" data-x-toggleable=\"e159-22\" data-x-toggle-overlay=\"1\" aria-controls=\"e159-22-modal\" aria-expanded=\"false\" aria-haspopup=\"true\" aria-label=\"Toggle Modal Content\"><div class=\"x-anchor-content\">\n<span class=\"x-graphic\" aria-hidden=\"true\">\n\n  \n<i class=\"x-icon x-graphic-child x-graphic-icon x-graphic-primary\" aria-hidden=\"true\" data-x-single-anim=\"x-scale-up\" data-x-icon-s=\"&#xf1ae;\"><\/i>\n\n<\/span>\n<\/div><\/a>\n<div class=\"e159-23 x-text button x-acc-item x-text-headline\">\n  <div class=\"x-text-content\"><div class=\"x-text-content-text\"><h1 class=\"x-text-content-text-primary\"><p style=\"text-align: center;\"><span style=\"color: #ff0000;\"><strong> <a title=\"LOS SISTEMAS DE GESTI\u00d3N DE LA PRL INTERNOS,DEBEN SER AUDITADOS PERI\u00d3DICAMENTE PARA DETERMINAR EL DESEMPE\u00d1O Y CUMPLIMIENTO DE LAS NORMAS\" href=\"#\">AUDITOR\u00cdAS<\/a><\/strong><\/span><\/p><\/h1><\/div><\/div><\/div>\n<a class=\"e159-24 x-anchor x-anchor-toggle has-graphic\" tabindex=\"0\" data-x-toggle=\"1\" data-x-toggleable=\"e159-24\" data-x-toggle-overlay=\"1\" aria-controls=\"e159-24-modal\" aria-expanded=\"false\" aria-haspopup=\"true\" aria-label=\"Toggle Modal Content\"><div class=\"x-anchor-content\">\n<span class=\"x-graphic\" aria-hidden=\"true\">\n\n  \n<i class=\"x-icon x-graphic-child x-graphic-icon x-graphic-primary\" aria-hidden=\"true\" data-x-single-anim=\"x-scale-up\" data-x-icon-s=\"&#xf00e;\"><\/i>\n\n<\/span>\n<\/div><\/a><\/div>\n<\/div>\n\n<div class=\"e159-25 x-container RowA x-hide-lg x-hide-md x-hide-sm x-hide-xl x-hide-xs\">\n  \n  <div class=\"x-bg\" aria-hidden=\"true\" style=\"border-radius: 2em 2em 2em 2em;\">\n    <div class=\"x-bg-layer-lower-image\" style=\" background-image: url(http:\/\/localhost\/webs06\/bluepreven\/wp-content\/uploads\/2019\/05\/banda_gris-1.png); background-repeat: no-repeat; background-position: center; background-size: cover;\"><\/div>      <\/div>\n  \n<div class=\"e159-26 x-column x-sm x-1-3 Column\">\n    \n<div class=\"e159-27 x-acc\" role=\"tablist\" id=\"x-acc-e159-27\">\n  \n<div class=\"e159-28 x-acc-item\">\n  <button id=\"tab-e159-28\" class=\"x-acc-header x-active\" role=\"tab\" type=\"button\" aria-selected=\"true\" aria-expanded=\"true\" aria-controls=\"panel-e159-28\" data-x-toggle=\"collapse\" data-x-toggleable=\"e159-28\">\n    <span class=\"x-acc-header-content\">\n      <span class=\"x-acc-header-indicator\">&#x25b8;<\/span>      <span class=\"x-acc-header-text\"><p style=\"text-align: center;\"><strong>NORMATIVA<\/strong><\/p><\/span>\n    <\/span>\n  <\/button>\n  <div id=\"panel-e159-28\" role=\"tabpanel\" aria-hidden=\"false\" aria-labelledby=\"tab-e159-28\" data-x-toggleable=\"e159-28\" data-x-toggle-collapse=\"1\">\n    <div class=\"x-acc-content\">\n      <h6 style=\"text-align: center;\"><a title=\"RELACI\u00d3N DE NORMAS DESTACADAS Y ORGANISMOS EMISORES, ENLACES A DIRECTORIOS, ETC.\" href=\"organismos\">FUENTES<\/a><\/h6>\n<h6 style=\"text-align: center;\"><a title=\"DIRECTIVA EUROPEA, LEY DE P.R.L., REGLAMENTO DE LOS SP, ETC.\" href=\"marco-legal\">MARCO LEGAL<\/a><\/h6>\n<h6 style=\"text-align: center;\"><a title=\"ALGUNOS EJEMPLOS DE NORMATIVA SECTORIAL\" href=\"sectores\">SECTORES<\/a><\/h6>\n<p style=\"text-align: center;\"><\/p>    <\/div>\n  <\/div>\n<\/div>\n<\/div>\n<\/div>\n\n<div class=\"e159-29 x-column x-sm x-1-3 Column\">\n    \n<div class=\"e159-30 x-acc\" role=\"tablist\" id=\"x-acc-e159-30\">\n  \n<div class=\"e159-31 x-acc-item\">\n  <button id=\"tab-e159-31\" class=\"x-acc-header x-active\" role=\"tab\" type=\"button\" aria-selected=\"true\" aria-expanded=\"true\" aria-controls=\"panel-e159-31\" data-x-toggle=\"collapse\" data-x-toggleable=\"e159-31\">\n    <span class=\"x-acc-header-content\">\n      <span class=\"x-acc-header-indicator\">&#x25b8;<\/span>      <span class=\"x-acc-header-text\"><p style=\"text-align: center;\"><strong>PREVENCI\u00d3N<\/strong><\/p><\/span>\n    <\/span>\n  <\/button>\n  <div id=\"panel-e159-31\" role=\"tabpanel\" aria-hidden=\"false\" aria-labelledby=\"tab-e159-31\" data-x-toggleable=\"e159-31\" data-x-toggle-collapse=\"1\">\n    <div class=\"x-acc-content\">\n      <h6 style=\"text-align: center;\"><a title=\"CURSOS DE PREVENCI\u00d3N, DESARROLLO PROFESIONAL, IDIOMAS, INFORM\u00c1TICA, WEBMASTER, PROGRAMACI\u00d3N, ETC.\" href=\"formacion\">FORMACI\u00d3N<\/a><\/h6>\n<h6 style=\"text-align: center;\"><a title=\"PROTECCIONES COLECTIVAS E INDIVIDUALES, ACCESORIOS Y REPUESTOS, VESTUARIO LABORAL, ETC.\" href=\"productos\">PRODUCTOS<\/a><\/h6>\n<h6 style=\"text-align: center;\"><a title=\"LE ASESORAMOS ACERCA DE LAS OBLIGACIONES PREVISTAS POR LA NORMATIVA P.R.L.\" href=\"servicios\">SERVICIOS<\/a><\/h6>\n<p style=\"text-align: center;\"><\/p>    <\/div>\n  <\/div>\n<\/div>\n<\/div>\n<\/div>\n\n<div class=\"e159-32 x-column x-sm x-1-3 Column\">\n    \n<div class=\"e159-33 x-acc\" role=\"tablist\" id=\"x-acc-e159-33\">\n  \n<div class=\"e159-34 x-acc-item\">\n  <button id=\"tab-e159-34\" class=\"x-acc-header x-active\" role=\"tab\" type=\"button\" aria-selected=\"true\" aria-expanded=\"true\" aria-controls=\"panel-e159-34\" data-x-toggle=\"collapse\" data-x-toggleable=\"e159-34\">\n    <span class=\"x-acc-header-content\">\n      <span class=\"x-acc-header-indicator\">&#x25b8;<\/span>      <span class=\"x-acc-header-text\"><p style=\"text-align: center;\"><strong>AGESMED<\/strong><\/p><\/span>\n    <\/span>\n  <\/button>\n  <div id=\"panel-e159-34\" role=\"tabpanel\" aria-hidden=\"false\" aria-labelledby=\"tab-e159-34\" data-x-toggleable=\"e159-34\" data-x-toggle-collapse=\"1\">\n    <div class=\"x-acc-content\">\n      <h6 style=\"text-align: center;\"><a title=\"LE INFORMAMOS Y ASESORAMOS ACERCA DE LA L.P.R.L.\" href=\"info\">ASESORAMIENTO<\/a><\/h6>\n<h6 style=\"text-align: center;\"><a title=\"CONTROLE EL GRADO DE CUMPLIMIENTO NORMATIVO EN SU EMPRESA (SPA, SPP, ETC.)\" href=\"laboral\">GESTI\u00d3N<\/a><\/h6>\n<h6 style=\"text-align: center;\"><a title=\"RECURSOS Y SANCIONES\" href=\"agesmed\">MEDIACI\u00d3N<\/a><\/h6>    <\/div>\n  <\/div>\n<\/div>\n<\/div>\n<\/div>\n<\/div>\n    <\/div>\n<\/div>\n\n<div class=\"twitter-share\"><a href=\"https:\/\/twitter.com\/intent\/tweet?via=bluepreven\" class=\"twitter-share-button\" data-size=\"large\">Twittear<\/a><\/div>\n","protected":false},"excerpt":{"rendered":"<p>&nbsp; SERVICIOSComplementarios &nbsp; PLANES Y ESTUDIOS AUTOPROTECCI\u00d3N SPP OTRAS ACTIVIDADES AUTOGESTI\u00d3N AUDITOR\u00cdAS &#x25b8; NORMATIVA FUENTES MARCO LEGAL SECTORES &#x25b8; PREVENCI\u00d3N FORMACI\u00d3N PRODUCTOS SERVICIOS &#x25b8; AGESMED ASESORAMIENTO GESTI\u00d3N MEDIACI\u00d3N &nbsp; SERVICIOSComplementarios &nbsp; PLANES Y ESTUDIOS AUTOPROTECCI\u00d3N SPP OTRAS ACTIVIDADES AUTOGESTI\u00d3N AUDITOR\u00cdAS &#x25b8; NORMATIVA FUENTES MARCO LEGAL SECTORES &#x25b8; PREVENCI\u00d3N FORMACI\u00d3N PRODUCTOS SERVICIOS &#x25b8; AGESMED ASESORAMIENTO GESTI\u00d3N [&hellip;]<\/p>\n","protected":false},"author":1,"featured_media":0,"parent":0,"menu_order":0,"comment_status":"closed","ping_status":"closed","template":"","meta":{"_joinchat":{"telephone":"+34669121529","message_text":"Buenas!\nPodemos ayudarte a encontrar el Servicio que necesitas.","message_send":"Hola!, necesito contratar un S.P.A. para nuestra Empresa, con domicilio social en Madrid y\nvarios Centros de Trabajo en Extremadura y Canarias. El Sector es Construcci\u00f3n.\nQu\u00e9 S.P.A. nos recomend\u00e1is?"},"footnotes":""},"class_list":["post-159","page","type-page","status-publish","hentry"],"amp_enabled":true,"_links":{"self":[{"href":"https:\/\/bluepreven.es\/agesmed\/wp-json\/wp\/v2\/pages\/159","targetHints":{"allow":["GET"]}}],"collection":[{"href":"https:\/\/bluepreven.es\/agesmed\/wp-json\/wp\/v2\/pages"}],"about":[{"href":"https:\/\/bluepreven.es\/agesmed\/wp-json\/wp\/v2\/types\/page"}],"author":[{"embeddable":true,"href":"https:\/\/bluepreven.es\/agesmed\/wp-json\/wp\/v2\/users\/1"}],"replies":[{"embeddable":true,"href":"https:\/\/bluepreven.es\/agesmed\/wp-json\/wp\/v2\/comments?post=159"}],"version-history":[{"count":5,"href":"https:\/\/bluepreven.es\/agesmed\/wp-json\/wp\/v2\/pages\/159\/revisions"}],"predecessor-version":[{"id":2409,"href":"https:\/\/bluepreven.es\/agesmed\/wp-json\/wp\/v2\/pages\/159\/revisions\/2409"}],"wp:attachment":[{"href":"https:\/\/bluepreven.es\/agesmed\/wp-json\/wp\/v2\/media?parent=159"}],"curies":[{"name":"wp","href":"https:\/\/api.w.org\/{rel}","templated":true}]}}