{"id":157,"date":"2019-05-14T15:38:43","date_gmt":"2019-05-14T13:38:43","guid":{"rendered":"http:\/\/localhost\/webs06\/bluepreven\/?page_id=157"},"modified":"2020-03-10T17:17:08","modified_gmt":"2020-03-10T16:17:08","slug":"sectores","status":"publish","type":"page","link":"https:\/\/bluepreven.es\/agesmed\/sectores\/","title":{"rendered":"Sectores"},"content":{"rendered":"<div id=\"cs-content\" class=\"cs-content\"  >\n<div class=\"e157-1 x-section\">\n      \n<div class=\"e157-2 x-container max width\">\n    \n<div class=\"e157-3 x-column x-sm x-1-3\">\n    &nbsp;<\/div>\n\n<div class=\"e157-4 x-column x-sm x-1-3\" data-fade=\"1\" data-x-element=\"column\" data-x-params=\"{&quot;fade&quot;:true}\" style=\"opacity: 0; transform: translate(0, -100px); transition-duration: 2.5s;\">\n    \n<div class=\"e157-5 x-text button x-acc-header button-title-pages0041 x-text-headline\">\n  <div class=\"x-text-content\"><div class=\"x-text-content-text\"><h1 class=\"x-text-content-text-primary\"><p style=\"text-align: center;\"><strong>SECTORES<\/strong><\/p><\/h1><span class=\"x-text-content-text-subheadline\"><p style=\"text-align: center;\"><span style=\"color: #ffffff;\">Trabajos y Actividades<\/span><\/p><\/span><\/div><\/div><\/div>\n<\/div>\n\n<div class=\"e157-6 x-column x-sm x-1-3\">\n    &nbsp;<\/div>\n<\/div>\n    <\/div>\n\n<div class=\"e157-7 x-section container\" id=\"section_accordions002\">\n  \n<span class=\"x-separator-top-curve-in\" style=\"top: 0px; height: 20px; color: rgb(30, 115, 190);\" aria-hidden=\"true\">\n  <svg class=\"curve-top-in\" style=\"fill: currentColor;\" xmlns=\"http:\/\/www.w3.org\/2000\/svg\" version=\"1.1\" viewBox=\"0 0 100 50\" preserveAspectRatio=\"none\"><path d=\"M0,0v50h50C22.4,50,0,0,0,0z\"\/><path d=\"M50,50h50V0C100,0,77.6,50,50,50z\"\/><\/svg><\/span>\n    \n<div class=\"e157-8 x-container item_row\" id=\"row_acorddions001\">\n    \n<div class=\"e157-9 x-column x-sm x-1-3 item_col\" id=\"column_accordion001\">\n    \n<div class=\"e157-10 x-acc item\" role=\"tablist\" id=\"accordion001\">\n  \n<div class=\"e157-11 x-acc-item\">\n  <button id=\"tab-e157-11\" class=\"x-acc-header x-active\" role=\"tab\" type=\"button\" aria-selected=\"true\" aria-expanded=\"true\" aria-controls=\"panel-e157-11\" data-x-toggle=\"collapse\" data-x-toggleable=\"e157-11\">\n    <span class=\"x-acc-header-content\">\n      <span class=\"x-acc-header-indicator\">&#x25b8;<\/span>      <span class=\"x-acc-header-text\"><p style=\"text-align: center;\"><strong>CONSTRUCCI\u00d3N<\/strong><\/p><\/span>\n    <\/span>\n  <\/button>\n  <div id=\"panel-e157-11\" role=\"tabpanel\" aria-hidden=\"false\" aria-labelledby=\"tab-e157-11\" data-x-toggleable=\"e157-11\" data-x-toggle-collapse=\"1\">\n    <div class=\"x-acc-content\">\n      <p style=\"text-align: center;\"><a title=\"Normativa y Convenios del Sector de la Construcci\u00f3n\" href=\"..\/normas-construccion\">Construcci\u00f3n y Afiness<\/a><\/p>    <\/div>\n  <\/div>\n<\/div>\n<\/div>\n<\/div>\n\n<div class=\"e157-12 x-column x-sm x-1-3 item_col\" id=\"column_accordion002\">\n    \n<div class=\"e157-13 x-acc item\" role=\"tablist\" id=\"accordion001\">\n  \n<div class=\"e157-14 x-acc-item\">\n  <button id=\"tab-e157-14\" class=\"x-acc-header x-active\" role=\"tab\" type=\"button\" aria-selected=\"true\" aria-expanded=\"true\" aria-controls=\"panel-e157-14\" data-x-toggle=\"collapse\" data-x-toggleable=\"e157-14\">\n    <span class=\"x-acc-header-content\">\n      <span class=\"x-acc-header-indicator\">&#x25b8;<\/span>      <span class=\"x-acc-header-text\"><p style=\"text-align: center;\"><strong>MINAS<\/strong><\/p><\/span>\n    <\/span>\n  <\/button>\n  <div id=\"panel-e157-14\" role=\"tabpanel\" aria-hidden=\"false\" aria-labelledby=\"tab-e157-14\" data-x-toggleable=\"e157-14\" data-x-toggle-collapse=\"1\">\n    <div class=\"x-acc-content\">\n      <p style=\"text-align: center;\"><a href=\"https:\/\/bluepreven.es\/agesmed\/normas-minas\/\" target=\"_blank\" rel=\"noopener\">Minas y Canteras<\/a><\/p>    <\/div>\n  <\/div>\n<\/div>\n<\/div>\n<\/div>\n\n<div class=\"e157-15 x-column x-sm x-1-3 item_col\" id=\"column_accordion003\">\n    \n<div class=\"e157-16 x-acc item\" role=\"tablist\" id=\"accordion001\">\n  \n<div class=\"e157-17 x-acc-item\">\n  <button id=\"tab-e157-17\" class=\"x-acc-header x-active\" role=\"tab\" type=\"button\" aria-selected=\"true\" aria-expanded=\"true\" aria-controls=\"panel-e157-17\" data-x-toggle=\"collapse\" data-x-toggleable=\"e157-17\">\n    <span class=\"x-acc-header-content\">\n      <span class=\"x-acc-header-indicator\">&#x25b8;<\/span>      <span class=\"x-acc-header-text\"><p style=\"text-align: center;\"><strong>PESCA<\/strong><\/p><\/span>\n    <\/span>\n  <\/button>\n  <div id=\"panel-e157-17\" role=\"tabpanel\" aria-hidden=\"false\" aria-labelledby=\"tab-e157-17\" data-x-toggleable=\"e157-17\" data-x-toggle-collapse=\"1\">\n    <div class=\"x-acc-content\">\n      <p style=\"text-align: center;\"><a href=\"https:\/\/bluepreven.es\/agesmed\/normas-pesca\/\" target=\"_blank\" rel=\"noopener\">Sector Pesquero<\/a><\/p>    <\/div>\n  <\/div>\n<\/div>\n<\/div>\n<\/div>\n<\/div>\n\n<div class=\"e157-18 x-container item_row\">\n    \n<div class=\"e157-19 x-column x-sm x-1-3\">\n    \n<div class=\"e157-20 x-acc item\" role=\"tablist\" id=\"x-acc-e157-20\">\n  \n<div class=\"e157-21 x-acc-item\">\n  <button id=\"tab-e157-21\" class=\"x-acc-header x-active\" role=\"tab\" type=\"button\" aria-selected=\"true\" aria-expanded=\"true\" aria-controls=\"panel-e157-21\" data-x-toggle=\"collapse\" data-x-toggleable=\"e157-21\">\n    <span class=\"x-acc-header-content\">\n      <span class=\"x-acc-header-indicator\">&#x25b8;<\/span>      <span class=\"x-acc-header-text\"><p style=\"text-align: center;\"><strong>ENERG\u00c9TICO<\/strong><\/p><\/span>\n    <\/span>\n  <\/button>\n  <div id=\"panel-e157-21\" role=\"tabpanel\" aria-hidden=\"false\" aria-labelledby=\"tab-e157-21\" data-x-toggleable=\"e157-21\" data-x-toggle-collapse=\"1\">\n    <div class=\"x-acc-content\">\n      <p style=\"text-align: center;\"><a title=\"Explotaci\u00f3n Petrolifera\" href=\"..\/petroliferas\">Plantas y Refinerias<\/a><\/p>    <\/div>\n  <\/div>\n<\/div>\n<\/div>\n<\/div>\n\n<div class=\"e157-22 x-column x-sm x-1-3\">\n    \n<div class=\"e157-23 x-acc item\" role=\"tablist\" id=\"x-acc-e157-23\">\n  \n<div class=\"e157-24 x-acc-item\">\n  <button id=\"tab-e157-24\" class=\"x-acc-header x-active\" role=\"tab\" type=\"button\" aria-selected=\"true\" aria-expanded=\"true\" aria-controls=\"panel-e157-24\" data-x-toggle=\"collapse\" data-x-toggleable=\"e157-24\">\n    <span class=\"x-acc-header-content\">\n      <span class=\"x-acc-header-indicator\">&#x25b8;<\/span>      <span class=\"x-acc-header-text\"><p style=\"text-align: center;\"><strong>TRANSPORTE<\/strong><\/p><\/span>\n    <\/span>\n  <\/button>\n  <div id=\"panel-e157-24\" role=\"tabpanel\" aria-hidden=\"false\" aria-labelledby=\"tab-e157-24\" data-x-toggleable=\"e157-24\" data-x-toggle-collapse=\"1\">\n    <div class=\"x-acc-content\">\n      <p style=\"text-align: center;\"><a title=\"Modal, Intermodal, Regulaci\u00f3n, Permisos y Capacitaci\u00f3n...\" href=\"https:\/\/bluepreven.es\/agesmed\/transporte\/\" target=\"_blank\" rel=\"noopener\">Modalidades Log\u00edsticas<\/a><\/p>    <\/div>\n  <\/div>\n<\/div>\n<\/div>\n<\/div>\n\n<div class=\"e157-25 x-column x-sm x-1-3\">\n    \n<div class=\"e157-26 x-acc item\" role=\"tablist\" id=\"x-acc-e157-26\">\n  \n<div class=\"e157-27 x-acc-item\">\n  <button id=\"tab-e157-27\" class=\"x-acc-header x-active\" role=\"tab\" type=\"button\" aria-selected=\"true\" aria-expanded=\"true\" aria-controls=\"panel-e157-27\" data-x-toggle=\"collapse\" data-x-toggleable=\"e157-27\">\n    <span class=\"x-acc-header-content\">\n      <span class=\"x-acc-header-indicator\">&#x25b8;<\/span>      <span class=\"x-acc-header-text\"><p style=\"text-align: center;\"><strong>E.T.T.,s<\/strong><\/p><\/span>\n    <\/span>\n  <\/button>\n  <div id=\"panel-e157-27\" role=\"tabpanel\" aria-hidden=\"false\" aria-labelledby=\"tab-e157-27\" data-x-toggleable=\"e157-27\" data-x-toggle-collapse=\"1\">\n    <div class=\"x-acc-content\">\n      <p style=\"text-align: center;\"><a title=\"Normativa Empresas de Trabajo Temporal y Usuarias\" href=\"https:\/\/bluepreven.es\/agesmed\/normas-ett\" target=\"_blank\" rel=\"noopener\">Trabajo Temporal<\/a><\/p>    <\/div>\n  <\/div>\n<\/div>\n<\/div>\n<\/div>\n<\/div>\n\n<div class=\"e157-28 x-container marginless-columns item_row\">\n    \n<div class=\"e157-29 x-column x-sm x-1-1\">\n    \n<div class=\"e157-30 x-acc item\" role=\"tablist\" id=\"x-acc-e157-30\">\n  \n<div class=\"e157-31 x-acc-item\">\n  <button id=\"tab-e157-31\" class=\"x-acc-header x-active\" role=\"tab\" type=\"button\" aria-selected=\"true\" aria-expanded=\"true\" aria-controls=\"panel-e157-31\" data-x-toggle=\"collapse\" data-x-toggleable=\"e157-31\">\n    <span class=\"x-acc-header-content\">\n      <span class=\"x-acc-header-indicator\">&#x25b8;<\/span>      <span class=\"x-acc-header-text\"><p style=\"text-align: center;\"><strong>OTROS<\/strong><\/p><\/span>\n    <\/span>\n  <\/button>\n  <div id=\"panel-e157-31\" role=\"tabpanel\" aria-hidden=\"false\" aria-labelledby=\"tab-e157-31\" data-x-toggleable=\"e157-31\" data-x-toggle-collapse=\"1\">\n    <div class=\"x-acc-content\">\n      <p style=\"text-align: center;\"><a href=\"https:\/\/bluepreven.es\/agesmed\/normas-r-especificos\/\" target=\"_blank\" rel=\"noopener\">Otros Riesgos<\/a><\/p>    <\/div>\n  <\/div>\n<\/div>\n<\/div>\n<\/div>\n<\/div>\n    \n<span class=\"x-separator-bottom-curve-in\" style=\"bottom: 0px; height: 20px; color: rgb(30, 115, 190);\" aria-hidden=\"true\">\n  <svg class=\"curve-bottom-in\" style=\"fill: currentColor;\" xmlns=\"http:\/\/www.w3.org\/2000\/svg\" version=\"1.1\" viewBox=\"0 0 100 50\" preserveAspectRatio=\"none\"><path d=\"M0,50V0h50C22.4,0,0,50,0,50z\"\/><path d=\"M50,0h50v50C100,50,77.6,0,50,0z\"\/><\/svg><\/span>\n<\/div>\n<\/div>\n\n<div class=\"twitter-share\"><a href=\"https:\/\/twitter.com\/intent\/tweet?via=bluepreven\" class=\"twitter-share-button\" data-size=\"large\">Twittear<\/a><\/div>\n","protected":false},"excerpt":{"rendered":"<p>&nbsp; SECTORESTrabajos y Actividades &nbsp; &#x25b8; CONSTRUCCI\u00d3N Construcci\u00f3n y Afiness &#x25b8; MINAS Minas y Canteras &#x25b8; PESCA Sector Pesquero &#x25b8; ENERG\u00c9TICO Plantas y Refinerias &#x25b8; TRANSPORTE Modalidades Log\u00edsticas &#x25b8; E.T.T.,s Trabajo Temporal &#x25b8; OTROS Otros Riesgos &nbsp; SECTORES Trabajos y Actividades &nbsp; &#x25b8; CONSTRUCCI\u00d3N Construcci\u00f3n y Afiness &#x25b8; MINAS Minas y Canteras &#x25b8; PESCA Sector [&hellip;]<\/p>\n","protected":false},"author":1,"featured_media":0,"parent":0,"menu_order":0,"comment_status":"closed","ping_status":"closed","template":"","meta":{"_joinchat":[],"footnotes":""},"class_list":["post-157","page","type-page","status-publish","hentry"],"amp_enabled":true,"_links":{"self":[{"href":"https:\/\/bluepreven.es\/agesmed\/wp-json\/wp\/v2\/pages\/157","targetHints":{"allow":["GET"]}}],"collection":[{"href":"https:\/\/bluepreven.es\/agesmed\/wp-json\/wp\/v2\/pages"}],"about":[{"href":"https:\/\/bluepreven.es\/agesmed\/wp-json\/wp\/v2\/types\/page"}],"author":[{"embeddable":true,"href":"https:\/\/bluepreven.es\/agesmed\/wp-json\/wp\/v2\/users\/1"}],"replies":[{"embeddable":true,"href":"https:\/\/bluepreven.es\/agesmed\/wp-json\/wp\/v2\/comments?post=157"}],"version-history":[{"count":4,"href":"https:\/\/bluepreven.es\/agesmed\/wp-json\/wp\/v2\/pages\/157\/revisions"}],"predecessor-version":[{"id":2383,"href":"https:\/\/bluepreven.es\/agesmed\/wp-json\/wp\/v2\/pages\/157\/revisions\/2383"}],"wp:attachment":[{"href":"https:\/\/bluepreven.es\/agesmed\/wp-json\/wp\/v2\/media?parent=157"}],"curies":[{"name":"wp","href":"https:\/\/api.w.org\/{rel}","templated":true}]}}