{"id":153,"date":"2019-05-14T15:36:54","date_gmt":"2019-05-14T13:36:54","guid":{"rendered":"http:\/\/localhost\/webs06\/bluepreven\/?page_id=153"},"modified":"2019-11-14T13:17:54","modified_gmt":"2019-11-14T12:17:54","slug":"productos","status":"publish","type":"page","link":"https:\/\/bluepreven.es\/agesmed\/productos\/","title":{"rendered":"Productos"},"content":{"rendered":"<div id=\"cs-content\" class=\"cs-content\"  >\n<div class=\"e153-1 x-section\">\n      \n<div class=\"e153-2 x-container max width\">\n    \n<div class=\"e153-3 x-column x-sm x-1-3\">\n    &nbsp;<\/div>\n\n<div class=\"e153-4 x-column x-sm x-1-3\" data-fade=\"1\" data-x-element=\"column\" data-x-params=\"{&quot;fade&quot;:true}\" style=\"opacity: 0; transform: translate(100px, 0); transition-duration: 2.5s;\">\n    \n<div class=\"e153-5 x-text button x-acc-header button-title-pages0041 x-text-headline\">\n  <div class=\"x-text-content\"><div class=\"x-text-content-text\"><h1 class=\"x-text-content-text-primary\"><p style=\"text-align: center;\"><strong>PRODUCTOS<\/strong><\/p><\/h1><span class=\"x-text-content-text-subheadline\"><p style=\"text-align: center;\"><span style=\"color: #ffffff;\">Pr\u00f3ximas\u00a0 Secciones<\/span><\/p><\/span><\/div><\/div><\/div>\n<\/div>\n\n<div class=\"e153-6 x-column x-sm x-1-3\">\n    &nbsp;<\/div>\n<\/div>\n    <\/div>\n\n<div class=\"e153-7 x-section\">\n      \n<div class=\"e153-8 x-container max width\">\n    \n<div class=\"e153-9 x-column x-sm x-1-4\" data-fade=\"1\" data-x-element=\"column\" data-x-params=\"{&quot;fade&quot;:true}\" style=\"opacity: 0; transform: translate(-65px, 0); transition-duration: 1.2s;\">\n  \n  <div class=\"x-bg\" aria-hidden=\"true\">\n    <div class=\"x-bg-layer-lower-image\" style=\" background-image: url(https:\/\/bluepreven.es\/agesmed\/wp-content\/uploads\/2019\/06\/header5.2.png); background-repeat: no-repeat; background-position: center; background-size: cover;\"><\/div>      <\/div>\n  <a class=\"e153-10 x-anchor x-anchor-toggle has-graphic\" tabindex=\"0\" data-x-toggle=\"1\" data-x-toggleable=\"e153-10\" data-x-toggle-overlay=\"1\" aria-controls=\"e153-10-modal\" aria-expanded=\"false\" aria-haspopup=\"true\" aria-label=\"Toggle Modal Content\"><div class=\"x-anchor-content\">\n<span class=\"x-graphic\" aria-hidden=\"true\">\n\n  \n<i class=\"x-icon x-graphic-child x-graphic-icon x-graphic-primary\" aria-hidden=\"true\" data-x-single-anim=\"x-scale-up\" data-x-icon-s=\"&#xf7f2;\"><\/i>\n\n<\/span>\n<\/div><\/a><div  class=\"x-feature-box shop center-text top-text cf\" style=\"text-align: justify; max-width: none;\" data-x-element=\"feature_box\" data-x-params=\"{&quot;child&quot;:false,&quot;graphicAnimation&quot;:&quot;flipInX&quot;,&quot;graphicAnimationOffset&quot;:&quot;50&quot;,&quot;graphicAnimationDelay&quot;:&quot;500&quot;}\" ><div class=\"x-feature-box-graphic hexagon \"><div class=\"x-feature-box-graphic-outer hexagon animated-hide\" style=\"\"><div class=\"x-feature-box-graphic-inner hexagon\" style=\"font-size: 65px; border-color: hsla(0, 90%, 23%, 0.27);\"><i class=\"x-icon-fire-extinguisher hexagon\" data-x-icon-s=\"&#xf134;\"  style=\"margin: 0 auto; color: rgb(109, 6, 6); background-color: hsla(0, 90%, 23%, 0.27);\"><\/i><\/div><\/div><\/div><div class=\"x-feature-box-content \"><h4 class=\"x-feature-box-title\" style=\"color: rgb(109, 6, 6);\">Prevenci\u00f3n de Riesgos<\/h4><p class=\"x-feature-box-text\">Protecciones Colectivas y Equipos Individuales para cualquier Sector o Actividad, Se\u00f1alizaci\u00f3n y Extinci\u00f3n, Estudios y Planes de Seguridad en Obras, etc.<\/br> <a href=\"https:\/\/bluepreven.es\/agesmed\/market\/\" title=\"Visite nuestra Tienda &quot;4-ES&quot;\" target=\"_blank\" rel=\"\" style=\"color: rgb(109, 6, 6);\">PREVENCI\u00d3N<\/a><\/p><\/div><\/div><\/div>\n\n<div class=\"e153-12 x-column x-sm x-1-4\" data-fade=\"1\" data-x-element=\"column\" data-x-params=\"{&quot;fade&quot;:true}\" style=\"opacity: 0; transform: translate(0, 65px); transition-duration: 1.2s;\">\n  \n  <div class=\"x-bg\" aria-hidden=\"true\">\n    <div class=\"x-bg-layer-lower-image\" style=\" background-image: url(https:\/\/bluepreven.es\/agesmed\/wp-content\/uploads\/2019\/05\/sub-buttonOver2-tile.jpg); background-repeat: no-repeat; background-position: center; background-size: cover;\"><\/div>      <\/div>\n  <a class=\"e153-13 x-anchor x-anchor-toggle has-graphic\" tabindex=\"0\" data-x-toggle=\"1\" data-x-toggleable=\"e153-13\" data-x-toggle-overlay=\"1\" aria-controls=\"e153-13-modal\" aria-expanded=\"false\" aria-haspopup=\"true\" aria-label=\"Toggle Modal Content\"><div class=\"x-anchor-content\">\n<span class=\"x-graphic\" aria-hidden=\"true\">\n\n  \n<i class=\"x-icon x-graphic-child x-graphic-icon x-graphic-primary\" aria-hidden=\"true\" data-x-single-anim=\"x-scale-up\" data-x-icon-s=\"&#xf735;\"><\/i>\n\n<\/span>\n<\/div><\/a><div  class=\"x-feature-box shop center-text top-text cf\" style=\"text-align: justify; max-width: none;\" data-x-element=\"feature_box\" data-x-params=\"{&quot;child&quot;:false,&quot;graphicAnimation&quot;:&quot;flipInX&quot;,&quot;graphicAnimationOffset&quot;:&quot;50&quot;,&quot;graphicAnimationDelay&quot;:&quot;500&quot;}\" ><div class=\"x-feature-box-graphic hexagon \"><div class=\"x-feature-box-graphic-outer hexagon animated-hide\" style=\"\"><div class=\"x-feature-box-graphic-inner hexagon\" style=\"font-size: 65px; border-color: hsl(206, 79%, 82%);\"><i class=\"x-icon-briefcase hexagon\" data-x-icon-s=\"&#xf0b1;\"  style=\"margin: 0 auto; color: rgb(30, 115, 190); background-color: hsl(206, 79%, 82%);\"><\/i><\/div><\/div><\/div><div class=\"x-feature-box-content \"><h4 class=\"x-feature-box-title\" style=\"color: rgb(30, 115, 190);\">\u00c1mbito Laboral<\/h4><p class=\"x-feature-box-text\">Todo lo que precises para la oficina, taller o tienda puedes encontrarlo aqu\u00ed: desde inform\u00e1tica y consumibles, vestuario, uniformes..<\/br> <a href=\"https:\/\/thebluemarket.es\/laboral\/\" title=\"Visite nuestra Tienda &quot;LABORAL&quot;\" target=\"_blank\" rel=\"\" style=\"color: rgb(30, 115, 190);\">LABORAL<\/a><\/p><\/div><\/div><\/div>\n\n<div class=\"e153-15 x-column x-sm x-1-4\" data-fade=\"1\" data-x-element=\"column\" data-x-params=\"{&quot;fade&quot;:true}\" style=\"opacity: 0; transform: translate(80px, 0); transition-duration: 1.2s;\">\n  \n  <div class=\"x-bg\" aria-hidden=\"true\">\n    <div class=\"x-bg-layer-lower-image\" style=\" background-image: url(https:\/\/bluepreven.es\/agesmed\/wp-content\/uploads\/2019\/05\/breadcrumbs.png); background-repeat: no-repeat; background-position: center; background-size: cover;\"><\/div>      <\/div>\n  <a class=\"e153-16 x-anchor x-anchor-toggle has-graphic\" tabindex=\"0\" data-x-toggle=\"1\" data-x-toggleable=\"e153-16\" data-x-toggle-overlay=\"1\" aria-controls=\"e153-16-modal\" aria-expanded=\"false\" aria-haspopup=\"true\" aria-label=\"Toggle Modal Content\"><div class=\"x-anchor-content\">\n<span class=\"x-graphic\" aria-hidden=\"true\">\n\n  \n<i class=\"x-icon x-graphic-child x-graphic-icon x-graphic-primary\" aria-hidden=\"true\" data-x-single-anim=\"x-scale-up\" data-x-icon-s=\"&#xf432;\"><\/i>\n\n<\/span>\n<\/div><\/a><div  class=\"x-feature-box shop center-text top-text cf\" style=\"text-align: justify; max-width: none;\" data-x-element=\"feature_box\" data-x-params=\"{&quot;child&quot;:false,&quot;graphicAnimation&quot;:&quot;flipInX&quot;,&quot;graphicAnimationOffset&quot;:&quot;50&quot;,&quot;graphicAnimationDelay&quot;:&quot;500&quot;}\" ><div class=\"x-feature-box-graphic hexagon \"><div class=\"x-feature-box-graphic-outer hexagon animated-hide\" style=\"\"><div class=\"x-feature-box-graphic-inner hexagon\" style=\"font-size: 65px; border-color: hsla(93, 100%, 50%, 0.25);\"><i class=\"x-icon-football-helmet hexagon\" data-x-icon-s=\"&#xf44f;\"  style=\"margin: 0 auto; color: hsl(106, 82%, 18%); background-color: hsla(93, 100%, 50%, 0.25);\"><\/i><\/div><\/div><\/div><div class=\"x-feature-box-content \"><h4 class=\"x-feature-box-title\" style=\"color: hsl(106, 82%, 18%);\">Actividades Deportivas<\/h4><p class=\"x-feature-box-text\">Equipamiento y protecci\u00f3n para diferentes deportes, alpinismo, material de camping, bicicletas, veh\u00edculos el\u00e9ctricos, acu\u00e1ticos y subacu\u00e1ticos, etc.<\/br> <a href=\"https:\/\/thebluemarket.es\/deportes\" title=\"Visite nuestra Tienda &quot;DEPORTIVA&quot;\" target=\"_blank\" rel=\"\" style=\"color: hsl(106, 82%, 18%);\">DEPORTES<\/a><\/p><\/div><\/div><\/div>\n\n<div class=\"e153-18 x-column x-sm x-1-4\" data-fade=\"1\" data-x-element=\"column\" data-x-params=\"{&quot;fade&quot;:true}\" style=\"opacity: 0; transform: translate(-70px, 0); transition-duration: 1.2s;\">\n  \n  <div class=\"x-bg\" aria-hidden=\"true\">\n    <div class=\"x-bg-layer-lower-image\" style=\" background-image: url(https:\/\/bluepreven.es\/agesmed\/wp-content\/uploads\/2019\/05\/sub-buttonOver3-tile.jpg); background-repeat: no-repeat; background-position: center; background-size: cover;\"><\/div>      <\/div>\n  <a class=\"e153-19 x-anchor x-anchor-toggle has-graphic\" tabindex=\"0\" data-x-toggle=\"1\" data-x-toggleable=\"e153-19\" data-x-toggle-overlay=\"1\" aria-controls=\"e153-19-modal\" aria-expanded=\"false\" aria-haspopup=\"true\" aria-label=\"Toggle Modal Content\"><div class=\"x-anchor-content\">\n<span class=\"x-graphic\" aria-hidden=\"true\">\n\n  \n<i class=\"x-icon x-graphic-child x-graphic-icon x-graphic-primary\" aria-hidden=\"true\" data-x-single-anim=\"x-scale-up\" data-x-icon-s=\"&#xf13d;\"><\/i>\n\n<\/span>\n<\/div><\/a><div id=\"t-4es-prl\" class=\"x-feature-box shop center-text top-text cf\" style=\"text-align: justify; max-width: none;\" data-x-element=\"feature_box\" data-x-params=\"{&quot;child&quot;:false,&quot;graphicAnimation&quot;:&quot;flipInX&quot;,&quot;graphicAnimationOffset&quot;:&quot;50&quot;,&quot;graphicAnimationDelay&quot;:&quot;500&quot;}\" ><div class=\"x-feature-box-graphic hexagon \"><div class=\"x-feature-box-graphic-outer hexagon animated-hide\" style=\"\"><div class=\"x-feature-box-graphic-inner hexagon\" style=\"font-size: 65px; border-color: hsla(43, 74%, 37%, 0.22);\"><i class=\"x-icon-cart-plus hexagon\" data-x-icon-s=\"&#xf217;\"  style=\"margin: 0 auto; color: rgb(164, 125, 25); background-color: hsla(43, 74%, 37%, 0.22);\"><\/i><\/div><\/div><\/div><div class=\"x-feature-box-content \"><h4 class=\"x-feature-box-title\" style=\"color: rgb(164, 125, 25);\">Tiempo Libre<\/h4><p class=\"x-feature-box-text\">En nuestro \"MARKET\" podr\u00e1s encontrar contenidos y actividades l\u00fadicas para desconectar del trabajo y disfrutar de tu tiempo libre, ocio y entretenimiento<\/br> <a href=\"https:\/\/thebluemarket.es\/ocio\/\" title=\"Selecci\u00f3n de Art\u00edculos para tu Tiempo Libre, Ocio y Entretenimiento.\" target=\"_blank\" rel=\"\" style=\"color: rgb(164, 125, 25);\">OCIO<\/a><\/p><\/div><\/div><\/div>\n<\/div>\n    <\/div>\n<\/div>\n\n<div class=\"twitter-share\"><a href=\"https:\/\/twitter.com\/intent\/tweet?via=bluepreven\" class=\"twitter-share-button\" data-size=\"large\">Twittear<\/a><\/div>\n","protected":false},"excerpt":{"rendered":"<p>&nbsp; PRODUCTOSPr\u00f3ximas\u00a0 Secciones &nbsp; Prevenci\u00f3n de RiesgosProtecciones Colectivas y Equipos Individuales para cualquier Sector o Actividad, Se\u00f1alizaci\u00f3n y Extinci\u00f3n, Estudios y Planes de Seguridad en Obras, etc. PREVENCI\u00d3N \u00c1mbito LaboralTodo lo que precises para la oficina, taller o tienda puedes encontrarlo aqu\u00ed: desde inform\u00e1tica y consumibles, vestuario, uniformes.. LABORAL Actividades DeportivasEquipamiento y protecci\u00f3n para diferentes [&hellip;]<\/p>\n","protected":false},"author":1,"featured_media":0,"parent":0,"menu_order":0,"comment_status":"closed","ping_status":"closed","template":"","meta":{"_joinchat":{"telephone":"+34669121529","message_text":"Hola!\nLa Tienda dispone de 2 Secciones y varias Categor\u00edas.\nLa Secci\u00f3n de P.R.L. incorpora diversas librer\u00edas y enlaces para descargar los Certificados necesarios.\nSi tienes alguna duda con el nuevo Reglamente de U.E. sobre los E.P.I., solicita m\u00e1s informaci\u00f3n.","message_send":"Hola!\nGracias por vuestra ayuda. He descargado el nuevo Reglamento de la Secci\u00f3n de E.P.I,s."},"footnotes":""},"class_list":["post-153","page","type-page","status-publish","hentry"],"amp_enabled":true,"_links":{"self":[{"href":"https:\/\/bluepreven.es\/agesmed\/wp-json\/wp\/v2\/pages\/153","targetHints":{"allow":["GET"]}}],"collection":[{"href":"https:\/\/bluepreven.es\/agesmed\/wp-json\/wp\/v2\/pages"}],"about":[{"href":"https:\/\/bluepreven.es\/agesmed\/wp-json\/wp\/v2\/types\/page"}],"author":[{"embeddable":true,"href":"https:\/\/bluepreven.es\/agesmed\/wp-json\/wp\/v2\/users\/1"}],"replies":[{"embeddable":true,"href":"https:\/\/bluepreven.es\/agesmed\/wp-json\/wp\/v2\/comments?post=153"}],"version-history":[{"count":21,"href":"https:\/\/bluepreven.es\/agesmed\/wp-json\/wp\/v2\/pages\/153\/revisions"}],"predecessor-version":[{"id":2236,"href":"https:\/\/bluepreven.es\/agesmed\/wp-json\/wp\/v2\/pages\/153\/revisions\/2236"}],"wp:attachment":[{"href":"https:\/\/bluepreven.es\/agesmed\/wp-json\/wp\/v2\/media?parent=153"}],"curies":[{"name":"wp","href":"https:\/\/api.w.org\/{rel}","templated":true}]}}