{"id":137,"date":"2019-05-14T15:29:58","date_gmt":"2019-05-14T13:29:58","guid":{"rendered":"http:\/\/localhost\/webs06\/bluepreven\/?page_id=137"},"modified":"2020-08-18T06:57:36","modified_gmt":"2020-08-18T04:57:36","slug":"marco-legal","status":"publish","type":"page","link":"https:\/\/bluepreven.es\/agesmed\/marco-legal\/","title":{"rendered":"Marco Legal"},"content":{"rendered":"<div id=\"cs-content\" class=\"cs-content\"  >\n<div class=\"e137-1 x-section\">\n      \n<div class=\"e137-2 x-container max width\">\n    \n<div class=\"e137-3 x-column x-sm x-1-3\">\n    &nbsp;<\/div>\n\n<div class=\"e137-4 x-column x-sm x-1-3\" data-fade=\"1\" data-x-element=\"column\" data-x-params=\"{&quot;fade&quot;:true}\" style=\"opacity: 0; transform: translate(0, -100px); transition-duration: 2.5s;\">\n    \n<div class=\"e137-5 x-text button x-acc-header button-title-pages0041 x-text-headline\">\n  <div class=\"x-text-content\"><div class=\"x-text-content-text\"><h1 class=\"x-text-content-text-primary\"><p style=\"text-align: center;\"><a title=\"BOE 037 Compendio actualizado de Normativa de PRL\" href=\"https:\/\/drive.google.com\/file\/d\/1Ve8GhR6NUMhyBZ2lA6owx8ZlRc7zHpP7\/view?usp=sharing\" target=\"_blank\" rel=\"noopener\"><strong>MARCO LEGAL<\/strong><\/a><\/p><\/h1><span class=\"x-text-content-text-subheadline\"><p style=\"text-align: center;\"><span style=\"color: #ffffff;\">Normas y Decretos<\/span><\/p><\/span><\/div><\/div><\/div>\n<\/div>\n\n<div class=\"e137-6 x-column x-sm x-1-3\">\n    &nbsp;<\/div>\n<\/div>\n    <\/div>\n\n<div class=\"e137-7 x-section container\" id=\"section_accordions002\">\n  \n<span class=\"x-separator-top-curve-in\" style=\"top: 20px; height: 20px; color: rgb(30, 115, 190);\" aria-hidden=\"true\">\n  <svg class=\"curve-top-in\" style=\"fill: currentColor;\" xmlns=\"http:\/\/www.w3.org\/2000\/svg\" version=\"1.1\" viewBox=\"0 0 100 50\" preserveAspectRatio=\"none\"><path d=\"M0,0v50h50C22.4,50,0,0,0,0z\"\/><path d=\"M50,50h50V0C100,0,77.6,50,50,50z\"\/><\/svg><\/span>\n    \n<div class=\"e137-8 x-container item_row\" id=\"row_acorddions001\">\n    \n<div class=\"e137-9 x-column x-sm x-1-3 item_col\" id=\"column_accordion001\">\n    \n<div class=\"e137-10 x-acc item\" role=\"tablist\" id=\"accordion001\">\n  \n<div class=\"e137-11 x-acc-item\">\n  <button id=\"tab-e137-11\" class=\"x-acc-header x-active\" role=\"tab\" type=\"button\" aria-selected=\"true\" aria-expanded=\"true\" aria-controls=\"panel-e137-11\" data-x-toggle=\"collapse\" data-x-toggleable=\"e137-11\">\n    <span class=\"x-acc-header-content\">\n      <span class=\"x-acc-header-indicator\">&#x25b8;<\/span>      <span class=\"x-acc-header-text\"><p style=\"text-align: center;\"><strong>DIR.\u00a0 MARCO 89\/391.<\/strong><\/p><\/span>\n    <\/span>\n  <\/button>\n  <div id=\"panel-e137-11\" role=\"tabpanel\" aria-hidden=\"false\" aria-labelledby=\"tab-e137-11\" data-x-toggleable=\"e137-11\" data-x-toggle-collapse=\"1\">\n    <div class=\"x-acc-content\">\n      <p style=\"text-align: center;\"><a title=\"Directiva Comunitaria sobre Salud y Seguridad en el Trabajo (\u00abDirectiva marco\u00bb), transpuesta por LPRL de 31\/1995\" href=\"https:\/\/drive.google.com\/open?id=1Gnorv-1Np5uvbOrbUiIaMIFacU71Rdi6\" target=\"_blank\" rel=\"noopener\">Directiva Marco CEE 89\/391<\/a><\/p>    <\/div>\n  <\/div>\n<\/div>\n<\/div>\n<\/div>\n\n<div class=\"e137-12 x-column x-sm x-1-3 item_col\" id=\"column_accordion002\">\n    \n<div class=\"e137-13 x-acc item\" role=\"tablist\" id=\"accordion001\">\n  \n<div class=\"e137-14 x-acc-item\">\n  <button id=\"tab-e137-14\" class=\"x-acc-header x-active\" role=\"tab\" type=\"button\" aria-selected=\"true\" aria-expanded=\"true\" aria-controls=\"panel-e137-14\" data-x-toggle=\"collapse\" data-x-toggleable=\"e137-14\">\n    <span class=\"x-acc-header-content\">\n      <span class=\"x-acc-header-indicator\">&#x25b8;<\/span>      <span class=\"x-acc-header-text\"><p style=\"text-align: center;\"><strong>L.P.R.L. 31\/95<\/strong><\/p><\/span>\n    <\/span>\n  <\/button>\n  <div id=\"panel-e137-14\" role=\"tabpanel\" aria-hidden=\"false\" aria-labelledby=\"tab-e137-14\" data-x-toggleable=\"e137-14\" data-x-toggle-collapse=\"1\">\n    <div class=\"x-acc-content\">\n      <p style=\"text-align: center;\"><a title=\"Ley 31\/1995, de 8 \/11, de Prevenci\u00f3n de Riesgos Laborales, publicada en el \u00abBOE\u00bb n\u00fam. 269, de 10\/11\/1995 y atualizada el 29\/12\/2014.\" href=\"https:\/\/drive.google.com\/open?id=18tqZZvNcJKcetYaT_CK7jIm05C60WzBi\" target=\"_blank\" rel=\"noopener\">Ley de Prevenci\u00f3n.<\/a><\/p>    <\/div>\n  <\/div>\n<\/div>\n<\/div>\n<\/div>\n\n<div class=\"e137-15 x-column x-sm x-1-3 item_col\" id=\"column_accordion003\">\n    \n<div class=\"e137-16 x-acc\" role=\"tablist\" id=\"x-acc-e137-16\">\n  \n<div class=\"e137-17 x-acc-item\">\n  <button id=\"tab-e137-17\" class=\"x-acc-header x-active\" role=\"tab\" type=\"button\" aria-selected=\"true\" aria-expanded=\"true\" aria-controls=\"panel-e137-17\" data-x-toggle=\"collapse\" data-x-toggleable=\"e137-17\">\n    <span class=\"x-acc-header-content\">\n      <span class=\"x-acc-header-indicator\">&#x25b8;<\/span>      <span class=\"x-acc-header-text\"><p style=\"text-align: center;\"><strong>R.S.P.<\/strong><\/p><\/span>\n    <\/span>\n  <\/button>\n  <div id=\"panel-e137-17\" role=\"tabpanel\" aria-hidden=\"false\" aria-labelledby=\"tab-e137-17\" data-x-toggleable=\"e137-17\" data-x-toggle-collapse=\"1\">\n    <div class=\"x-acc-content\">\n      <p style=\"text-align: center;\"><a title=\"Real Decreto 39\/1997, de 17 de enero, publicado en el BOE\u00bb n\u00fam. 27, de 31\/01\/1997, actualizado a fecha 10\/10\/2015, por el que se aprueba el Reglamento de los Servicios de Prevenci\u00f3n.\" href=\"https:\/\/drive.google.com\/open?id=1-fJk4VAD366WF4kAe9S_JrpojVYDoes1\" target=\"_blank\" rel=\"noopener\">Reglamento Servicios Prevenci\u00f3n.<\/a><\/p>    <\/div>\n  <\/div>\n<\/div>\n<\/div>\n<\/div>\n<\/div>\n    <\/div>\n\n<div class=\"e137-18 x-section container\">\n      \n<div class=\"e137-19 x-container item_row\">\n    \n<div class=\"e137-20 x-column x-sm x-1-3 item_col\">\n    \n<div class=\"e137-21 x-acc item\" role=\"tablist\" id=\"x-acc-e137-21\">\n  \n<div class=\"e137-22 x-acc-item\">\n  <button id=\"tab-e137-22\" class=\"x-acc-header x-active\" role=\"tab\" type=\"button\" aria-selected=\"true\" aria-expanded=\"true\" aria-controls=\"panel-e137-22\" data-x-toggle=\"collapse\" data-x-toggleable=\"e137-22\">\n    <span class=\"x-acc-header-content\">\n      <span class=\"x-acc-header-indicator\">&#x25b8;<\/span>      <span class=\"x-acc-header-text\"><p style=\"text-align: center;\"><strong>C.A.E.<\/strong><\/p><\/span>\n    <\/span>\n  <\/button>\n  <div id=\"panel-e137-22\" role=\"tabpanel\" aria-hidden=\"false\" aria-labelledby=\"tab-e137-22\" data-x-toggleable=\"e137-22\" data-x-toggle-collapse=\"1\">\n    <div class=\"x-acc-content\">\n      <p style=\"text-align: center;\"><a title=\"Real Decreto 171\/2004, de 30 de enero, publicado en el \u00abBOE\u00bb n\u00fam. 2, de 31\/01\/2004. por el que se desarrolla el art\u00edculo 24 de la L.P.R.L. en cuanto a la Coordinaci\u00f3n de Actividades Empresariales (C.A.E.)\" href=\"https:\/\/drive.google.com\/open?id=1q0topMnvkqxxXQkGWyEHPy2XcAv-XA8e\" target=\"_blank\" rel=\"noopener\">Coordinaci\u00f3n de Actividades<\/a><\/p>    <\/div>\n  <\/div>\n<\/div>\n<\/div>\n<\/div>\n\n<div class=\"e137-23 x-column x-sm x-1-3 item_col\">\n    \n<div class=\"e137-24 x-acc item\" role=\"tablist\" id=\"x-acc-e137-24\">\n  \n<div class=\"e137-25 x-acc-item\">\n  <button id=\"tab-e137-25\" class=\"x-acc-header x-active\" role=\"tab\" type=\"button\" aria-selected=\"true\" aria-expanded=\"true\" aria-controls=\"panel-e137-25\" data-x-toggle=\"collapse\" data-x-toggleable=\"e137-25\">\n    <span class=\"x-acc-header-content\">\n      <span class=\"x-acc-header-indicator\">&#x25b8;<\/span>      <span class=\"x-acc-header-text\"><p style=\"text-align: center;\"><strong>L.I.S.O.S.<\/strong><\/p><\/span>\n    <\/span>\n  <\/button>\n  <div id=\"panel-e137-25\" role=\"tabpanel\" aria-hidden=\"false\" aria-labelledby=\"tab-e137-25\" data-x-toggleable=\"e137-25\" data-x-toggle-collapse=\"1\">\n    <div class=\"x-acc-content\">\n      <p style=\"text-align: center;\"><a title=\"Real Decreto 2000, de 4 de agosto, Publicado en: \u00abBOE\u00bb n\u00ba 189 08\/08\/2000, cuya \u00faltima modificaci\u00f3n data del 25 de octubre de 2017 y q. aprueba el Texto Refundido de la Ley sobre Infracciones y Sanciones en el Orden Social.\" href=\"https:\/\/drive.google.com\/open?id=1RDLJWE297UzecCZr4U5DF962nxx669Vw\" target=\"_blank\" rel=\"noopener\">Ley Infracciones y Sanciones.<\/a><\/p>    <\/div>\n  <\/div>\n<\/div>\n<\/div>\n<\/div>\n\n<div class=\"e137-26 x-column x-sm x-1-3 item_col\">\n    \n<div class=\"e137-27 x-acc\" role=\"tablist\" id=\"x-acc-e137-27\">\n  \n<div class=\"e137-28 x-acc-item\">\n  <button id=\"tab-e137-28\" class=\"x-acc-header x-active\" role=\"tab\" type=\"button\" aria-selected=\"true\" aria-expanded=\"true\" aria-controls=\"panel-e137-28\" data-x-toggle=\"collapse\" data-x-toggleable=\"e137-28\">\n    <span class=\"x-acc-header-content\">\n      <span class=\"x-acc-header-indicator\">&#x25b8;<\/span>      <span class=\"x-acc-header-text\"><p style=\"text-align: center;\"><strong>E.T.<\/strong><\/p><\/span>\n    <\/span>\n  <\/button>\n  <div id=\"panel-e137-28\" role=\"tabpanel\" aria-hidden=\"false\" aria-labelledby=\"tab-e137-28\" data-x-toggleable=\"e137-28\" data-x-toggle-collapse=\"1\">\n    <div class=\"x-acc-content\">\n      <p style=\"text-align: center;\"><a title=\"Real Decreto 2\/2015, de 23 de octubre, publicado en el \u00abBOE\u00bb n\u00fam. 255, de 24\/10\/2015. q. aprueba el texto refundido de la Ley del Estatuto de los Trabajadores.\" href=\"https:\/\/drive.google.com\/open?id=1dt0zZHVTCWvWFCXnU9UFaRyRVwu0hzIJ\" target=\"_blank\" rel=\"noopener\">Estatuto de los Trabajadores.<\/a><\/p>    <\/div>\n  <\/div>\n<\/div>\n<\/div>\n<\/div>\n<\/div>\n    \n<span class=\"x-separator-bottom-curve-in\" style=\"bottom: 0px; height: 20px; color: rgb(30, 115, 190);\" aria-hidden=\"true\">\n  <svg class=\"curve-bottom-in\" style=\"fill: currentColor;\" xmlns=\"http:\/\/www.w3.org\/2000\/svg\" version=\"1.1\" viewBox=\"0 0 100 50\" preserveAspectRatio=\"none\"><path d=\"M0,50V0h50C22.4,0,0,50,0,50z\"\/><path d=\"M50,0h50v50C100,50,77.6,0,50,0z\"\/><\/svg><\/span>\n<\/div>\n<\/div>\n\n<div class=\"twitter-share\"><a href=\"https:\/\/twitter.com\/intent\/tweet?via=bluepreven\" class=\"twitter-share-button\" data-size=\"large\">Twittear<\/a><\/div>\n","protected":false},"excerpt":{"rendered":"<p>&nbsp; MARCO LEGALNormas y Decretos &nbsp; &#x25b8; DIR.\u00a0 MARCO 89\/391. Directiva Marco CEE 89\/391 &#x25b8; L.P.R.L. 31\/95 Ley de Prevenci\u00f3n. &#x25b8; R.S.P. Reglamento Servicios Prevenci\u00f3n. &#x25b8; C.A.E. Coordinaci\u00f3n de Actividades &#x25b8; L.I.S.O.S. Ley Infracciones y Sanciones. &#x25b8; E.T. Estatuto de los Trabajadores. &nbsp; MARCO LEGALNormas y Decretos &nbsp; &#x25b8; DIR.\u00a0 MARCO 89\/391. Directiva Marco CEE [&hellip;]<\/p>\n","protected":false},"author":1,"featured_media":0,"parent":0,"menu_order":0,"comment_status":"closed","ping_status":"closed","template":"","meta":{"_joinchat":[],"footnotes":""},"class_list":["post-137","page","type-page","status-publish","hentry"],"amp_enabled":true,"_links":{"self":[{"href":"https:\/\/bluepreven.es\/agesmed\/wp-json\/wp\/v2\/pages\/137","targetHints":{"allow":["GET"]}}],"collection":[{"href":"https:\/\/bluepreven.es\/agesmed\/wp-json\/wp\/v2\/pages"}],"about":[{"href":"https:\/\/bluepreven.es\/agesmed\/wp-json\/wp\/v2\/types\/page"}],"author":[{"embeddable":true,"href":"https:\/\/bluepreven.es\/agesmed\/wp-json\/wp\/v2\/users\/1"}],"replies":[{"embeddable":true,"href":"https:\/\/bluepreven.es\/agesmed\/wp-json\/wp\/v2\/comments?post=137"}],"version-history":[{"count":4,"href":"https:\/\/bluepreven.es\/agesmed\/wp-json\/wp\/v2\/pages\/137\/revisions"}],"predecessor-version":[{"id":2649,"href":"https:\/\/bluepreven.es\/agesmed\/wp-json\/wp\/v2\/pages\/137\/revisions\/2649"}],"wp:attachment":[{"href":"https:\/\/bluepreven.es\/agesmed\/wp-json\/wp\/v2\/media?parent=137"}],"curies":[{"name":"wp","href":"https:\/\/api.w.org\/{rel}","templated":true}]}}