{"id":128,"date":"2019-05-14T15:25:04","date_gmt":"2019-05-14T13:25:04","guid":{"rendered":"http:\/\/localhost\/webs06\/bluepreven\/?page_id=128"},"modified":"2019-06-30T17:41:40","modified_gmt":"2019-06-30T15:41:40","slug":"petroliferas","status":"publish","type":"page","link":"https:\/\/bluepreven.es\/agesmed\/petroliferas\/","title":{"rendered":"Ext. Petrol\u00edferas"},"content":{"rendered":"<div id=\"cs-content\" class=\"cs-content\"  >\n<div class=\"e128-1 x-section\">\n      \n<div class=\"e128-2 x-container max width\">\n    \n<div class=\"e128-3 x-column x-sm x-1-3\">\n    &nbsp;<\/div>\n\n<div class=\"e128-4 x-column x-sm x-1-3\" data-fade=\"1\" data-x-element=\"column\" data-x-params=\"{&quot;fade&quot;:true}\" style=\"opacity: 0; transform: translate(0, -100px); transition-duration: 2.5s;\">\n    \n<div class=\"e128-5 x-text button x-acc-header button-title-pages0041 x-text-headline\">\n  <div class=\"x-text-content\"><div class=\"x-text-content-text\"><h1 class=\"x-text-content-text-primary\"><p style=\"text-align: center;\"><strong>PETROLEO<\/strong><\/p><\/h1><span class=\"x-text-content-text-subheadline\"><p style=\"text-align: center;\"><span style=\"color: #ffffff;\">Sector Energ\u00e9tico<\/span><\/p><\/span><\/div><\/div><\/div>\n<\/div>\n\n<div class=\"e128-6 x-column x-sm x-1-3\">\n    &nbsp;<\/div>\n<\/div>\n    <\/div>\n\n<div class=\"e128-7 x-section container\" id=\"section_accordions002\">\n  \n<span class=\"x-separator-top-curve-in\" style=\"top: 0px; height: 20px; color: rgb(30, 115, 190);\" aria-hidden=\"true\">\n  <svg class=\"curve-top-in\" style=\"fill: currentColor;\" xmlns=\"http:\/\/www.w3.org\/2000\/svg\" version=\"1.1\" viewBox=\"0 0 100 50\" preserveAspectRatio=\"none\"><path d=\"M0,0v50h50C22.4,50,0,0,0,0z\"\/><path d=\"M50,50h50V0C100,0,77.6,50,50,50z\"\/><\/svg><\/span>\n    \n<div class=\"e128-8 x-container marginless-columns item_row\" id=\"row_acorddions001\">\n    \n<div class=\"e128-9 x-column x-sm x-1-5 item_col\" id=\"column_accordion001\">\n    \n<div class=\"e128-10 x-acc item\" role=\"tablist\" id=\"accordion001\">\n  \n<div class=\"e128-11 x-acc-item\">\n  <button id=\"tab-e128-11\" class=\"x-acc-header x-active\" role=\"tab\" type=\"button\" aria-selected=\"true\" aria-expanded=\"true\" aria-controls=\"panel-e128-11\" data-x-toggle=\"collapse\" data-x-toggleable=\"e128-11\">\n    <span class=\"x-acc-header-content\">\n      <span class=\"x-acc-header-indicator\">&#x25b8;<\/span>      <span class=\"x-acc-header-text\"><p style=\"text-align: center;\"><strong>R.D. 2085\/1994<\/strong><\/p><\/span>\n    <\/span>\n  <\/button>\n  <div id=\"panel-e128-11\" role=\"tabpanel\" aria-hidden=\"false\" aria-labelledby=\"tab-e128-11\" data-x-toggleable=\"e128-11\" data-x-toggle-collapse=\"1\">\n    <div class=\"x-acc-content\">\n      <p style=\"text-align: center;\"><a title=\"REAL DECRETO 2085\/1994 DE REGLAMENTO INSTALACIONES PETROL\u00cdFERAS\" href=\"https:\/\/drive.google.com\/open?id=1eHLooD3QJs5n06L4xXwbUMveL5AKKrp_\" target=\"_blank\" rel=\"noopener\">Reg. Inst. Petroliferas<\/a><\/p>    <\/div>\n  <\/div>\n<\/div>\n<\/div>\n<\/div>\n\n<div class=\"e128-12 x-column x-sm x-1-5 item_col\" id=\"column_accordion002\">\n    \n<div class=\"e128-13 x-acc item\" role=\"tablist\" id=\"accordion001\">\n  \n<div class=\"e128-14 x-acc-item\">\n  <button id=\"tab-e128-14\" class=\"x-acc-header x-active\" role=\"tab\" type=\"button\" aria-selected=\"true\" aria-expanded=\"true\" aria-controls=\"panel-e128-14\" data-x-toggle=\"collapse\" data-x-toggleable=\"e128-14\">\n    <span class=\"x-acc-header-content\">\n      <span class=\"x-acc-header-indicator\">&#x25b8;<\/span>      <span class=\"x-acc-header-text\"><p style=\"text-align: center;\"><strong>GU\u00cdA R.D. 2267\/2004<\/strong><\/p><\/span>\n    <\/span>\n  <\/button>\n  <div id=\"panel-e128-14\" role=\"tabpanel\" aria-hidden=\"false\" aria-labelledby=\"tab-e128-14\" data-x-toggleable=\"e128-14\" data-x-toggle-collapse=\"1\">\n    <div class=\"x-acc-content\">\n      <p style=\"text-align: center;\"><a title=\"GUIA TCA. QUE DESARROLLA EL REAL DECRETO 2267\/2004 DE REGLAMENTO INCENDIOS INDUSTRIALES\" href=\"https:\/\/drive.google.com\/open?id=1QsY3K06feTmnsWnYlpA4iSP7s-dYS1Yw\" target=\"_blank\" rel=\"noopener\">Reg. Incendio Industrias<\/a><\/p>    <\/div>\n  <\/div>\n<\/div>\n<\/div>\n<\/div>\n\n<div class=\"e128-15 x-column x-sm x-1-5 item_col\" id=\"column_accordion003\">\n    \n<div class=\"e128-16 x-acc item\" role=\"tablist\" id=\"accordion001\">\n  \n<div class=\"e128-17 x-acc-item\">\n  <button id=\"tab-e128-17\" class=\"x-acc-header x-active\" role=\"tab\" type=\"button\" aria-selected=\"true\" aria-expanded=\"true\" aria-controls=\"panel-e128-17\" data-x-toggle=\"collapse\" data-x-toggleable=\"e128-17\">\n    <span class=\"x-acc-header-content\">\n      <span class=\"x-acc-header-indicator\">&#x25b8;<\/span>      <span class=\"x-acc-header-text\"><p style=\"text-align: center;\"><strong>NTP-925<\/strong><\/p><\/span>\n    <\/span>\n  <\/button>\n  <div id=\"panel-e128-17\" role=\"tabpanel\" aria-hidden=\"false\" aria-labelledby=\"tab-e128-17\" data-x-toggleable=\"e128-17\" data-x-toggle-collapse=\"1\">\n    <div class=\"x-acc-content\">\n      <p style=\"text-align: center;\"><a title=\"EXPOSICI\u00d3N SIMULT\u00c1NEA A VARIOS AGENTES QU\u00cdMICOS\" href=\"https:\/\/drive.google.com\/open?id=1aaSgL0PmHd9v5UFgQRUGQLd1wNaEg8fs\" target=\"_blank\" rel=\"noopener\">Exposici\u00f3n a Qu\u00edmicos<\/a><\/p>    <\/div>\n  <\/div>\n<\/div>\n<\/div>\n<\/div>\n\n<div class=\"e128-18 x-column x-sm x-1-5\">\n    \n<div class=\"e128-19 x-acc item\" role=\"tablist\" id=\"accordion001\">\n  \n<div class=\"e128-20 x-acc-item\">\n  <button id=\"tab-e128-20\" class=\"x-acc-header x-active\" role=\"tab\" type=\"button\" aria-selected=\"true\" aria-expanded=\"true\" aria-controls=\"panel-e128-20\" data-x-toggle=\"collapse\" data-x-toggleable=\"e128-20\">\n    <span class=\"x-acc-header-content\">\n      <span class=\"x-acc-header-indicator\">&#x25b8;<\/span>      <span class=\"x-acc-header-text\"><p style=\"text-align: center;\"><strong>NTP-1058<\/strong><\/p><\/span>\n    <\/span>\n  <\/button>\n  <div id=\"panel-e128-20\" role=\"tabpanel\" aria-hidden=\"false\" aria-labelledby=\"tab-e128-20\" data-x-toggleable=\"e128-20\" data-x-toggle-collapse=\"1\">\n    <div class=\"x-acc-content\">\n      <p style=\"text-align: center;\"><a title=\"NTP-1058 EN SECTOR GASISTA: R.L. EN INSTALACIONES DE ALMACENAMIENTO, TRANSPORTE Y DISTRIBUCI\u00d3N DE GAS\" href=\"https:\/\/drive.google.com\/open?id=14-ZLHx4Ki8lXawQDQ1PrNH4FUHSO335Z\" target=\"_blank\" rel=\"noopener\">Manipulaci\u00f3n de Gas<\/a><\/p>    <\/div>\n  <\/div>\n<\/div>\n<\/div>\n<\/div>\n\n<div class=\"e128-21 x-column x-sm x-1-5\">\n    \n<div class=\"e128-22 x-acc item\" role=\"tablist\" id=\"accordion001\">\n  \n<div class=\"e128-23 x-acc-item\">\n  <button id=\"tab-e128-23\" class=\"x-acc-header x-active\" role=\"tab\" type=\"button\" aria-selected=\"true\" aria-expanded=\"true\" aria-controls=\"panel-e128-23\" data-x-toggle=\"collapse\" data-x-toggleable=\"e128-23\">\n    <span class=\"x-acc-header-content\">\n      <span class=\"x-acc-header-indicator\">&#x25b8;<\/span>      <span class=\"x-acc-header-text\"><p style=\"text-align: center;\"><strong>R.D. 681\/2003<\/strong><\/p><\/span>\n    <\/span>\n  <\/button>\n  <div id=\"panel-e128-23\" role=\"tabpanel\" aria-hidden=\"false\" aria-labelledby=\"tab-e128-23\" data-x-toggleable=\"e128-23\" data-x-toggle-collapse=\"1\">\n    <div class=\"x-acc-content\">\n      <p style=\"text-align: center;\"><a title=\"REAL DECRETO 681\/2003 DE ATM\u00d3SFERAS EXPLOSIVAS\" href=\"https:\/\/drive.google.com\/open?id=1VBYdZaqWvxnfW4t1Pz9JfCa-qOwHCAFQ\" target=\"_blank\" rel=\"noopener\">Atm\u00f3sferas Explosivas<\/a><\/p>    <\/div>\n  <\/div>\n<\/div>\n<\/div>\n<\/div>\n<\/div>\n    <\/div>\n\n<div class=\"e128-24 x-section\">\n    \n  <div class=\"x-bg\" aria-hidden=\"true\">\n    <div class=\"x-bg-layer-lower-image\" style=\" background-image: url(http:\/\/localhost\/webs06\/bluepreven\/wp-content\/uploads\/2019\/05\/055-Sharp-Blues.png); background-repeat: no-repeat; background-position: center; background-size: cover;\"><\/div>      <\/div>\n  \n<div class=\"e128-25 x-container max width marginless-columns\">\n    \n<div class=\"e128-26 x-column x-sm x-1-1\">\n    \n<div class=\"e128-27 x-text button x-acc-header x-text-headline\">\n  <div class=\"x-text-content\"><div class=\"x-text-content-text\"><h1 class=\"x-text-content-text-primary\"><h5 style=\"text-align: center;\"><span style=\"color: #ffffff;\"><strong>EJEMPLOS<\/strong><\/span><\/h5><\/h1><\/div><\/div><\/div>\n<\/div>\n<\/div>\n\n<div class=\"e128-28 x-container max width marginless-columns\">\n    \n<div class=\"e128-29 x-column x-sm x-1-2\">\n    \n<div class=\"e128-30 x-text button x-acc-item x-text-headline\">\n  <div class=\"x-text-content\"><div class=\"x-text-content-text\"><h1 class=\"x-text-content-text-primary\"><h5><span style=\"color: #000000;\"><strong><span style=\"color: #ffffff;\">Extracci\u00f3n de Petr\u00f3leo<\/span><br \/>\n<\/strong><\/span><\/h5><\/h1><\/div><\/div><\/div>\n\n<div class=\"e128-31 x-frame x-frame-video-embed\">\n  <div class=\"x-frame-inner\">\n    <div class=\"e128-31 x-video x-video-embed\"><iframe loading=\"lazy\" width=\"560\" height=\"315\" src=\"https:\/\/www.youtube.com\/embed\/VsDnGZ4-bug?rel=0\" frameborder=\"0\" allow=\"accelerometer; autoplay; encrypted-media; gyroscope; picture-in-picture\" allowfullscreen><\/iframe><\/div>  <\/div>\n<\/div>\n<\/div>\n\n<div class=\"e128-32 x-column x-sm x-1-2\">\n    \n<div class=\"e128-33 x-text button x-acc-item x-text-headline\">\n  <div class=\"x-text-content\"><div class=\"x-text-content-text\"><h1 class=\"x-text-content-text-primary\"><h5 style=\"text-align: center;\"><span style=\"color: #000000;\"><strong><span style=\"color: #ffffff;\">Funcionamiento de una Refiner\u00eda<\/span><br \/>\n<\/strong><\/span><\/h5><\/h1><\/div><\/div><\/div>\n\n<div class=\"e128-34 x-frame x-frame-video-embed\">\n  <div class=\"x-frame-inner\">\n    <div class=\"e128-34 x-video x-video-embed\"><iframe loading=\"lazy\" width=\"560\" height=\"315\" src=\"https:\/\/www.youtube.com\/embed\/JLOhyF-vht0?rel=0\" frameborder=\"0\" allow=\"accelerometer; autoplay; encrypted-media; gyroscope; picture-in-picture\" allowfullscreen><\/iframe><\/div>  <\/div>\n<\/div>\n<\/div>\n<\/div>\n    \n<span class=\"x-separator-bottom-curve-in\" style=\"bottom: 0px; height: 20px; color: rgb(30, 115, 190);\" aria-hidden=\"true\">\n  <svg class=\"curve-bottom-in\" style=\"fill: currentColor;\" xmlns=\"http:\/\/www.w3.org\/2000\/svg\" version=\"1.1\" viewBox=\"0 0 100 50\" preserveAspectRatio=\"none\"><path d=\"M0,50V0h50C22.4,0,0,50,0,50z\"\/><path d=\"M50,0h50v50C100,50,77.6,0,50,0z\"\/><\/svg><\/span>\n<\/div>\n<\/div>\n\n<div class=\"twitter-share\"><a href=\"https:\/\/twitter.com\/intent\/tweet?via=bluepreven\" class=\"twitter-share-button\" data-size=\"large\">Twittear<\/a><\/div>\n","protected":false},"excerpt":{"rendered":"<p>&nbsp; PETROLEOSector Energ\u00e9tico &nbsp; &#x25b8; R.D. 2085\/1994 Reg. Inst. Petroliferas &#x25b8; GU\u00cdA R.D. 2267\/2004 Reg. Incendio Industrias &#x25b8; NTP-925 Exposici\u00f3n a Qu\u00edmicos &#x25b8; NTP-1058 Manipulaci\u00f3n de Gas &#x25b8; R.D. 681\/2003 Atm\u00f3sferas Explosivas EJEMPLOS Extracci\u00f3n de Petr\u00f3leo Funcionamiento de una Refiner\u00eda<\/p>\n","protected":false},"author":1,"featured_media":0,"parent":0,"menu_order":0,"comment_status":"closed","ping_status":"closed","template":"","meta":{"_joinchat":[],"footnotes":""},"class_list":["post-128","page","type-page","status-publish","hentry"],"amp_enabled":true,"_links":{"self":[{"href":"https:\/\/bluepreven.es\/agesmed\/wp-json\/wp\/v2\/pages\/128","targetHints":{"allow":["GET"]}}],"collection":[{"href":"https:\/\/bluepreven.es\/agesmed\/wp-json\/wp\/v2\/pages"}],"about":[{"href":"https:\/\/bluepreven.es\/agesmed\/wp-json\/wp\/v2\/types\/page"}],"author":[{"embeddable":true,"href":"https:\/\/bluepreven.es\/agesmed\/wp-json\/wp\/v2\/users\/1"}],"replies":[{"embeddable":true,"href":"https:\/\/bluepreven.es\/agesmed\/wp-json\/wp\/v2\/comments?post=128"}],"version-history":[{"count":2,"href":"https:\/\/bluepreven.es\/agesmed\/wp-json\/wp\/v2\/pages\/128\/revisions"}],"predecessor-version":[{"id":1598,"href":"https:\/\/bluepreven.es\/agesmed\/wp-json\/wp\/v2\/pages\/128\/revisions\/1598"}],"wp:attachment":[{"href":"https:\/\/bluepreven.es\/agesmed\/wp-json\/wp\/v2\/media?parent=128"}],"curies":[{"name":"wp","href":"https:\/\/api.w.org\/{rel}","templated":true}]}}