{"id":122,"date":"2019-05-14T15:21:00","date_gmt":"2019-05-14T13:21:00","guid":{"rendered":"http:\/\/localhost\/webs06\/bluepreven\/?page_id=122"},"modified":"2019-06-30T17:37:24","modified_gmt":"2019-06-30T15:37:24","slug":"anexo-i","status":"publish","type":"page","link":"https:\/\/bluepreven.es\/agesmed\/anexo-i\/","title":{"rendered":"Anexo I"},"content":{"rendered":"<div id=\"cs-content\" class=\"cs-content\"  >\n<div class=\"e122-1 x-section\">\n      \n<div class=\"e122-2 x-container max width\">\n    \n<div class=\"e122-3 x-column x-sm x-1-3\">\n    &nbsp;<\/div>\n\n<div class=\"e122-4 x-column x-sm x-1-3\" data-fade=\"1\" data-x-element=\"column\" data-x-params=\"{&quot;fade&quot;:true}\" style=\"opacity: 0; transform: translate(0, -100px); transition-duration: 2.5s;\">\n    \n<div class=\"e122-5 x-text button x-acc-header button-title-pages0041 x-text-headline\">\n  <div class=\"x-text-content\"><div class=\"x-text-content-text\"><h1 class=\"x-text-content-text-primary\"><p style=\"text-align: center;\"><strong>ANEXO I<\/strong><\/p><\/h1><span class=\"x-text-content-text-subheadline\"><p style=\"text-align: center;\"><span style=\"color: #ffffff;\">Reglamento S. P.<\/span><\/p><\/span><\/div><\/div><\/div>\n<\/div>\n\n<div class=\"e122-6 x-column x-sm x-1-3\">\n    &nbsp;<\/div>\n<\/div>\n    <\/div>\n\n<div class=\"e122-7 x-section container\">\n  \n<span class=\"x-separator-top-curve-in\" style=\"top: 0px; height: 20px; color: rgb(30, 115, 190);\" aria-hidden=\"true\">\n  <svg class=\"curve-top-in\" style=\"fill: currentColor;\" xmlns=\"http:\/\/www.w3.org\/2000\/svg\" version=\"1.1\" viewBox=\"0 0 100 50\" preserveAspectRatio=\"none\"><path d=\"M0,0v50h50C22.4,50,0,0,0,0z\"\/><path d=\"M50,50h50V0C100,0,77.6,50,50,50z\"\/><\/svg><\/span>\n    \n<div class=\"e122-8 x-container max width file_anexo\" id=\"anex1.1_file\">\n    \n<div class=\"e122-9 x-column x-sm x-1-2 tabla_nex1\">\n    \n<div class=\"e122-10 x-tabs\" data-x-element=\"tabs\">\n\n  <div class=\"x-tabs-list\">\n    <ul role=\"tablist\">\n\n\n      \n        \n        <li role=\"presentation\">\n          <button id=\"tab-122-e122-11\" class=\"e122-e122-11 x-active \" role=\"tab\" aria-selected=\"true\" aria-controls=\"panel-122-e122-11\" data-x-toggle=\"tab\" data-x-toggleable=\"tab-item-122-e122-11\" data-x-toggle-group=\"tab-group-e122-10\">\n            <span><p style=\"text-align: center;\"><strong>II C.C. Buceo<br \/>\n<\/strong><\/p><\/span>\n          <\/button>\n        <\/li>\n\n      \n        \n        <li role=\"presentation\">\n          <button id=\"tab-122-e122-12\" class=\"e122-e122-12 \" role=\"tab\" aria-selected=\"false\" aria-controls=\"panel-122-e122-12\" data-x-toggle=\"tab\" data-x-toggleable=\"tab-item-122-e122-12\" data-x-toggle-group=\"tab-group-e122-10\">\n            <span><p style=\"text-align: center;\"><strong>R.D. 1627\/1997<br \/>\n<\/strong><\/p><\/span>\n          <\/button>\n        <\/li>\n\n      \n        \n        <li role=\"presentation\">\n          <button id=\"tab-122-e122-13\" class=\"e122-e122-13 \" role=\"tab\" aria-selected=\"false\" aria-controls=\"panel-122-e122-13\" data-x-toggle=\"tab\" data-x-toggleable=\"tab-item-122-e122-13\" data-x-toggle-group=\"tab-group-e122-10\">\n            <span><p style=\"text-align: center;\"><strong>II C. C. Metal<br \/>\n<\/strong><\/p><\/span>\n          <\/button>\n        <\/li>\n\n      \n    <\/ul>\n  <\/div>\n\n  <div class=\"x-tabs-panels\">\n\n    \n      \n      <div class=\"e122-e122-11 x-tabs-panel  x-active \" role=\"tabpanel\" aria-labelledby=\"tab-122-e122-11\" aria-hidden=\"false\" data-x-toggleable=\"tab-item-122-e122-11\" id=\"panel-122-e122-11\">\n        <p style=\"text-align: center;\"><strong><a title=\"Resoluci\u00f3n de 25 de enero de 2012, de la Direcci\u00f3n General de Empleo, por la que se registra y publica el II Convenio colectivo de buceo profesional y medios hiperb\u00e1ricos.\" href=\"https:\/\/drive.google.com\/open?id=10f3UfixViXy-E9WrRcxQu7yz-xlGssBM\" target=\"_blank\" rel=\"noopener\">Actividades en Inmersi\u00f3n<\/a><\/strong><strong>\u00a0\u00a0 <a title=\"Resoluci\u00f3n de 18 de octubre de 2016, de la Direcci\u00f3n General de Empleo, por la que se registra y publica el Acta del acuerdo de modificaci\u00f3n del Convenio colectivo de buceo profesional y medios hiperb\u00e1ricos y el acuerdo sobre Normas de seguridad en actividades subacu\u00e1ticas.\" href=\"https:\/\/drive.google.com\/open?id=1HKaywq3DvcQQMyyM8j08CriU6KlZtDLA\" target=\"_blank\" rel=\"noopener\">(*)<\/a><\/strong><\/p>      <\/div>\n\n    \n      \n      <div class=\"e122-e122-12 x-tabs-panel  \" role=\"tabpanel\" aria-labelledby=\"tab-122-e122-12\" aria-hidden=\"true\" data-x-toggleable=\"tab-item-122-e122-12\" id=\"panel-122-e122-12\">\n        <p style=\"text-align: center;\"><a title=\"Real Decreto 1627\/1997, de 24 de octubre, por el que se establecen disposiciones m\u00ednimas de seguridad y de salud en las obras de construcci\u00f3n.\" href=\"https:\/\/drive.google.com\/open?id=17cSD0LAcxdND15UtwEqXob1UBNsYD0YI\" target=\"_blank\" rel=\"noopener\"><strong>Construcci\u00f3n y Afines<\/strong><\/a>\u00a0\u00a0 <a title=\"Ver Normativa de Construcci\u00f3n\" href=\"..\/normas-construccion\">(*) <\/a><\/p>      <\/div>\n\n    \n      \n      <div class=\"e122-e122-13 x-tabs-panel  \" role=\"tabpanel\" aria-labelledby=\"tab-122-e122-13\" aria-hidden=\"true\" data-x-toggleable=\"tab-item-122-e122-13\" id=\"panel-122-e122-13\">\n        <p style=\"text-align: center;\"><a title=\"Resoluci\u00f3n de 7 de junio de 2017, de la Direcci\u00f3n General de Empleo, por la que se registra y publica el II Convenio colectivo estatal de la industria, la tecnolog\u00eda y los servicios del sector del metal.\" href=\"https:\/\/drive.google.com\/open?id=1_qD6xLqW2-T3Z3z3r96CsyPBVPq_BDGO\" target=\"_blank\" rel=\"noopener\"><strong>Siderurgia - Const. Naval<\/strong><\/a><\/p>      <\/div>\n\n    \n  <\/div>\n\n<\/div>\n<\/div>\n\n<div class=\"e122-14 x-column x-sm x-1-2\">\n    \n<div class=\"e122-15 x-tabs\" data-x-element=\"tabs\">\n\n  <div class=\"x-tabs-list\">\n    <ul role=\"tablist\">\n\n\n      \n        \n        <li role=\"presentation\">\n          <button id=\"tab-122-e122-16\" class=\"e122-e122-16 x-active \" role=\"tab\" aria-selected=\"true\" aria-controls=\"panel-122-e122-16\" data-x-toggle=\"tab\" data-x-toggleable=\"tab-item-122-e122-16\" data-x-toggle-group=\"tab-group-e122-15\">\n            <span><p style=\"text-align: center;\"><strong>NTP-1058-W<\/strong><\/p><\/span>\n          <\/button>\n        <\/li>\n\n      \n        \n        <li role=\"presentation\">\n          <button id=\"tab-122-e122-17\" class=\"e122-e122-17 \" role=\"tab\" aria-selected=\"false\" aria-controls=\"panel-122-e122-17\" data-x-toggle=\"tab\" data-x-toggleable=\"tab-item-122-e122-17\" data-x-toggle-group=\"tab-group-e122-15\">\n            <span><p style=\"text-align: center;\"><strong>ITC-933-2011<\/strong><\/p><\/span>\n          <\/button>\n        <\/li>\n\n      \n        \n        <li role=\"presentation\">\n          <button id=\"tab-122-e122-18\" class=\"e122-e122-18 \" role=\"tab\" aria-selected=\"false\" aria-controls=\"panel-122-e122-18\" data-x-toggle=\"tab\" data-x-toggleable=\"tab-item-122-e122-18\" data-x-toggle-group=\"tab-group-e122-15\">\n            <span><p style=\"text-align: center;\"><strong>R.D. 614\/2001<\/strong><\/p><\/span>\n          <\/button>\n        <\/li>\n\n      \n    <\/ul>\n  <\/div>\n\n  <div class=\"x-tabs-panels\">\n\n    \n      \n      <div class=\"e122-e122-16 x-tabs-panel  x-active \" role=\"tabpanel\" aria-labelledby=\"tab-122-e122-16\" aria-hidden=\"false\" data-x-toggleable=\"tab-item-122-e122-16\" id=\"panel-122-e122-16\">\n        <p style=\"text-align: center;\"><a title=\"Sector gasista: Nota T\u00e9cnica sobre Los Riesgos Laborales en Instalaciones de almacenamiento, transporte y distribuci\u00f3n de gas\" href=\"https:\/\/drive.google.com\/open?id=14-ZLHx4Ki8lXawQDQ1PrNH4FUHSO335Z\" target=\"_blank\" rel=\"noopener\"><strong>Sector Gasista<\/strong><\/a><strong>\u00a0\u00a0 <a title=\"Ver Normativa Relacionada\" href=\"..\/petroliferas\">(*) <\/a><\/strong><\/p>      <\/div>\n\n    \n      \n      <div class=\"e122-e122-17 x-tabs-panel  \" role=\"tabpanel\" aria-labelledby=\"tab-122-e122-17\" aria-hidden=\"true\" data-x-toggleable=\"tab-item-122-e122-17\" id=\"panel-122-e122-17\">\n        <p style=\"text-align: center;\"><a title=\"Orden ITC\/933\/2011, de 5 de abril, por la que se aprueba la Instrucci\u00f3n T\u00e9cnica Complementaria 2.0.03, para la protecci\u00f3n de los trabajadores contra el polvo, en las actividades de la miner\u00eda de las sales solubles s\u00f3dicas y pot\u00e1sicas del Reglamento general de normas b\u00e1sicas de seguridad minera.\" href=\"https:\/\/drive.google.com\/open?id=1y0IpJj_ue7gmlDlEsPDo4ItX2dYYprWo\" target=\"_blank\" rel=\"noopener\"><strong>Exposici\u00f3n al Polvo de S\u00edlice<\/strong><\/a> \u00a0 <a title=\"Ver Normativa Relacionada\" href=\"..\/normas-minas\">(*)<\/a><\/p>      <\/div>\n\n    \n      \n      <div class=\"e122-e122-18 x-tabs-panel  \" role=\"tabpanel\" aria-labelledby=\"tab-122-e122-18\" aria-hidden=\"true\" data-x-toggleable=\"tab-item-122-e122-18\" id=\"panel-122-e122-18\">\n        <p style=\"text-align: center;\"><a title=\"Real Decreto 337\/2014, de 9 de mayo, por el que se aprueban el Reglamento sobre condiciones t\u00e9cnicas y garant\u00edas de seguridad en instalaciones el\u00e9ctricas de alta tensi\u00f3n y sus Instrucciones T\u00e9cnicas Complementarias ITC-RAT 01 a 23.\" href=\"https:\/\/drive.google.com\/open?id=1iqj88j524ujqtM8MkCkcqZ5UDqhJ6dLT\" target=\"_blank\" rel=\"noopener\"><strong>Riesgo El\u00e9ctrico Alta Tensi\u00f3n<\/strong><\/a>\u00a0\u00a0 <a title=\"Gu\u00eda T\u00e9cnica del RD 614\/2001 de Medidas de Seguridad frente al Riesgo El\u00e9ctrico\" href=\"https:\/\/drive.google.com\/open?id=1ZwVJrG48-_-cqgBqxrfFXR59D0C8qiJ1\" target=\"_blank\" rel=\"noopener\">(*)<\/a><\/p>      <\/div>\n\n    \n  <\/div>\n\n<\/div>\n<\/div>\n<\/div>\n    \n<span class=\"x-separator-bottom-curve-in\" style=\"bottom: 0px; height: 20px; color: rgb(30, 115, 190);\" aria-hidden=\"true\">\n  <svg class=\"curve-bottom-in\" style=\"fill: currentColor;\" xmlns=\"http:\/\/www.w3.org\/2000\/svg\" version=\"1.1\" viewBox=\"0 0 100 50\" preserveAspectRatio=\"none\"><path d=\"M0,50V0h50C22.4,0,0,50,0,50z\"\/><path d=\"M50,0h50v50C100,50,77.6,0,50,0z\"\/><\/svg><\/span>\n<\/div>\n<\/div>\n\n<div class=\"twitter-share\"><a href=\"https:\/\/twitter.com\/intent\/tweet?via=bluepreven\" class=\"twitter-share-button\" data-size=\"large\">Twittear<\/a><\/div>\n","protected":false},"excerpt":{"rendered":"<p>&nbsp; ANEXO IReglamento S. P. &nbsp; II C.C. Buceo R.D. 1627\/1997 II C. C. Metal Actividades en Inmersi\u00f3n\u00a0\u00a0 (*) Construcci\u00f3n y Afines\u00a0\u00a0 (*) Siderurgia &#8211; Const. Naval NTP-1058-W ITC-933-2011 R.D. 614\/2001 Sector Gasista\u00a0\u00a0 (*) Exposici\u00f3n al Polvo de S\u00edlice \u00a0 (*) Riesgo El\u00e9ctrico Alta Tensi\u00f3n\u00a0\u00a0 (*)<\/p>\n","protected":false},"author":1,"featured_media":0,"parent":0,"menu_order":0,"comment_status":"closed","ping_status":"closed","template":"","meta":{"_joinchat":[],"footnotes":""},"class_list":["post-122","page","type-page","status-publish","hentry"],"amp_enabled":true,"_links":{"self":[{"href":"https:\/\/bluepreven.es\/agesmed\/wp-json\/wp\/v2\/pages\/122","targetHints":{"allow":["GET"]}}],"collection":[{"href":"https:\/\/bluepreven.es\/agesmed\/wp-json\/wp\/v2\/pages"}],"about":[{"href":"https:\/\/bluepreven.es\/agesmed\/wp-json\/wp\/v2\/types\/page"}],"author":[{"embeddable":true,"href":"https:\/\/bluepreven.es\/agesmed\/wp-json\/wp\/v2\/users\/1"}],"replies":[{"embeddable":true,"href":"https:\/\/bluepreven.es\/agesmed\/wp-json\/wp\/v2\/comments?post=122"}],"version-history":[{"count":2,"href":"https:\/\/bluepreven.es\/agesmed\/wp-json\/wp\/v2\/pages\/122\/revisions"}],"predecessor-version":[{"id":1596,"href":"https:\/\/bluepreven.es\/agesmed\/wp-json\/wp\/v2\/pages\/122\/revisions\/1596"}],"wp:attachment":[{"href":"https:\/\/bluepreven.es\/agesmed\/wp-json\/wp\/v2\/media?parent=122"}],"curies":[{"name":"wp","href":"https:\/\/api.w.org\/{rel}","templated":true}]}}