{"id":120,"date":"2019-05-14T15:19:54","date_gmt":"2019-05-14T13:19:54","guid":{"rendered":"http:\/\/localhost\/webs06\/bluepreven\/?page_id=120"},"modified":"2020-06-02T03:32:59","modified_gmt":"2020-06-02T01:32:59","slug":"agesmed","status":"publish","type":"page","link":"https:\/\/bluepreven.es\/agesmed\/agesmed\/","title":{"rendered":"Agesmed"},"content":{"rendered":"<div id=\"cs-content\" class=\"cs-content\"  >\n<div class=\"e120-1 x-section\">\n      \n<div class=\"e120-2 x-container\">\n    \n<div class=\"e120-3 x-column x-sm x-1-3\">\n    &nbsp;<\/div>\n\n<div class=\"e120-4 x-column x-sm x-1-3 col\" data-fade=\"1\" data-x-element=\"column\" data-x-params=\"{&quot;fade&quot;:true}\" style=\"opacity: 0; transform: translate(0, -100px); transition-duration: 2.5s;\">\n    \n<div class=\"e120-5 x-text button x-acc-header button-title-pages0041 x-text-headline\">\n  <div class=\"x-text-content\"><div class=\"x-text-content-text\"><h1 class=\"x-text-content-text-primary\"><p style=\"text-align: center;\"><strong>AGESMED<\/strong><\/p><\/h1><span class=\"x-text-content-text-subheadline\"><p style=\"text-align: center;\"><span style=\"color: #ffffff;\">Outsourcing y Externalizaci\u00f3n<\/span><\/p><\/span><\/div><\/div><\/div>\n<\/div>\n\n<div class=\"e120-6 x-column x-sm x-1-3\">\n    &nbsp;<\/div>\n<\/div>\n    <\/div>\n\n<div class=\"e120-7 x-section border-radius-img\">\n    \n  <div class=\"x-bg\" aria-hidden=\"true\" style=\"border-radius: 1.4em 1.4em 1.4em 1.4em;\">\n    <div class=\"x-bg-layer-lower-image\" data-x-element=\"bg_layer\" data-x-params=\"{&quot;parallaxSize&quot;:&quot;150%&quot;,&quot;parallaxDir&quot;:&quot;v&quot;,&quot;parallaxRev&quot;:true}\" style=\" background-image: url(https:\/\/bluepreven.es\/agesmed\/wp-content\/uploads\/revslider\/webproddark021\/3.jpg); background-repeat: no-repeat; background-position: center; background-size: cover;\"><\/div>    <div class=\"x-bg-layer-upper-image\"><\/div>  <\/div>\n  \n<div class=\"e120-8 x-container marginless-columns\" id=\"Fila_X\">\n    \n<div class=\"e120-9 x-column x-sm x-1-3 column\" data-fade=\"1\" data-x-element=\"column\" data-x-params=\"{&quot;fade&quot;:true}\" style=\"opacity: 0; transform: translate(-100px, 0); transition-duration: 1.5s;\">\n    \n<div class=\"e120-10 x-text x-acc-item button x-text-headline\">\n  <div class=\"x-text-content\"><div class=\"x-text-content-text\"><h1 class=\"x-text-content-text-primary\"><p style=\"text-align: center;\"><b>NORMAS ISO<\/b><\/p><\/h1><\/div><\/div><\/div>\n<a class=\"e120-11 x-anchor x-anchor-toggle has-graphic\" tabindex=\"0\" data-x-toggle=\"1\" data-x-toggleable=\"e120-11\" data-x-toggle-overlay=\"1\" aria-controls=\"e120-11-modal\" aria-expanded=\"false\" aria-haspopup=\"true\" aria-label=\"Toggle Modal Content\"><div class=\"x-anchor-content\">\n<span class=\"x-graphic\" aria-hidden=\"true\">\n\n  \n<i class=\"x-icon x-graphic-child x-graphic-icon x-graphic-primary\" aria-hidden=\"true\" data-x-single-anim=\"x-scale-up\" data-x-icon-s=\"&#xf559;\"><\/i>\n\n<\/span>\n<\/div><\/a><\/div>\n\n<div class=\"e120-12 x-column x-sm x-1-3\" data-fade=\"1\" data-x-element=\"column\" data-x-params=\"{&quot;fade&quot;:true}\" style=\"opacity: 0; transform: translate(0, -80px); transition-duration: 1.1s;\">\n    \n<div class=\"e120-13 x-text x-acc-item button x-text-headline\">\n  <div class=\"x-text-content\"><div class=\"x-text-content-text\"><h1 class=\"x-text-content-text-primary\"><p style=\"text-align: center;\"><strong>AGESMED<\/strong><\/p><\/h1><\/div><\/div><\/div>\n<a class=\"e120-14 x-anchor x-anchor-toggle has-graphic\" tabindex=\"0\" data-x-toggle=\"1\" data-x-toggleable=\"e120-14\" data-x-toggle-overlay=\"1\" aria-controls=\"e120-14-modal\" aria-expanded=\"false\" aria-haspopup=\"true\" aria-label=\"Toggle Modal Content\"><div class=\"x-anchor-content\">\n<span class=\"x-graphic\" aria-hidden=\"true\">\n\n  \n<i class=\"x-icon x-graphic-child x-graphic-icon x-graphic-primary\" aria-hidden=\"true\" data-x-single-anim=\"x-scale-down\" data-x-icon-s=\"&#xf49c;\"><\/i>\n\n<\/span>\n<\/div><\/a><\/div>\n\n<div class=\"e120-15 x-column x-sm x-1-3\" data-fade=\"1\" data-x-element=\"column\" data-x-params=\"{&quot;fade&quot;:true}\" style=\"opacity: 0; transform: translate(-100px, 0); transition-duration: 1.5s;\">\n    \n<div class=\"e120-16 x-text x-acc-item button x-text-headline\">\n  <div class=\"x-text-content\"><div class=\"x-text-content-text\"><h1 class=\"x-text-content-text-primary\"><p style=\"text-align: center;\"><strong>OUTSOURCING?<\/strong><\/p><\/h1><\/div><\/div><\/div>\n<a class=\"e120-17 x-anchor x-anchor-toggle has-graphic\" tabindex=\"0\" data-x-toggle=\"1\" data-x-toggleable=\"e120-17\" data-x-toggle-overlay=\"1\" aria-controls=\"e120-17-modal\" aria-expanded=\"false\" aria-haspopup=\"true\" aria-label=\"Toggle Modal Content\"><div class=\"x-anchor-content\">\n<span class=\"x-graphic\" aria-hidden=\"true\">\n\n  \n<i class=\"x-icon x-graphic-child x-graphic-icon x-graphic-primary\" aria-hidden=\"true\" data-x-single-anim=\"x-scale-up\" data-x-icon-s=\"&#xf64a;\"><\/i>\n\n<\/span>\n<\/div><\/a><\/div>\n<\/div>\n\n<div class=\"e120-18 x-container marginless-columns\">\n    \n<div class=\"e120-19 x-column x-sm x-1-3 column\" data-fade=\"1\" data-x-element=\"column\" data-x-params=\"{&quot;fade&quot;:true}\" style=\"opacity: 0; transform: translate(-50px, 0); transition-duration: 1.5s;\">\n    \n<div class=\"e120-20 x-text x-acc-item button x-text-headline\">\n  <div class=\"x-text-content\"><div class=\"x-text-content-text\"><h1 class=\"x-text-content-text-primary\"><p style=\"text-align: center;\"><b>COLABORACIONES<\/b><\/p><\/h1><\/div><\/div><\/div>\n<a class=\"e120-21 x-anchor x-anchor-toggle has-graphic\" tabindex=\"0\" data-x-toggle=\"1\" data-x-toggleable=\"e120-21\" data-x-toggle-overlay=\"1\" aria-controls=\"e120-21-modal\" aria-expanded=\"false\" aria-haspopup=\"true\" aria-label=\"Toggle Modal Content\"><div class=\"x-anchor-content\">\n<span class=\"x-graphic\" aria-hidden=\"true\">\n\n  \n<i class=\"x-icon x-graphic-child x-graphic-icon x-graphic-primary\" aria-hidden=\"true\" data-x-single-anim=\"x-scale-down\" data-x-icon-s=\"&#xf480;\"><\/i>\n\n<\/span>\n<\/div><\/a><\/div>\n\n<div class=\"e120-22 x-column x-sm x-1-3\" data-fade=\"1\" data-x-element=\"column\" data-x-params=\"{&quot;fade&quot;:true}\" style=\"opacity: 0; transform: translate(0, 100px); transition-duration: 1.5s;\">\n    \n<div class=\"e120-23 x-text x-acc-item button x-text-headline\">\n  <div class=\"x-text-content\"><div class=\"x-text-content-text\"><h1 class=\"x-text-content-text-primary\"><p style=\"text-align: center;\"><strong>SUBVENCIONES<\/strong><\/p><\/h1><\/div><\/div><\/div>\n<a class=\"e120-24 x-anchor x-anchor-toggle has-graphic\" tabindex=\"0\" data-x-toggle=\"1\" data-x-toggleable=\"e120-24\" data-x-toggle-overlay=\"1\" aria-controls=\"e120-24-modal\" aria-expanded=\"false\" aria-haspopup=\"true\" aria-label=\"Toggle Modal Content\"><div class=\"x-anchor-content\">\n<span class=\"x-graphic\" aria-hidden=\"true\">\n\n  \n<i class=\"x-icon x-graphic-child x-graphic-icon x-graphic-primary\" aria-hidden=\"true\" data-x-single-anim=\"x-scale-up\" data-x-icon-s=\"&#xf0d6;\"><\/i>\n\n<\/span>\n<\/div><\/a><\/div>\n\n<div class=\"e120-25 x-column x-sm x-1-3\" data-fade=\"1\" data-x-element=\"column\" data-x-params=\"{&quot;fade&quot;:true}\" style=\"opacity: 0; transform: translate(50px, 0); transition-duration: 1.5s;\">\n    \n<div class=\"e120-26 x-text x-acc-item button x-text-headline\">\n  <div class=\"x-text-content\"><div class=\"x-text-content-text\"><h1 class=\"x-text-content-text-primary\"><p style=\"text-align: center;\"><strong>ASESORAMIENTO<\/strong><\/p><\/h1><\/div><\/div><\/div>\n<a class=\"e120-27 x-anchor x-anchor-toggle has-graphic\" tabindex=\"0\" data-x-toggle=\"1\" data-x-toggleable=\"e120-27\" data-x-toggle-overlay=\"1\" aria-controls=\"e120-27-modal\" aria-expanded=\"false\" aria-haspopup=\"true\" aria-label=\"Toggle Modal Content\"><div class=\"x-anchor-content\">\n<span class=\"x-graphic\" aria-hidden=\"true\">\n\n  \n<i class=\"x-icon x-graphic-child x-graphic-icon x-graphic-primary\" aria-hidden=\"true\" data-x-single-anim=\"x-scale-down\" data-x-icon-s=\"&#xf4ce;\"><\/i>\n\n<\/span>\n<\/div><\/a><\/div>\n<\/div>\n    <\/div>\n\n<div class=\"e120-28 x-section\">\n      \n<div class=\"e120-29 x-container\">\n  \n  <div class=\"x-bg\" aria-hidden=\"true\" style=\"border-radius: 2em 2em 3.8em 3.8em;\">\n    <div class=\"x-bg-layer-lower-image\" style=\" background-image: url(http:\/\/localhost\/webs06\/bluepreven\/wp-content\/uploads\/2019\/05\/089-Premium-White.png); background-repeat: no-repeat; background-position: center; background-size: cover;\"><\/div>      <\/div>\n  \n<div class=\"e120-30 x-column x-sm x-1-1\" data-fade=\"1\" data-x-element=\"column\" data-x-params=\"{&quot;fade&quot;:true}\" style=\"opacity: 0; transform: translate(125px, 0); transition-duration: 2s;\">\n    \n<div class=\"e120-31 x-tabs\" data-x-element=\"tabs\">\n\n  <div class=\"x-tabs-list\">\n    <ul role=\"tablist\">\n\n\n      \n        \n        <li role=\"presentation\">\n          <button id=\"tab-120-e120-32\" class=\"e120-e120-32 x-active \" role=\"tab\" aria-selected=\"true\" aria-controls=\"panel-120-e120-32\" data-x-toggle=\"tab\" data-x-toggleable=\"tab-item-120-e120-32\" data-x-toggle-group=\"tab-group-e120-31\">\n            <span>A-<\/span>\n          <\/button>\n        <\/li>\n\n      \n        \n        <li role=\"presentation\">\n          <button id=\"tab-120-e120-33\" class=\"e120-e120-33 \" role=\"tab\" aria-selected=\"false\" aria-controls=\"panel-120-e120-33\" data-x-toggle=\"tab\" data-x-toggleable=\"tab-item-120-e120-33\" data-x-toggle-group=\"tab-group-e120-31\">\n            <span>-GES-<\/span>\n          <\/button>\n        <\/li>\n\n      \n        \n        <li role=\"presentation\">\n          <button id=\"tab-120-e120-34\" class=\"e120-e120-34 \" role=\"tab\" aria-selected=\"false\" aria-controls=\"panel-120-e120-34\" data-x-toggle=\"tab\" data-x-toggleable=\"tab-item-120-e120-34\" data-x-toggle-group=\"tab-group-e120-31\">\n            <span>-MED<\/span>\n          <\/button>\n        <\/li>\n\n      \n    <\/ul>\n  <\/div>\n\n  <div class=\"x-tabs-panels\">\n\n    \n      \n      <div class=\"e120-e120-32 x-tabs-panel  x-active \" role=\"tabpanel\" aria-labelledby=\"tab-120-e120-32\" aria-hidden=\"false\" data-x-toggleable=\"tab-item-120-e120-32\" id=\"panel-120-e120-32\">\n        <p style=\"text-align: center;\"><strong>ASESORAMIENTO<\/strong><\/p>\n<p style=\"text-align: center;\"><img loading=\"lazy\" decoding=\"async\" src=\"https:\/\/bluepreven.es\/agesmed\/wp-content\/uploads\/2019\/05\/estris03-1024x314.jpg\" alt=\"\" width=\"1024\" height=\"314\" class=\"circle_image02 border-radius-ages45 border-radius-img alignnone wp-image-50 size-full\" srcset=\"https:\/\/bluepreven.es\/agesmed\/wp-content\/uploads\/2019\/05\/estris03-1024x314.jpg 1024w, https:\/\/bluepreven.es\/agesmed\/wp-content\/uploads\/2019\/05\/estris03-1024x314-600x184.jpg 600w, https:\/\/bluepreven.es\/agesmed\/wp-content\/uploads\/2019\/05\/estris03-1024x314-300x92.jpg 300w, https:\/\/bluepreven.es\/agesmed\/wp-content\/uploads\/2019\/05\/estris03-1024x314-768x236.jpg 768w\" sizes=\"auto, (max-width: 1024px) 100vw, 1024px\" \/><\/p>\n\n<div style=\"padding: 10px 50px 10px 50px; line-height: 1.4; text-align: justify;\">\n<p>Le asesoramos acerca de las Obligaciones Legales de su Empresa, en funci\u00f3n de su actividad y plantilla, para que pueda asumir con medios propios el cumplimiento formal de la PRL, o en la elecci\u00f3n del\u00a0 Servicio de Prevenci\u00f3n Ajeno, en funci\u00f3n del sector, dispersi\u00f3n de centros de trabajo, etc.<\/p>\n\n<\/div>      <\/div>\n\n    \n      \n      <div class=\"e120-e120-33 x-tabs-panel  \" role=\"tabpanel\" aria-labelledby=\"tab-120-e120-33\" aria-hidden=\"true\" data-x-toggleable=\"tab-item-120-e120-33\" id=\"panel-120-e120-33\">\n        <p style=\"text-align: center;\"><strong>GESTI\u00d3N<\/strong><\/p>\n<p style=\"text-align: center;\"><img loading=\"lazy\" decoding=\"async\" src=\"https:\/\/bluepreven.es\/agesmed\/wp-content\/uploads\/2019\/05\/estris01-1024x314.jpg\" alt=\"\" width=\"1024\" height=\"314\" class=\"circle_image02 border-radius-ages45 border-radius-img alignnone wp-image-51 size-full\" srcset=\"https:\/\/bluepreven.es\/agesmed\/wp-content\/uploads\/2019\/05\/estris01-1024x314.jpg 1024w, https:\/\/bluepreven.es\/agesmed\/wp-content\/uploads\/2019\/05\/estris01-1024x314-600x184.jpg 600w, https:\/\/bluepreven.es\/agesmed\/wp-content\/uploads\/2019\/05\/estris01-1024x314-300x92.jpg 300w, https:\/\/bluepreven.es\/agesmed\/wp-content\/uploads\/2019\/05\/estris01-1024x314-768x236.jpg 768w\" sizes=\"auto, (max-width: 1024px) 100vw, 1024px\" \/><\/p>\n\n<div style=\"padding: 10px 50px 10px 50px; line-height: 1.4; text-align: justify;\">\n<p>Asesoramiento\u00a0 personalizado para la \u00d3ptima Gesti\u00f3n de sus Recursos,\u00a0 ya sea con medios propios o externos (Outsourcing), que le permitir\u00e1 destinar un mayor potencial productivo hacia los procesos\u00a0 que constituyen realmente el n\u00facleo de su Actividad Empresarial.<\/p>\n\n<\/div>      <\/div>\n\n    \n      \n      <div class=\"e120-e120-34 x-tabs-panel  \" role=\"tabpanel\" aria-labelledby=\"tab-120-e120-34\" aria-hidden=\"true\" data-x-toggleable=\"tab-item-120-e120-34\" id=\"panel-120-e120-34\">\n        <p style=\"text-align: center;\"><strong>MEDIACI\u00d3N<\/strong><\/p>\n<p><img loading=\"lazy\" decoding=\"async\" src=\"https:\/\/bluepreven.es\/agesmed\/wp-content\/uploads\/2019\/05\/cened04-1024x314.jpg\" alt=\"\" width=\"1024\" height=\"314\" class=\"circle_image02 border-radius-ages45 border-radius-img alignnone wp-image-52 size-full\" srcset=\"https:\/\/bluepreven.es\/agesmed\/wp-content\/uploads\/2019\/05\/cened04-1024x314.jpg 1024w, https:\/\/bluepreven.es\/agesmed\/wp-content\/uploads\/2019\/05\/cened04-1024x314-600x184.jpg 600w, https:\/\/bluepreven.es\/agesmed\/wp-content\/uploads\/2019\/05\/cened04-1024x314-300x92.jpg 300w, https:\/\/bluepreven.es\/agesmed\/wp-content\/uploads\/2019\/05\/cened04-1024x314-768x236.jpg 768w\" sizes=\"auto, (max-width: 1024px) 100vw, 1024px\" \/><\/p>\n\n<div style=\"padding: 24px 50px 20px 50px; line-height: 1.4; text-align: center;\">\n<p>Asesoramiento Jur\u00eddico, Alegaciones, Recursos, Sanciones Administrativas, etc.<\/p>\n\n<\/div>      <\/div>\n\n    \n  <\/div>\n\n<\/div>\n<\/div>\n<\/div>\n    <\/div>\n\n<div class=\"e120-35 x-section\">\n      \n<div class=\"e120-36 x-container RowA\">\n  \n  <div class=\"x-bg\" aria-hidden=\"true\">\n    <div class=\"x-bg-layer-lower-image\" style=\" background-image: url(http:\/\/localhost\/webs06\/bluepreven\/wp-content\/uploads\/2019\/05\/banda_gris.png); background-repeat: no-repeat; background-position: center; background-size: cover;\"><\/div>      <\/div>\n  \n<div class=\"e120-37 x-column x-sm x-1-3 Column\" data-fade=\"1\" data-x-element=\"column\" data-x-params=\"{&quot;fade&quot;:true}\" style=\"opacity: 0; transform: translate(-50px, 0); transition-duration: 0.5s;\">\n    \n<div class=\"e120-38 x-acc\" role=\"tablist\" id=\"x-acc-e120-38\">\n  \n<div class=\"e120-39 x-acc-item\">\n  <button id=\"tab-e120-39\" class=\"x-acc-header\" role=\"tab\" type=\"button\" aria-selected=\"false\" aria-expanded=\"false\" aria-controls=\"panel-e120-39\" data-x-toggle=\"collapse\" data-x-toggleable=\"e120-39\">\n    <span class=\"x-acc-header-content\">\n      <span class=\"x-acc-header-indicator\">&#x25b8;<\/span>      <span class=\"x-acc-header-text\"><p style=\"text-align: center;\"><strong>NORMATIVA<\/strong><\/p><\/span>\n    <\/span>\n  <\/button>\n  <div id=\"panel-e120-39\" role=\"tabpanel\" aria-hidden=\"true\" aria-labelledby=\"tab-e120-39\" data-x-toggleable=\"e120-39\" data-x-toggle-collapse=\"1\" class=\"x-collapsed\">\n    <div class=\"x-acc-content\">\n      <h6 style=\"text-align: center;\"><a title=\"RELACI\u00d3N DE NORMAS DESTACADAS Y ORGANISMOS EMISORES, ENLACES A DIRECTORIOS, ETC.\" href=\"organismos\">FUENTES<\/a><\/h6>\n<h6 style=\"text-align: center;\"><a title=\"DIRECTIVA EUROPEA, LEY DE P.R.L., REGLAMENTO DE LOS SP, ETC.\" href=\"marco-legal\">MARCO LEGAL<\/a><\/h6>\n<h6 style=\"text-align: center;\"><a title=\"ALGUNOS EJEMPLOS DE NORMATIVA SECTORIAL\" href=\"sectores\">SECTORES<\/a><\/h6>\n<p style=\"text-align: center;\"><\/p>    <\/div>\n  <\/div>\n<\/div>\n<\/div>\n<\/div>\n\n<div class=\"e120-40 x-column x-sm x-1-3 Column\" data-fade=\"1\" data-x-element=\"column\" data-x-params=\"{&quot;fade&quot;:true}\" style=\"opacity: 0; transform: translate(0, 50px); transition-duration: 0.5s;\">\n    \n<div class=\"e120-41 x-acc\" role=\"tablist\" id=\"x-acc-e120-41\">\n  \n<div class=\"e120-42 x-acc-item\">\n  <button id=\"tab-e120-42\" class=\"x-acc-header\" role=\"tab\" type=\"button\" aria-selected=\"false\" aria-expanded=\"false\" aria-controls=\"panel-e120-42\" data-x-toggle=\"collapse\" data-x-toggleable=\"e120-42\">\n    <span class=\"x-acc-header-content\">\n      <span class=\"x-acc-header-indicator\">&#x25b8;<\/span>      <span class=\"x-acc-header-text\"><p style=\"text-align: center;\"><strong>PREVENCI\u00d3N<\/strong><\/p><\/span>\n    <\/span>\n  <\/button>\n  <div id=\"panel-e120-42\" role=\"tabpanel\" aria-hidden=\"true\" aria-labelledby=\"tab-e120-42\" data-x-toggleable=\"e120-42\" data-x-toggle-collapse=\"1\" class=\"x-collapsed\">\n    <div class=\"x-acc-content\">\n      <h6 style=\"text-align: center;\"><a title=\"CURSOS DE PREVENCI\u00d3N, DESARROLLO PROFESIONAL, IDIOMAS, INFORM\u00c1TICA, WEBMASTER, PROGRAMACI\u00d3N, ETC.\" href=\"formacion\">FORMACI\u00d3N<\/a><\/h6>\n<h6 style=\"text-align: center;\"><a title=\"PROTECCIONES COLECTIVAS E INDIVIDUALES, ACCESORIOS Y REPUESTOS, VESTUARIO LABORAL, ETC.\" href=\"productos\">PRODUCTOS<\/a><\/h6>\n<h6 style=\"text-align: center;\"><a title=\"LE ASESORAMOS ACERCA DE LAS OBLIGACIONES PREVISTAS POR LA NORMATIVA P.R.L.\" href=\"servicios\">SERVICIOS<\/a><\/h6>\n<p style=\"text-align: center;\"><\/p>    <\/div>\n  <\/div>\n<\/div>\n<\/div>\n<\/div>\n\n<div class=\"e120-43 x-column x-sm x-1-3 Column\" data-fade=\"1\" data-x-element=\"column\" data-x-params=\"{&quot;fade&quot;:true}\" style=\"opacity: 0; transform: translate(50px, 0); transition-duration: 0.5s;\">\n    \n<div class=\"e120-44 x-acc\" role=\"tablist\" id=\"x-acc-e120-44\">\n  \n<div class=\"e120-45 x-acc-item\">\n  <button id=\"tab-e120-45\" class=\"x-acc-header\" role=\"tab\" type=\"button\" aria-selected=\"false\" aria-expanded=\"false\" aria-controls=\"panel-e120-45\" data-x-toggle=\"collapse\" data-x-toggleable=\"e120-45\">\n    <span class=\"x-acc-header-content\">\n      <span class=\"x-acc-header-indicator\">&#x25b8;<\/span>      <span class=\"x-acc-header-text\"><p style=\"text-align: center;\"><strong>AGESMED<\/strong><\/p><\/span>\n    <\/span>\n  <\/button>\n  <div id=\"panel-e120-45\" role=\"tabpanel\" aria-hidden=\"true\" aria-labelledby=\"tab-e120-45\" data-x-toggleable=\"e120-45\" data-x-toggle-collapse=\"1\" class=\"x-collapsed\">\n    <div class=\"x-acc-content\">\n      <h6 style=\"text-align: center;\"><a title=\"LE INFORMAMOS Y ASESORAMOS ACERCA DE LA L.P.R.L.\" href=\"info\">ASESORAMIENTO<\/a><\/h6>\n<h6 style=\"text-align: center;\"><a title=\"CONTROLE EL GRADO DE CUMPLIMIENTO NORMATIVO EN SU EMPRESA (SPA, SPP, ETC.)\" href=\"laboral\">GESTI\u00d3N<\/a><\/h6>\n<h6 style=\"text-align: center;\"><a title=\"RECURSOS Y SANCIONES\" href=\"agesmed\">MEDIACI\u00d3N<\/a><\/h6>    <\/div>\n  <\/div>\n<\/div>\n<\/div>\n<\/div>\n<\/div>\n    <\/div>\n<\/div>\n\n<div class=\"twitter-share\"><a href=\"https:\/\/twitter.com\/intent\/tweet?via=bluepreven\" class=\"twitter-share-button\" data-size=\"large\">Twittear<\/a><\/div>\n","protected":false},"excerpt":{"rendered":"<p>&nbsp; AGESMEDOutsourcing y Externalizaci\u00f3n &nbsp; NORMAS ISO AGESMED OUTSOURCING? COLABORACIONES SUBVENCIONES ASESORAMIENTO A- -GES- -MED ASESORAMIENTO Le asesoramos acerca de las Obligaciones Legales de su Empresa, en funci\u00f3n de su actividad y plantilla, para que pueda asumir con medios propios el cumplimiento formal de la PRL, o en la elecci\u00f3n del\u00a0 Servicio de Prevenci\u00f3n Ajeno, [&hellip;]<\/p>\n","protected":false},"author":1,"featured_media":0,"parent":0,"menu_order":0,"comment_status":"closed","ping_status":"closed","template":"","meta":{"_joinchat":[],"footnotes":""},"class_list":["post-120","page","type-page","status-publish","hentry"],"amp_enabled":true,"_links":{"self":[{"href":"https:\/\/bluepreven.es\/agesmed\/wp-json\/wp\/v2\/pages\/120","targetHints":{"allow":["GET"]}}],"collection":[{"href":"https:\/\/bluepreven.es\/agesmed\/wp-json\/wp\/v2\/pages"}],"about":[{"href":"https:\/\/bluepreven.es\/agesmed\/wp-json\/wp\/v2\/types\/page"}],"author":[{"embeddable":true,"href":"https:\/\/bluepreven.es\/agesmed\/wp-json\/wp\/v2\/users\/1"}],"replies":[{"embeddable":true,"href":"https:\/\/bluepreven.es\/agesmed\/wp-json\/wp\/v2\/comments?post=120"}],"version-history":[{"count":8,"href":"https:\/\/bluepreven.es\/agesmed\/wp-json\/wp\/v2\/pages\/120\/revisions"}],"predecessor-version":[{"id":2408,"href":"https:\/\/bluepreven.es\/agesmed\/wp-json\/wp\/v2\/pages\/120\/revisions\/2408"}],"wp:attachment":[{"href":"https:\/\/bluepreven.es\/agesmed\/wp-json\/wp\/v2\/media?parent=120"}],"curies":[{"name":"wp","href":"https:\/\/api.w.org\/{rel}","templated":true}]}}